{"id":17520,"date":"2023-09-14T15:54:09","date_gmt":"2023-09-14T15:54:09","guid":{"rendered":"https:\/\/kapayou.ch\/?product=wahlwied-jacke-kastanien"},"modified":"2023-09-16T12:31:34","modified_gmt":"2023-09-16T12:31:34","slug":"wahlwied-jacke-kastanien","status":"publish","type":"product","link":"https:\/\/kapayou.ch\/?product=wahlwied-jacke-kastanien","title":{"rendered":"WAHLWIED JACKE  Kastanien"},"content":{"rendered":"<p>lange \u00c4rmel, mit Manschette, aus einem elastischen Stoff hergestellt, Qualit\u00e4tsstoff, interessante Verbindung von Stoffen und Mustern, in Tiere-Optik gemusterter Stoff, Rei\u00dfverschluss schr\u00e4g eingen\u00e4ht, ethnische Muster, weit geschnitten, Oversize-Bluse, Strickb\u00fcndchen<\/p>\n<table border=\"0\" cellspacing=\"0\" cols=\"3\" frame=\"VOID\" rules=\"NONE\">\n<colgroup>\n<col width=\"271\" \/>\n<col width=\"67\" \/>\n<col width=\"67\" \/>\n\t<\/colgroup>\n<tbody>\n<tr>\n<td align=\"LEFT\" bgcolor=\"#FFFFFF\" height=\"21\" style=\"border-top: 1px solid #000000; border-bottom: 1px solid #000000; border-left: 1px solid #000000; border-right: 1px solid #000000\" width=\"271\">\n\t\t\t\t<b><font face=\"Times New Roman\" size=\"3\">Wymiary <\/font><\/b><\/td>\n<td align=\"LEFT\" bgcolor=\"#FFFFFF\" style=\"border-top: 1px solid #000000; border-bottom: 1px solid #000000; border-left: 1px solid #000000; border-right: 1px solid #000000\" width=\"67\">\n\t\t\t\t<b><font face=\"Times New Roman\" size=\"3\">S\/M<\/font><\/b><\/td>\n<td align=\"LEFT\" style=\"border-top: 1px solid #000000; border-bottom: 1px solid #000000; border-left: 1px solid #000000; border-right: 1px solid #000000\" width=\"67\">\n\t\t\t\t<b><font size=\"3\">M\/L<\/font><\/b><\/td>\n<\/tr>\n<tr>\n<td align=\"LEFT\" bgcolor=\"#FFFFFF\" height=\"21\" style=\"border-top: 1px solid #000000; border-bottom: 1px solid #000000; border-left: 1px solid #000000; border-right: 1px solid #000000\">\n\t\t\t\t<b><font face=\"Times New Roman\" size=\"3\">1. Szeroko\u015b\u0107 w biu\u015bcie<\/font><\/b><\/td>\n<td align=\"RIGHT\" bgcolor=\"#FFFFFF\" style=\"border-top: 1px solid #000000; border-bottom: 1px solid #000000; border-left: 1px solid #000000; border-right: 1px solid #000000\">\n\t\t\t\t<b><font face=\"Times New Roman\" size=\"3\">50<\/font><\/b><\/td>\n<td align=\"RIGHT\" style=\"border-top: 1px solid #000000; border-bottom: 1px solid #000000; border-left: 1px solid #000000; border-right: 1px solid #000000\">\n\t\t\t\t<b><font size=\"3\">53<\/font><\/b><\/td>\n<\/tr>\n<tr>\n<td align=\"LEFT\" bgcolor=\"#FFFFFF\" height=\"21\" style=\"border-top: 1px solid #000000; border-bottom: 1px solid #000000; border-left: 1px solid #000000; border-right: 1px solid #000000\">\n\t\t\t\t<b><font face=\"Times New Roman\" size=\"3\">2. D\u0142ugo\u015b\u0107 ca\u0142kowita<\/font><\/b><\/td>\n<td align=\"RIGHT\" bgcolor=\"#FFFFFF\" style=\"border-top: 1px solid #000000; border-bottom: 1px solid #000000; border-left: 1px solid #000000; border-right: 1px solid #000000\">\n\t\t\t\t<b><font face=\"Times New Roman\" size=\"3\">61<\/font><\/b><\/td>\n<td align=\"RIGHT\" style=\"border-top: 1px solid #000000; border-bottom: 1px solid #000000; border-left: 1px solid #000000; border-right: 1px solid #000000\">\n\t\t\t\t<b><font size=\"3\">63<\/font><\/b><\/td>\n<\/tr>\n<tr>\n<td align=\"LEFT\" bgcolor=\"#FFFFFF\" height=\"21\" style=\"border-top: 1px solid #000000; border-bottom: 1px solid #000000; border-left: 1px solid #000000; border-right: 1px solid #000000\">\n\t\t\t\t<b><font face=\"Times New Roman\" size=\"3\">3. D\u0142ugo\u015b\u0107 r\u0119kawa od pachy<\/font><\/b><\/td>\n<td align=\"RIGHT\" bgcolor=\"#FFFFFF\" style=\"border-top: 1px solid #000000; border-bottom: 1px solid #000000; border-left: 1px solid #000000; border-right: 1px solid #000000\">\n\t\t\t\t<b><font face=\"Times New Roman\" size=\"3\">52<\/font><\/b><\/td>\n<td align=\"RIGHT\" style=\"border-top: 1px solid #000000; border-bottom: 1px solid #000000; border-left: 1px solid #000000; border-right: 1px solid #000000\">\n\t\t\t\t<b><font size=\"3\">51<\/font><\/b><\/td>\n<\/tr>\n<tr>\n<td align=\"LEFT\" bgcolor=\"#FFFFFF\" height=\"21\" style=\"border-top: 1px solid #000000; border-bottom: 1px solid #000000; border-left: 1px solid #000000; border-right: 1px solid #000000\">\n\t\t\t\t<b><font face=\"Times New Roman\" size=\"3\">4. D\u0142ugo\u015b\u0107 r\u0119kawa od ramienia<\/font><\/b><\/td>\n<td align=\"RIGHT\" bgcolor=\"#FFFFFF\" style=\"border-top: 1px solid #000000; border-bottom: 1px solid #000000; border-left: 1px solid #000000; border-right: 1px solid #000000\">\n\t\t\t\t<b><font face=\"Times New Roman\" size=\"3\">68<\/font><\/b><\/td>\n<td align=\"RIGHT\" style=\"border-top: 1px solid #000000; border-bottom: 1px solid #000000; border-left: 1px solid #000000; border-right: 1px solid #000000\">\n\t\t\t\t<b><font size=\"3\">69<\/font><\/b><\/td>\n<\/tr>\n<\/tbody>\n<\/table>\n<p>\n\t&nbsp;<\/p>\n<p><\/p>\n","protected":false},"excerpt":{"rendered":"<p>lange \u00c4rmel, mit Manschette, aus einem elastischen Stoff hergestellt, Qualit\u00e4tsstoff, interessante Verbindung von Stoffen und Mustern, in Tiere-Optik gemusterter Stoff, Rei\u00dfverschluss schr\u00e4g eingen\u00e4ht, ethnische Muster, weit geschnitten, Oversize-Bluse, Strickb\u00fcndchen<\/p>\n<p>\t\t\t\tWymiary <\/p>\n<p>\t\t\t\tS\/M<\/p>\n<p>\t\t\t\tM\/L<\/p>\n<p>\t\t\t\t1. Szeroko\u015b\u0107 w biu\u015bcie<\/p>\n<p>\t\t\t\t50<\/p>\n<p>\t\t\t\t53<\/p>\n<p>\t\t\t\t2. D\u0142ugo\u015b\u0107 ca\u0142kowita<\/p>\n<p>\t\t\t\t61<\/p>\n<p>\t\t\t\t63<\/p>\n<p>\t\t\t\t3. D\u0142ugo\u015b\u0107 r\u0119kawa od pachy<\/p>\n<p>\t\t\t\t52<\/p>\n<p>\t\t\t\t51<\/p>\n<p>\t\t\t\t4. D\u0142ugo\u015b\u0107 r\u0119kawa od ramienia<\/p>\n<p>\t\t\t\t68<\/p>\n<p>\t\t\t\t69<\/p>\n<p>\t&nbsp;<\/p>\n","protected":false},"featured_media":8359,"comment_status":"closed","ping_status":"closed","template":"","meta":{"site-sidebar-layout":"default","site-content-layout":"","ast-site-content-layout":"default","site-content-style":"default","site-sidebar-style":"default","ast-global-header-display":"","ast-banner-title-visibility":"","ast-main-header-display":"","ast-hfb-above-header-display":"","ast-hfb-below-header-display":"","ast-hfb-mobile-header-display":"","site-post-title":"","ast-breadcrumbs-content":"","ast-featured-img":"","footer-sml-layout":"","ast-disable-related-posts":"","theme-transparent-header-meta":"","adv-header-id-meta":"","stick-header-meta":"","header-above-stick-meta":"","header-main-stick-meta":"","header-below-stick-meta":"","astra-migrate-meta-layouts":"default","ast-page-background-enabled":"default","ast-page-background-meta":{"desktop":{"background-color":"var(--ast-global-color-4)","background-image":"","background-repeat":"repeat","background-position":"center center","background-size":"auto","background-attachment":"scroll","background-type":"","background-media":"","overlay-type":"","overlay-color":"","overlay-opacity":"","overlay-gradient":""},"tablet":{"background-color":"","background-image":"","background-repeat":"repeat","background-position":"center center","background-size":"auto","background-attachment":"scroll","background-type":"","background-media":"","overlay-type":"","overlay-color":"","overlay-opacity":"","overlay-gradient":""},"mobile":{"background-color":"","background-image":"","background-repeat":"repeat","background-position":"center center","background-size":"auto","background-attachment":"scroll","background-type":"","background-media":"","overlay-type":"","overlay-color":"","overlay-opacity":"","overlay-gradient":""}},"ast-content-background-meta":{"desktop":{"background-color":"var(--ast-global-color-5)","background-image":"","background-repeat":"repeat","background-position":"center center","background-size":"auto","background-attachment":"scroll","background-type":"","background-media":"","overlay-type":"","overlay-color":"","overlay-opacity":"","overlay-gradient":""},"tablet":{"background-color":"var(--ast-global-color-5)","background-image":"","background-repeat":"repeat","background-position":"center center","background-size":"auto","background-attachment":"scroll","background-type":"","background-media":"","overlay-type":"","overlay-color":"","overlay-opacity":"","overlay-gradient":""},"mobile":{"background-color":"var(--ast-global-color-5)","background-image":"","background-repeat":"repeat","background-position":"center center","background-size":"auto","background-attachment":"scroll","background-type":"","background-media":"","overlay-type":"","overlay-color":"","overlay-opacity":"","overlay-gradient":""}}},"product_brand":[],"product_cat":[17,289],"product_tag":[],"class_list":{"0":"post-17520","1":"product","2":"type-product","3":"status-publish","4":"has-post-thumbnail","6":"product_cat-frauen","7":"product_cat-pullover-frauen","8":"pa_cloth-95-poliester-5-elastan","9":"pa_color-kastanien","10":"pa_size-m-l","11":"pa_size-s-m","12":"desktop-align-center","13":"tablet-align-left","14":"mobile-align-left","15":"ast-product-gallery-layout-horizontal-slider","16":"ast-product-single-variable","17":"ast-product-tabs-layout-distributed","18":"ast-qv-on-image","20":"first","21":"instock","22":"taxable","23":"shipping-taxable","24":"purchasable","25":"product-type-variable"},"aioseo_notices":[],"_links":{"self":[{"href":"https:\/\/kapayou.ch\/index.php?rest_route=\/wp\/v2\/product\/17520","targetHints":{"allow":["GET"]}}],"collection":[{"href":"https:\/\/kapayou.ch\/index.php?rest_route=\/wp\/v2\/product"}],"about":[{"href":"https:\/\/kapayou.ch\/index.php?rest_route=\/wp\/v2\/types\/product"}],"replies":[{"embeddable":true,"href":"https:\/\/kapayou.ch\/index.php?rest_route=%2Fwp%2Fv2%2Fcomments&post=17520"}],"version-history":[{"count":1,"href":"https:\/\/kapayou.ch\/index.php?rest_route=\/wp\/v2\/product\/17520\/revisions"}],"predecessor-version":[{"id":17884,"href":"https:\/\/kapayou.ch\/index.php?rest_route=\/wp\/v2\/product\/17520\/revisions\/17884"}],"wp:featuredmedia":[{"embeddable":true,"href":"https:\/\/kapayou.ch\/index.php?rest_route=\/wp\/v2\/media\/8359"}],"wp:attachment":[{"href":"https:\/\/kapayou.ch\/index.php?rest_route=%2Fwp%2Fv2%2Fmedia&parent=17520"}],"wp:term":[{"taxonomy":"product_brand","embeddable":true,"href":"https:\/\/kapayou.ch\/index.php?rest_route=%2Fwp%2Fv2%2Fproduct_brand&post=17520"},{"taxonomy":"product_cat","embeddable":true,"href":"https:\/\/kapayou.ch\/index.php?rest_route=%2Fwp%2Fv2%2Fproduct_cat&post=17520"},{"taxonomy":"product_tag","embeddable":true,"href":"https:\/\/kapayou.ch\/index.php?rest_route=%2Fwp%2Fv2%2Fproduct_tag&post=17520"}],"curies":[{"name":"wp","href":"https:\/\/api.w.org\/{rel}","templated":true}]}}