{"id":17493,"date":"2023-09-14T15:54:05","date_gmt":"2023-09-14T15:54:05","guid":{"rendered":"https:\/\/kapayou.ch\/?product=crm-jacket-men-schwarz"},"modified":"2023-09-18T13:32:17","modified_gmt":"2023-09-18T13:32:17","slug":"crm-jacket-men-schwarz","status":"publish","type":"product","link":"https:\/\/kapayou.ch\/?product=crm-jacket-men-schwarz","title":{"rendered":"CRM JACKET MEN  SCHWARZ"},"content":{"rendered":"<p>der Rundhalsausschnitt, lange \u00c4rmel, mit Manschette, aus einem elastischen Stoff hergestellt, Wirkwaren von bester Qualit\u00e4t, Qualit\u00e4tsstoff, Strickb\u00fcndchen in der Taille, ethnische Muster, eng geschnitten, Stehkragen, silberne Muster, moderner und interessanter Aufdruck, Strickb\u00fcndchen am Dekollete und  \u00c4rmel, eng geschnitten, lange \u00c4rmel, besonders gut f\u00fcr k\u00fchle Tage, kariert, Rei\u00dfverschluss vorne, Strickb\u00fcndchen<\/p>\n<table style=\"border-collapse: collapse;\" cellpadding=\"4\">\n<tr>\n<td style=\"width:180px; border: 1px solid #fff;\"><b>MODEL 7911-1<\/b><\/td>\n<td style=\"width:70px; border: 1px solid #fff; text-align: center;\"><b>S<\/b><\/td>\n<td style=\"width:70px; border: 1px solid #fff; text-align: center;\"><b>M<\/b><\/td>\n<td style=\"width:70px; border: 1px solid #fff; text-align: center;\"><b>L<\/b><\/td>\n<td style=\"width:70px; border: 1px solid #fff; text-align: center;\"><b>XL<\/b><\/td>\n<td style=\"width:70px; border: 1px solid #fff; text-align: center;\"><b>XXL<\/b><\/td>\n<\/tr>\n<tr>\n<td style=\"border: 1px solid #fff;\"><b>Breite des Kastens (Unterarm)<\/b><\/td>\n<td style=\"border: 1px solid #fff; text-align: center;\">46<\/td>\n<td style=\"border: 1px solid #fff; text-align: center;\">48<\/td>\n<td style=\"border: 1px solid #fff; text-align: center;\">50<\/td>\n<td style=\"border: 1px solid #fff; text-align: center;\">52<\/td>\n<td style=\"border: 1px solid #fff; text-align: center;\">54<\/td>\n<\/tr>\n<tr>\n<td style=\"border: 1px solid #fff;\"><b>Gesamtl\u00e4nge (von Achselh\u00f6hle)<\/b><\/td>\n<td style=\"border: 1px solid #fff; text-align: center;\">60<\/td>\n<td style=\"border: 1px solid #fff; text-align: center;\">62<\/td>\n<td style=\"border: 1px solid #fff; text-align: center;\">64<\/td>\n<td style=\"border: 1px solid #fff; text-align: center;\">66<\/td>\n<td style=\"border: 1px solid #fff; text-align: center;\">68<\/td>\n<\/tr>\n<tr>\n<td style=\"border: 1px solid #fff;\"><b>Die Breite an der Taille<\/b><\/td>\n<td style=\"border: 1px solid #fff; text-align: center;\">42<\/td>\n<td style=\"border: 1px solid #fff; text-align: center;\">44<\/td>\n<td style=\"border: 1px solid #fff; text-align: center;\">46<\/td>\n<td style=\"border: 1px solid #fff; text-align: center;\">49<\/td>\n<td style=\"border: 1px solid #fff; text-align: center;\">51<\/td>\n<\/tr>\n<tr>\n<td style=\"border: 1px solid #fff;\"><b>H\u00fclsenl\u00e4nge (au\u00dfen)<\/b><\/td>\n<td style=\"border: 1px solid #fff; text-align: center;\">60<\/td>\n<td style=\"border: 1px solid #fff; text-align: center;\">62<\/td>\n<td style=\"border: 1px solid #fff; text-align: center;\">64<\/td>\n<td style=\"border: 1px solid #fff; text-align: center;\">66<\/td>\n<td style=\"border: 1px solid #fff; text-align: center;\">68<\/td>\n<\/tr>\n<\/table>\n<p><\/p>\n","protected":false},"excerpt":{"rendered":"<p>der Rundhalsausschnitt, lange \u00c4rmel, mit Manschette, aus einem elastischen Stoff hergestellt, Wirkwaren von bester Qualit\u00e4t, Qualit\u00e4tsstoff, Strickb\u00fcndchen in der Taille, ethnische Muster, eng geschnitten, Stehkragen, silberne Muster, moderner und interessanter Aufdruck, Strickb\u00fcndchen am Dekollete und  \u00c4rmel, eng geschnitten, lange \u00c4rmel, besonders gut f\u00fcr k\u00fchle Tage, kariert, Rei\u00dfverschluss vorne, Strickb\u00fcndchen<\/p>\n<p>                    MODEL 7911-1SMLXLXXL<br \/>\n                            Breite des Kastens (Unterarm)4648505254<br \/>\n                            Gesamtl\u00e4nge (von Achselh\u00f6hle)6062646668<br \/>\n                            Die Breite an der Taille4244464951<br \/>\n                            H\u00fclsenl\u00e4nge (au\u00dfen)6062646668<\/p>\n","protected":false},"featured_media":8322,"comment_status":"closed","ping_status":"closed","template":"","meta":{"site-sidebar-layout":"default","site-content-layout":"","ast-site-content-layout":"default","site-content-style":"default","site-sidebar-style":"default","ast-global-header-display":"","ast-banner-title-visibility":"","ast-main-header-display":"","ast-hfb-above-header-display":"","ast-hfb-below-header-display":"","ast-hfb-mobile-header-display":"","site-post-title":"","ast-breadcrumbs-content":"","ast-featured-img":"","footer-sml-layout":"","ast-disable-related-posts":"","theme-transparent-header-meta":"","adv-header-id-meta":"","stick-header-meta":"","header-above-stick-meta":"","header-main-stick-meta":"","header-below-stick-meta":"","astra-migrate-meta-layouts":"default","ast-page-background-enabled":"default","ast-page-background-meta":{"desktop":{"background-color":"var(--ast-global-color-4)","background-image":"","background-repeat":"repeat","background-position":"center center","background-size":"auto","background-attachment":"scroll","background-type":"","background-media":"","overlay-type":"","overlay-color":"","overlay-opacity":"","overlay-gradient":""},"tablet":{"background-color":"","background-image":"","background-repeat":"repeat","background-position":"center center","background-size":"auto","background-attachment":"scroll","background-type":"","background-media":"","overlay-type":"","overlay-color":"","overlay-opacity":"","overlay-gradient":""},"mobile":{"background-color":"","background-image":"","background-repeat":"repeat","background-position":"center center","background-size":"auto","background-attachment":"scroll","background-type":"","background-media":"","overlay-type":"","overlay-color":"","overlay-opacity":"","overlay-gradient":""}},"ast-content-background-meta":{"desktop":{"background-color":"var(--ast-global-color-5)","background-image":"","background-repeat":"repeat","background-position":"center center","background-size":"auto","background-attachment":"scroll","background-type":"","background-media":"","overlay-type":"","overlay-color":"","overlay-opacity":"","overlay-gradient":""},"tablet":{"background-color":"var(--ast-global-color-5)","background-image":"","background-repeat":"repeat","background-position":"center center","background-size":"auto","background-attachment":"scroll","background-type":"","background-media":"","overlay-type":"","overlay-color":"","overlay-opacity":"","overlay-gradient":""},"mobile":{"background-color":"var(--ast-global-color-5)","background-image":"","background-repeat":"repeat","background-position":"center center","background-size":"auto","background-attachment":"scroll","background-type":"","background-media":"","overlay-type":"","overlay-color":"","overlay-opacity":"","overlay-gradient":""}}},"product_brand":[],"product_cat":[38,251],"product_tag":[],"class_list":{"0":"post-17493","1":"product","2":"type-product","3":"status-publish","4":"has-post-thumbnail","6":"product_cat-manner","7":"product_cat-sweaters-manner","8":"pa_cloth-60-bawelna-35-bawelna-5-elastan","9":"pa_color-schwarz","10":"pa_size-l","11":"pa_size-m","12":"pa_size-s","13":"pa_size-xl","14":"desktop-align-center","15":"tablet-align-left","16":"mobile-align-left","17":"ast-product-gallery-layout-horizontal-slider","18":"ast-product-single-variable","19":"ast-product-tabs-layout-distributed","20":"ast-qv-on-image","22":"first","23":"instock","24":"taxable","25":"shipping-taxable","26":"purchasable","27":"product-type-variable"},"aioseo_notices":[],"_links":{"self":[{"href":"https:\/\/kapayou.ch\/index.php?rest_route=\/wp\/v2\/product\/17493","targetHints":{"allow":["GET"]}}],"collection":[{"href":"https:\/\/kapayou.ch\/index.php?rest_route=\/wp\/v2\/product"}],"about":[{"href":"https:\/\/kapayou.ch\/index.php?rest_route=\/wp\/v2\/types\/product"}],"replies":[{"embeddable":true,"href":"https:\/\/kapayou.ch\/index.php?rest_route=%2Fwp%2Fv2%2Fcomments&post=17493"}],"version-history":[{"count":1,"href":"https:\/\/kapayou.ch\/index.php?rest_route=\/wp\/v2\/product\/17493\/revisions"}],"predecessor-version":[{"id":17888,"href":"https:\/\/kapayou.ch\/index.php?rest_route=\/wp\/v2\/product\/17493\/revisions\/17888"}],"wp:featuredmedia":[{"embeddable":true,"href":"https:\/\/kapayou.ch\/index.php?rest_route=\/wp\/v2\/media\/8322"}],"wp:attachment":[{"href":"https:\/\/kapayou.ch\/index.php?rest_route=%2Fwp%2Fv2%2Fmedia&parent=17493"}],"wp:term":[{"taxonomy":"product_brand","embeddable":true,"href":"https:\/\/kapayou.ch\/index.php?rest_route=%2Fwp%2Fv2%2Fproduct_brand&post=17493"},{"taxonomy":"product_cat","embeddable":true,"href":"https:\/\/kapayou.ch\/index.php?rest_route=%2Fwp%2Fv2%2Fproduct_cat&post=17493"},{"taxonomy":"product_tag","embeddable":true,"href":"https:\/\/kapayou.ch\/index.php?rest_route=%2Fwp%2Fv2%2Fproduct_tag&post=17493"}],"curies":[{"name":"wp","href":"https:\/\/api.w.org\/{rel}","templated":true}]}}