{"id":17473,"date":"2023-09-14T15:54:00","date_gmt":"2023-09-14T15:54:00","guid":{"rendered":"https:\/\/kapayou.ch\/?product=crm-shirt-fur-manner-grau-meliert"},"modified":"2023-09-16T12:31:35","modified_gmt":"2023-09-16T12:31:35","slug":"crm-shirt-fur-manner-grau-meliert","status":"publish","type":"product","link":"https:\/\/kapayou.ch\/?product=crm-shirt-fur-manner-grau-meliert","title":{"rendered":"CRM Shirt F\u00fcr M\u00e4nner Grau Meliert"},"content":{"rendered":"<p>V-f\u00f6rmiger Ausschnitt, modern verzierter Ausschnitt, lange \u00c4rmel, aus einem elastischen Stoff hergestellt, pastellfarben, Wirkwaren von bester Qualit\u00e4t, Qualit\u00e4tsstoff, betonte Taille, Schmuckrand am Dekollete und an den Schultern, sehr stilvol, eng geschnitten, effektvoller Kragen, knopfverschluss<\/p>\n<table style=\"border-collapse: collapse;\" cellpadding=\"4\">\n<tr>\n<td style=\"width:180px; border: 1px solid #fff;\"><b>MODEL 7922-1<\/b><\/td>\n<td style=\"width:70px; border: 1px solid #fff; text-align: center;\"><b>S<\/b><\/td>\n<td style=\"width:70px; border: 1px solid #fff; text-align: center;\"><b>M<\/b><\/td>\n<td style=\"width:70px; border: 1px solid #fff; text-align: center;\"><b>L<\/b><\/td>\n<td style=\"width:70px; border: 1px solid #fff; text-align: center;\"><b>XL<\/b><\/td>\n<td style=\"width:70px; border: 1px solid #fff; text-align: center;\"><b>XXL<\/b><\/td>\n<\/tr>\n<tr>\n<td style=\"border: 1px solid #fff;\"><b>Breite des Kastens (Unterarm)<\/b><\/td>\n<td style=\"border: 1px solid #fff; text-align: center;\">46<\/td>\n<td style=\"border: 1px solid #fff; text-align: center;\">48<\/td>\n<td style=\"border: 1px solid #fff; text-align: center;\">50<\/td>\n<td style=\"border: 1px solid #fff; text-align: center;\">52<\/td>\n<td style=\"border: 1px solid #fff; text-align: center;\">54<\/td>\n<\/tr>\n<tr>\n<td style=\"border: 1px solid #fff;\"><b>Gesamtl\u00e4nge (von Achselh\u00f6hle)<\/b><\/td>\n<td style=\"border: 1px solid #fff; text-align: center;\">60<\/td>\n<td style=\"border: 1px solid #fff; text-align: center;\">62<\/td>\n<td style=\"border: 1px solid #fff; text-align: center;\">64<\/td>\n<td style=\"border: 1px solid #fff; text-align: center;\">66<\/td>\n<td style=\"border: 1px solid #fff; text-align: center;\">68<\/td>\n<\/tr>\n<tr>\n<td style=\"border: 1px solid #fff;\"><b>Die Breite an der Taille<\/b><\/td>\n<td style=\"border: 1px solid #fff; text-align: center;\">42<\/td>\n<td style=\"border: 1px solid #fff; text-align: center;\">44<\/td>\n<td style=\"border: 1px solid #fff; text-align: center;\">46<\/td>\n<td style=\"border: 1px solid #fff; text-align: center;\">49<\/td>\n<td style=\"border: 1px solid #fff; text-align: center;\">51<\/td>\n<\/tr>\n<tr>\n<td style=\"border: 1px solid #fff;\"><b>H\u00fclsenl\u00e4nge (au\u00dfen)<\/b><\/td>\n<td style=\"border: 1px solid #fff; text-align: center;\">60<\/td>\n<td style=\"border: 1px solid #fff; text-align: center;\">62<\/td>\n<td style=\"border: 1px solid #fff; text-align: center;\">64<\/td>\n<td style=\"border: 1px solid #fff; text-align: center;\">66<\/td>\n<td style=\"border: 1px solid #fff; text-align: center;\">68<\/td>\n<\/tr>\n<\/table>\n<p><\/p>\n","protected":false},"excerpt":{"rendered":"<p>V-f\u00f6rmiger Ausschnitt, modern verzierter Ausschnitt, lange \u00c4rmel, aus einem elastischen Stoff hergestellt, pastellfarben, Wirkwaren von bester Qualit\u00e4t, Qualit\u00e4tsstoff, betonte Taille, Schmuckrand am Dekollete und an den Schultern, sehr stilvol, eng geschnitten, effektvoller Kragen, knopfverschluss<\/p>\n<p>                    MODEL 7922-1SMLXLXXL<br \/>\n                            Breite des Kastens (Unterarm)4648505254<br \/>\n                            Gesamtl\u00e4nge (von Achselh\u00f6hle)6062646668<br \/>\n                            Die Breite an der Taille4244464951<br \/>\n                            H\u00fclsenl\u00e4nge (au\u00dfen)6062646668<\/p>\n","protected":false},"featured_media":8298,"comment_status":"closed","ping_status":"closed","template":"","meta":{"site-sidebar-layout":"default","site-content-layout":"","ast-site-content-layout":"default","site-content-style":"default","site-sidebar-style":"default","ast-global-header-display":"","ast-banner-title-visibility":"","ast-main-header-display":"","ast-hfb-above-header-display":"","ast-hfb-below-header-display":"","ast-hfb-mobile-header-display":"","site-post-title":"","ast-breadcrumbs-content":"","ast-featured-img":"","footer-sml-layout":"","ast-disable-related-posts":"","theme-transparent-header-meta":"","adv-header-id-meta":"","stick-header-meta":"","header-above-stick-meta":"","header-main-stick-meta":"","header-below-stick-meta":"","astra-migrate-meta-layouts":"default","ast-page-background-enabled":"default","ast-page-background-meta":{"desktop":{"background-color":"var(--ast-global-color-4)","background-image":"","background-repeat":"repeat","background-position":"center center","background-size":"auto","background-attachment":"scroll","background-type":"","background-media":"","overlay-type":"","overlay-color":"","overlay-opacity":"","overlay-gradient":""},"tablet":{"background-color":"","background-image":"","background-repeat":"repeat","background-position":"center center","background-size":"auto","background-attachment":"scroll","background-type":"","background-media":"","overlay-type":"","overlay-color":"","overlay-opacity":"","overlay-gradient":""},"mobile":{"background-color":"","background-image":"","background-repeat":"repeat","background-position":"center center","background-size":"auto","background-attachment":"scroll","background-type":"","background-media":"","overlay-type":"","overlay-color":"","overlay-opacity":"","overlay-gradient":""}},"ast-content-background-meta":{"desktop":{"background-color":"var(--ast-global-color-5)","background-image":"","background-repeat":"repeat","background-position":"center center","background-size":"auto","background-attachment":"scroll","background-type":"","background-media":"","overlay-type":"","overlay-color":"","overlay-opacity":"","overlay-gradient":""},"tablet":{"background-color":"var(--ast-global-color-5)","background-image":"","background-repeat":"repeat","background-position":"center center","background-size":"auto","background-attachment":"scroll","background-type":"","background-media":"","overlay-type":"","overlay-color":"","overlay-opacity":"","overlay-gradient":""},"mobile":{"background-color":"var(--ast-global-color-5)","background-image":"","background-repeat":"repeat","background-position":"center center","background-size":"auto","background-attachment":"scroll","background-type":"","background-media":"","overlay-type":"","overlay-color":"","overlay-opacity":"","overlay-gradient":""}}},"product_brand":[],"product_cat":[249,38],"product_tag":[],"class_list":{"0":"post-17473","1":"product","2":"type-product","3":"status-publish","4":"has-post-thumbnail","6":"product_cat-lange-armel-manner","7":"product_cat-manner","8":"pa_cloth-95-bawelna-5-elastan","9":"pa_color-grau-meliert","10":"pa_size-l","11":"pa_size-m","12":"pa_size-s","13":"pa_size-xxl","14":"desktop-align-center","15":"tablet-align-left","16":"mobile-align-left","17":"ast-product-gallery-layout-horizontal-slider","18":"ast-product-gallery-with-no-image","19":"ast-product-single-variable","20":"ast-product-tabs-layout-distributed","21":"ast-qv-on-image","23":"first","24":"instock","25":"taxable","26":"shipping-taxable","27":"purchasable","28":"product-type-variable"},"aioseo_notices":[],"_links":{"self":[{"href":"https:\/\/kapayou.ch\/index.php?rest_route=\/wp\/v2\/product\/17473","targetHints":{"allow":["GET"]}}],"collection":[{"href":"https:\/\/kapayou.ch\/index.php?rest_route=\/wp\/v2\/product"}],"about":[{"href":"https:\/\/kapayou.ch\/index.php?rest_route=\/wp\/v2\/types\/product"}],"replies":[{"embeddable":true,"href":"https:\/\/kapayou.ch\/index.php?rest_route=%2Fwp%2Fv2%2Fcomments&post=17473"}],"version-history":[{"count":1,"href":"https:\/\/kapayou.ch\/index.php?rest_route=\/wp\/v2\/product\/17473\/revisions"}],"predecessor-version":[{"id":17894,"href":"https:\/\/kapayou.ch\/index.php?rest_route=\/wp\/v2\/product\/17473\/revisions\/17894"}],"wp:featuredmedia":[{"embeddable":true,"href":"https:\/\/kapayou.ch\/index.php?rest_route=\/wp\/v2\/media\/8298"}],"wp:attachment":[{"href":"https:\/\/kapayou.ch\/index.php?rest_route=%2Fwp%2Fv2%2Fmedia&parent=17473"}],"wp:term":[{"taxonomy":"product_brand","embeddable":true,"href":"https:\/\/kapayou.ch\/index.php?rest_route=%2Fwp%2Fv2%2Fproduct_brand&post=17473"},{"taxonomy":"product_cat","embeddable":true,"href":"https:\/\/kapayou.ch\/index.php?rest_route=%2Fwp%2Fv2%2Fproduct_cat&post=17473"},{"taxonomy":"product_tag","embeddable":true,"href":"https:\/\/kapayou.ch\/index.php?rest_route=%2Fwp%2Fv2%2Fproduct_tag&post=17473"}],"curies":[{"name":"wp","href":"https:\/\/api.w.org\/{rel}","templated":true}]}}