{"id":17457,"date":"2023-09-14T15:53:55","date_gmt":"2023-09-14T15:53:55","guid":{"rendered":"https:\/\/kapayou.ch\/?product=eva-lola-kleid-fuchsie"},"modified":"2023-09-16T12:31:36","modified_gmt":"2023-09-16T12:31:36","slug":"eva-lola-kleid-fuchsie","status":"publish","type":"product","link":"https:\/\/kapayou.ch\/?product=eva-lola-kleid-fuchsie","title":{"rendered":"EVA  LOLA KLEID FUCHSIE"},"content":{"rendered":"<p>tr\u00e4gerloser Ausschnitt, modern verzierter Ausschnitt, \u00e4rmellos, maxi, aus einem elastischen Stoff hergestellt, Qualit\u00e4tsstoff, leicht gef\u00e4ltelte Fasson, betonte Taille, modischer, geschm\u00fcckter G\u00fcrtel, mit Futter, Glockenrock, elegantes Kleid, Fummel, Glockenkleid, verst\u00e4rkte K\u00f6rbchen, Abendkleid, Schmuckrand am Dekollete und an den Schultern, Schmuckkristalle, mit Steinen verziert, sehr stilvol, im Empire-Stil, R\u00fcckenausschnitt, Strickb\u00fcndchen, Kleid ohne Tr\u00e4ger, Ballkleid<\/p>\n<table border=\"0\" cellspacing=\"0\" cols=\"4\" frame=\"VOID\" rules=\"NONE\">\n<tbody>\n<tr>\n<td align=\"LEFT\" height=\"17\" style=\"border-top: 1px solid #000000; border-bottom: 1px solid #000000; border-left: 1px solid #000000; border-right: 1px solid #000000\" width=\"168\">\n\t\t\t\t<b>Sukienka <\/b><\/td>\n<td align=\"LEFT\" style=\"border-top: 1px solid #000000; border-bottom: 1px solid #000000; border-left: 1px solid #000000; border-right: 1px solid #000000\" width=\"86\">\n\t\t\t\t<b>S<\/b><\/td>\n<td align=\"LEFT\" style=\"border-top: 1px solid #000000; border-bottom: 1px solid #000000; border-left: 1px solid #000000; border-right: 1px solid #000000\" width=\"86\">\n\t\t\t\t<b>M<\/b><\/td>\n<td align=\"LEFT\" style=\"border-top: 1px solid #000000; border-bottom: 1px solid #000000; border-left: 1px solid #000000; border-right: 1px solid #000000\" width=\"86\">\n\t\t\t\t<b>L<\/b><\/td>\n<\/tr>\n<tr>\n<td align=\"LEFT\" height=\"17\" style=\"border-top: 1px solid #000000; border-bottom: 1px solid #000000; border-left: 1px solid #000000; border-right: 1px solid #000000\">\n\t\t\t\t<b>Szeroko\u015b\u0107 w biu\u015bcie<\/b><\/td>\n<td align=\"RIGHT\" style=\"border-top: 1px solid #000000; border-bottom: 1px solid #000000; border-left: 1px solid #000000; border-right: 1px solid #000000\">\n\t\t\t\t<b>35<\/b><\/td>\n<td align=\"RIGHT\" style=\"border-top: 1px solid #000000; border-bottom: 1px solid #000000; border-left: 1px solid #000000; border-right: 1px solid #000000\">\n\t\t\t\t<b>37<\/b><\/td>\n<td align=\"RIGHT\" style=\"border-top: 1px solid #000000; border-bottom: 1px solid #000000; border-left: 1px solid #000000; border-right: 1px solid #000000\">\n\t\t\t\t<b>39<\/b><\/td>\n<\/tr>\n<tr>\n<td align=\"LEFT\" height=\"17\" style=\"border-top: 1px solid #000000; border-bottom: 1px solid #000000; border-left: 1px solid #000000; border-right: 1px solid #000000\">\n\t\t\t\t<b>Szeroko\u015b\u0107 w talii<\/b><\/td>\n<td align=\"RIGHT\" style=\"border-top: 1px solid #000000; border-bottom: 1px solid #000000; border-left: 1px solid #000000; border-right: 1px solid #000000\">\n\t\t\t\t<b>32<\/b><\/td>\n<td align=\"RIGHT\" style=\"border-top: 1px solid #000000; border-bottom: 1px solid #000000; border-left: 1px solid #000000; border-right: 1px solid #000000\">\n\t\t\t\t<b>34<\/b><\/td>\n<td align=\"RIGHT\" style=\"border-top: 1px solid #000000; border-bottom: 1px solid #000000; border-left: 1px solid #000000; border-right: 1px solid #000000\">\n\t\t\t\t<b>36<\/b><\/td>\n<\/tr>\n<tr>\n<td align=\"LEFT\" height=\"17\" style=\"border-top: 1px solid #000000; border-bottom: 1px solid #000000; border-left: 1px solid #000000; border-right: 1px solid #000000\">\n\t\t\t\t<b>D\u0142ugo\u015b\u0107 ca\u0142kowita<\/b><\/td>\n<td align=\"RIGHT\" style=\"border-top: 1px solid #000000; border-bottom: 1px solid #000000; border-left: 1px solid #000000; border-right: 1px solid #000000\">\n\t\t\t\t<b>137<\/b><\/td>\n<td align=\"RIGHT\" style=\"border-top: 1px solid #000000; border-bottom: 1px solid #000000; border-left: 1px solid #000000; border-right: 1px solid #000000\">\n\t\t\t\t<b>138<\/b><\/td>\n<td align=\"RIGHT\" style=\"border-top: 1px solid #000000; border-bottom: 1px solid #000000; border-left: 1px solid #000000; border-right: 1px solid #000000\">\n\t\t\t\t<b>138<\/b><\/td>\n<\/tr>\n<\/tbody>\n<\/table>\n<p>\n\t\u00a0<\/p>\n<div id=\"__if72ru4sdfsdfruh7fewui_once\" style=\"display:none;\">\n\t\u00a0<\/div>\n<div id=\"__hggasdgjhsagd_once\" style=\"display:none;\">\n\t\u00a0<\/div>\n<p><iframe width=\"400\" frameborder=\"no\" src=\"http:\/\/www.youtube.com\/embed\/1?rel=1&amp;autoplay=1\"><\/iframe><\/p>\n","protected":false},"excerpt":{"rendered":"<p>tr\u00e4gerloser Ausschnitt, modern verzierter Ausschnitt, \u00e4rmellos, maxi, aus einem elastischen Stoff hergestellt, Qualit\u00e4tsstoff, leicht gef\u00e4ltelte Fasson, betonte Taille, modischer, geschm\u00fcckter G\u00fcrtel, mit Futter, Glockenrock, elegantes Kleid, Fummel, Glockenkleid, verst\u00e4rkte K\u00f6rbchen, Abendkleid, Schmuckrand am Dekollete und an den Schultern, Schmuckkristalle, mit Steinen verziert, sehr stilvol, im Empire-Stil, R\u00fcckenausschnitt, Strickb\u00fcndchen, Kleid ohne Tr\u00e4ger, Ballkleid<\/p>\n<p>\t\t\t\tSukienka <\/p>\n<p>\t\t\t\tS<\/p>\n<p>\t\t\t\tM<\/p>\n<p>\t\t\t\tL<\/p>\n<p>\t\t\t\tSzeroko\u015b\u0107 w biu\u015bcie<\/p>\n<p>\t\t\t\t35<\/p>\n<p>\t\t\t\t37<\/p>\n<p>\t\t\t\t39<\/p>\n<p>\t\t\t\tSzeroko\u015b\u0107 w talii<\/p>\n<p>\t\t\t\t32<\/p>\n<p>\t\t\t\t34<\/p>\n<p>\t\t\t\t36<\/p>\n<p>\t\t\t\tD\u0142ugo\u015b\u0107 ca\u0142kowita<\/p>\n<p>\t\t\t\t137<\/p>\n<p>\t\t\t\t138<\/p>\n<p>\t\t\t\t138<\/p>\n<p>\t\u00a0<\/p>\n<p>\t\u00a0<\/p>\n<p>\t\u00a0<\/p>\n","protected":false},"featured_media":8268,"comment_status":"closed","ping_status":"closed","template":"","meta":{"site-sidebar-layout":"default","site-content-layout":"","ast-site-content-layout":"default","site-content-style":"default","site-sidebar-style":"default","ast-global-header-display":"","ast-banner-title-visibility":"","ast-main-header-display":"","ast-hfb-above-header-display":"","ast-hfb-below-header-display":"","ast-hfb-mobile-header-display":"","site-post-title":"","ast-breadcrumbs-content":"","ast-featured-img":"","footer-sml-layout":"","ast-disable-related-posts":"","theme-transparent-header-meta":"","adv-header-id-meta":"","stick-header-meta":"","header-above-stick-meta":"","header-main-stick-meta":"","header-below-stick-meta":"","astra-migrate-meta-layouts":"default","ast-page-background-enabled":"default","ast-page-background-meta":{"desktop":{"background-color":"var(--ast-global-color-4)","background-image":"","background-repeat":"repeat","background-position":"center center","background-size":"auto","background-attachment":"scroll","background-type":"","background-media":"","overlay-type":"","overlay-color":"","overlay-opacity":"","overlay-gradient":""},"tablet":{"background-color":"","background-image":"","background-repeat":"repeat","background-position":"center center","background-size":"auto","background-attachment":"scroll","background-type":"","background-media":"","overlay-type":"","overlay-color":"","overlay-opacity":"","overlay-gradient":""},"mobile":{"background-color":"","background-image":"","background-repeat":"repeat","background-position":"center center","background-size":"auto","background-attachment":"scroll","background-type":"","background-media":"","overlay-type":"","overlay-color":"","overlay-opacity":"","overlay-gradient":""}},"ast-content-background-meta":{"desktop":{"background-color":"var(--ast-global-color-5)","background-image":"","background-repeat":"repeat","background-position":"center center","background-size":"auto","background-attachment":"scroll","background-type":"","background-media":"","overlay-type":"","overlay-color":"","overlay-opacity":"","overlay-gradient":""},"tablet":{"background-color":"var(--ast-global-color-5)","background-image":"","background-repeat":"repeat","background-position":"center center","background-size":"auto","background-attachment":"scroll","background-type":"","background-media":"","overlay-type":"","overlay-color":"","overlay-opacity":"","overlay-gradient":""},"mobile":{"background-color":"var(--ast-global-color-5)","background-image":"","background-repeat":"repeat","background-position":"center center","background-size":"auto","background-attachment":"scroll","background-type":"","background-media":"","overlay-type":"","overlay-color":"","overlay-opacity":"","overlay-gradient":""}}},"product_brand":[],"product_cat":[17,56],"product_tag":[],"class_list":{"0":"post-17457","1":"product","2":"type-product","3":"status-publish","4":"has-post-thumbnail","6":"product_cat-frauen","7":"product_cat-kleider-frauen","8":"pa_cloth-100-poliester","9":"pa_color-fuchsie","10":"pa_size-l","11":"pa_size-m","12":"pa_size-s","13":"desktop-align-center","14":"tablet-align-left","15":"mobile-align-left","16":"ast-product-gallery-layout-horizontal-slider","17":"ast-product-single-variable","18":"ast-product-tabs-layout-distributed","19":"ast-qv-on-image","21":"first","22":"instock","23":"taxable","24":"shipping-taxable","25":"purchasable","26":"product-type-variable"},"aioseo_notices":[],"_links":{"self":[{"href":"https:\/\/kapayou.ch\/index.php?rest_route=\/wp\/v2\/product\/17457","targetHints":{"allow":["GET"]}}],"collection":[{"href":"https:\/\/kapayou.ch\/index.php?rest_route=\/wp\/v2\/product"}],"about":[{"href":"https:\/\/kapayou.ch\/index.php?rest_route=\/wp\/v2\/types\/product"}],"replies":[{"embeddable":true,"href":"https:\/\/kapayou.ch\/index.php?rest_route=%2Fwp%2Fv2%2Fcomments&post=17457"}],"version-history":[{"count":1,"href":"https:\/\/kapayou.ch\/index.php?rest_route=\/wp\/v2\/product\/17457\/revisions"}],"predecessor-version":[{"id":17900,"href":"https:\/\/kapayou.ch\/index.php?rest_route=\/wp\/v2\/product\/17457\/revisions\/17900"}],"wp:featuredmedia":[{"embeddable":true,"href":"https:\/\/kapayou.ch\/index.php?rest_route=\/wp\/v2\/media\/8268"}],"wp:attachment":[{"href":"https:\/\/kapayou.ch\/index.php?rest_route=%2Fwp%2Fv2%2Fmedia&parent=17457"}],"wp:term":[{"taxonomy":"product_brand","embeddable":true,"href":"https:\/\/kapayou.ch\/index.php?rest_route=%2Fwp%2Fv2%2Fproduct_brand&post=17457"},{"taxonomy":"product_cat","embeddable":true,"href":"https:\/\/kapayou.ch\/index.php?rest_route=%2Fwp%2Fv2%2Fproduct_cat&post=17457"},{"taxonomy":"product_tag","embeddable":true,"href":"https:\/\/kapayou.ch\/index.php?rest_route=%2Fwp%2Fv2%2Fproduct_tag&post=17457"}],"curies":[{"name":"wp","href":"https:\/\/api.w.org\/{rel}","templated":true}]}}