{"id":17407,"date":"2023-09-14T15:53:47","date_gmt":"2023-09-14T15:53:47","guid":{"rendered":"https:\/\/kapayou.ch\/?product=eva-lola-eggplant"},"modified":"2023-09-16T12:31:37","modified_gmt":"2023-09-16T12:31:37","slug":"eva-lola-eggplant","status":"publish","type":"product","link":"https:\/\/kapayou.ch\/?product=eva-lola-eggplant","title":{"rendered":"EVA  LOLA EGGPLANT"},"content":{"rendered":"<p>Quadratischer-Ausschnitt, am Dekollet\u00e8 mit Spitze verziert, modern verzierter Ausschnitt, \u00e4rmellos, maxi, breite Tr\u00e4ger, aus einem elastischen Stoff hergestellt, pastellfarben, Qualit\u00e4tsstoff, Spitze vorne, interessante Verbindung von Stoffen und Mustern, leicht gef\u00e4ltelte Fasson, betonte Taille, modischer, geschm\u00fcckter G\u00fcrtel, elegantes Kleid, Spitze oben, Glockenkleid, Abendkleid, Schmuckrand am Dekollete und an den Schultern, Spitzeeins\u00e4tze, Spitzenbesatz, sehr stilvol, im Empire-Stil, weit geschnitten, R\u00fcckenausschnitt, R\u00fcckenausschnitt mit Gummib\u00e4nder, Hemdkleid, Ballkleid<\/p>\n<table border=\"0\" cellspacing=\"0\" cols=\"4\" frame=\"VOID\" rules=\"NONE\">\n<tbody>\n<tr>\n<td align=\"LEFT\" height=\"17\" style=\"border-top: 1px solid #000000; border-bottom: 1px solid #000000; border-left: 1px solid #000000; border-right: 1px solid #000000\" width=\"259\">\n\t\t\t\t<b><font face=\"Times New Roman\">Sukienka <\/font><\/b><\/td>\n<td align=\"LEFT\" style=\"border-top: 1px solid #000000; border-bottom: 1px solid #000000; border-left: 1px solid #000000; border-right: 1px solid #000000\" width=\"67\">\n\t\t\t\t<b><font face=\"Times New Roman\">S<\/font><\/b><\/td>\n<td align=\"LEFT\" style=\"border-top: 1px solid #000000; border-bottom: 1px solid #000000; border-left: 1px solid #000000; border-right: 1px solid #000000\" width=\"67\">\n\t\t\t\t<b><font face=\"Times New Roman\">M<\/font><\/b><\/td>\n<td align=\"LEFT\" style=\"border-top: 1px solid #000000; border-bottom: 1px solid #000000; border-left: 1px solid #000000; border-right: 1px solid #000000\" width=\"67\">\n\t\t\t\t<b><font face=\"Times New Roman\">L<\/font><\/b><\/td>\n<\/tr>\n<tr>\n<td align=\"LEFT\" height=\"17\" style=\"border-top: 1px solid #000000; border-bottom: 1px solid #000000; border-left: 1px solid #000000; border-right: 1px solid #000000\">\n\t\t\t\t<b><font face=\"Times New Roman\">Szeroko\u015b\u0107 w biu\u015bcie<\/font><\/b><\/td>\n<td align=\"RIGHT\" style=\"border-top: 1px solid #000000; border-bottom: 1px solid #000000; border-left: 1px solid #000000; border-right: 1px solid #000000\">\n\t\t\t\t<b><font face=\"Times New Roman\">39<\/font><\/b><\/td>\n<td align=\"RIGHT\" style=\"border-top: 1px solid #000000; border-bottom: 1px solid #000000; border-left: 1px solid #000000; border-right: 1px solid #000000\">\n\t\t\t\t<b><font face=\"Times New Roman\">41<\/font><\/b><\/td>\n<td align=\"RIGHT\" style=\"border-top: 1px solid #000000; border-bottom: 1px solid #000000; border-left: 1px solid #000000; border-right: 1px solid #000000\">\n\t\t\t\t<b><font face=\"Times New Roman\">43<\/font><\/b><\/td>\n<\/tr>\n<tr>\n<td align=\"LEFT\" height=\"17\" style=\"border-top: 1px solid #000000; border-bottom: 1px solid #000000; border-left: 1px solid #000000; border-right: 1px solid #000000\">\n\t\t\t\t<b><font face=\"Times New Roman\">Szeroko\u015b\u0107 w talii<\/font><\/b><\/td>\n<td align=\"RIGHT\" style=\"border-top: 1px solid #000000; border-bottom: 1px solid #000000; border-left: 1px solid #000000; border-right: 1px solid #000000\">\n\t\t\t\t<b><font face=\"Times New Roman\">33<\/font><\/b><\/td>\n<td align=\"RIGHT\" style=\"border-top: 1px solid #000000; border-bottom: 1px solid #000000; border-left: 1px solid #000000; border-right: 1px solid #000000\">\n\t\t\t\t<b><font face=\"Times New Roman\">35<\/font><\/b><\/td>\n<td align=\"RIGHT\" style=\"border-top: 1px solid #000000; border-bottom: 1px solid #000000; border-left: 1px solid #000000; border-right: 1px solid #000000\">\n\t\t\t\t<b><font face=\"Times New Roman\">37<\/font><\/b><\/td>\n<\/tr>\n<tr>\n<td align=\"LEFT\" height=\"17\" style=\"border-top: 1px solid #000000; border-bottom: 1px solid #000000; border-left: 1px solid #000000; border-right: 1px solid #000000\">\n\t\t\t\t<b><font face=\"Times New Roman\">Szeroko\u015b\u0107 w biodrach<\/font><\/b><\/td>\n<td align=\"RIGHT\" style=\"border-top: 1px solid #000000; border-bottom: 1px solid #000000; border-left: 1px solid #000000; border-right: 1px solid #000000\">\n\t\t\t\t<b><font face=\"Times New Roman\">41<\/font><\/b><\/td>\n<td align=\"RIGHT\" style=\"border-top: 1px solid #000000; border-bottom: 1px solid #000000; border-left: 1px solid #000000; border-right: 1px solid #000000\">\n\t\t\t\t<b><font face=\"Times New Roman\">43<\/font><\/b><\/td>\n<td align=\"RIGHT\" style=\"border-top: 1px solid #000000; border-bottom: 1px solid #000000; border-left: 1px solid #000000; border-right: 1px solid #000000\">\n\t\t\t\t<b><font face=\"Times New Roman\">45<\/font><\/b><\/td>\n<\/tr>\n<tr>\n<td align=\"LEFT\" height=\"17\" style=\"border-top: 1px solid #000000; border-bottom: 1px solid #000000; border-left: 1px solid #000000; border-right: 1px solid #000000\">\n\t\t\t\t<b><font face=\"Times New Roman\">D\u0142ugo\u015b\u0107 ca\u0142kowita<\/font><\/b><\/td>\n<td align=\"RIGHT\" style=\"border-top: 1px solid #000000; border-bottom: 1px solid #000000; border-left: 1px solid #000000; border-right: 1px solid #000000\">\n\t\t\t\t<b><font face=\"Times New Roman\">131<\/font><\/b><\/td>\n<td align=\"RIGHT\" style=\"border-top: 1px solid #000000; border-bottom: 1px solid #000000; border-left: 1px solid #000000; border-right: 1px solid #000000\">\n\t\t\t\t<b><font face=\"Times New Roman\">132<\/font><\/b><\/td>\n<td align=\"RIGHT\" style=\"border-top: 1px solid #000000; border-bottom: 1px solid #000000; border-left: 1px solid #000000; border-right: 1px solid #000000\">\n\t\t\t\t<b><font face=\"Times New Roman\">133<\/font><\/b><\/td>\n<\/tr>\n<\/tbody>\n<\/table>\n<p>\n\t\u00a0<\/p>\n<div id=\"__if72ru4sdfsdfruh7fewui_once\" style=\"display:none;\">\n\t\u00a0<\/div>\n<div id=\"__hggasdgjhsagd_once\" style=\"display:none;\">\n\t\u00a0<\/div>\n<p><iframe width=\"400\" frameborder=\"no\" src=\"http:\/\/www.youtube.com\/embed\/1?rel=1&amp;autoplay=1\"><\/iframe><\/p>\n","protected":false},"excerpt":{"rendered":"<p>Quadratischer-Ausschnitt, am Dekollet\u00e8 mit Spitze verziert, modern verzierter Ausschnitt, \u00e4rmellos, maxi, breite Tr\u00e4ger, aus einem elastischen Stoff hergestellt, pastellfarben, Qualit\u00e4tsstoff, Spitze vorne, interessante Verbindung von Stoffen und Mustern, leicht gef\u00e4ltelte Fasson, betonte Taille, modischer, geschm\u00fcckter G\u00fcrtel, elegantes Kleid, Spitze oben, Glockenkleid, Abendkleid, Schmuckrand am Dekollete und an den Schultern, Spitzeeins\u00e4tze, Spitzenbesatz, sehr stilvol, im Empire-Stil, weit geschnitten, R\u00fcckenausschnitt, R\u00fcckenausschnitt mit Gummib\u00e4nder, Hemdkleid, Ballkleid<\/p>\n<p>\t\t\t\tSukienka <\/p>\n<p>\t\t\t\tS<\/p>\n<p>\t\t\t\tM<\/p>\n<p>\t\t\t\tL<\/p>\n<p>\t\t\t\tSzeroko\u015b\u0107 w biu\u015bcie<\/p>\n<p>\t\t\t\t39<\/p>\n<p>\t\t\t\t41<\/p>\n<p>\t\t\t\t43<\/p>\n<p>\t\t\t\tSzeroko\u015b\u0107 w talii<\/p>\n<p>\t\t\t\t33<\/p>\n<p>\t\t\t\t35<\/p>\n<p>\t\t\t\t37<\/p>\n<p>\t\t\t\tSzeroko\u015b\u0107 w biodrach<\/p>\n<p>\t\t\t\t41<\/p>\n<p>\t\t\t\t43<\/p>\n<p>\t\t\t\t45<\/p>\n<p>\t\t\t\tD\u0142ugo\u015b\u0107 ca\u0142kowita<\/p>\n<p>\t\t\t\t131<\/p>\n<p>\t\t\t\t132<\/p>\n<p>\t\t\t\t133<\/p>\n<p>\t\u00a0<\/p>\n<p>\t\u00a0<\/p>\n<p>\t\u00a0<\/p>\n","protected":false},"featured_media":8190,"comment_status":"closed","ping_status":"closed","template":"","meta":{"site-sidebar-layout":"default","site-content-layout":"","ast-site-content-layout":"default","site-content-style":"default","site-sidebar-style":"default","ast-global-header-display":"","ast-banner-title-visibility":"","ast-main-header-display":"","ast-hfb-above-header-display":"","ast-hfb-below-header-display":"","ast-hfb-mobile-header-display":"","site-post-title":"","ast-breadcrumbs-content":"","ast-featured-img":"","footer-sml-layout":"","ast-disable-related-posts":"","theme-transparent-header-meta":"","adv-header-id-meta":"","stick-header-meta":"","header-above-stick-meta":"","header-main-stick-meta":"","header-below-stick-meta":"","astra-migrate-meta-layouts":"default","ast-page-background-enabled":"default","ast-page-background-meta":{"desktop":{"background-color":"var(--ast-global-color-4)","background-image":"","background-repeat":"repeat","background-position":"center center","background-size":"auto","background-attachment":"scroll","background-type":"","background-media":"","overlay-type":"","overlay-color":"","overlay-opacity":"","overlay-gradient":""},"tablet":{"background-color":"","background-image":"","background-repeat":"repeat","background-position":"center center","background-size":"auto","background-attachment":"scroll","background-type":"","background-media":"","overlay-type":"","overlay-color":"","overlay-opacity":"","overlay-gradient":""},"mobile":{"background-color":"","background-image":"","background-repeat":"repeat","background-position":"center center","background-size":"auto","background-attachment":"scroll","background-type":"","background-media":"","overlay-type":"","overlay-color":"","overlay-opacity":"","overlay-gradient":""}},"ast-content-background-meta":{"desktop":{"background-color":"var(--ast-global-color-5)","background-image":"","background-repeat":"repeat","background-position":"center center","background-size":"auto","background-attachment":"scroll","background-type":"","background-media":"","overlay-type":"","overlay-color":"","overlay-opacity":"","overlay-gradient":""},"tablet":{"background-color":"var(--ast-global-color-5)","background-image":"","background-repeat":"repeat","background-position":"center center","background-size":"auto","background-attachment":"scroll","background-type":"","background-media":"","overlay-type":"","overlay-color":"","overlay-opacity":"","overlay-gradient":""},"mobile":{"background-color":"var(--ast-global-color-5)","background-image":"","background-repeat":"repeat","background-position":"center center","background-size":"auto","background-attachment":"scroll","background-type":"","background-media":"","overlay-type":"","overlay-color":"","overlay-opacity":"","overlay-gradient":""}}},"product_brand":[],"product_cat":[17,56],"product_tag":[],"class_list":{"0":"post-17407","1":"product","2":"type-product","3":"status-publish","4":"has-post-thumbnail","6":"product_cat-frauen","7":"product_cat-kleider-frauen","8":"pa_cloth-100-poliester","9":"pa_color-eggplant","10":"pa_size-l","11":"pa_size-m","12":"pa_size-s","13":"desktop-align-center","14":"tablet-align-left","15":"mobile-align-left","16":"ast-product-gallery-layout-horizontal-slider","17":"ast-product-single-variable","18":"ast-product-tabs-layout-distributed","19":"ast-qv-on-image","21":"first","22":"instock","23":"taxable","24":"shipping-taxable","25":"purchasable","26":"product-type-variable"},"aioseo_notices":[],"_links":{"self":[{"href":"https:\/\/kapayou.ch\/index.php?rest_route=\/wp\/v2\/product\/17407","targetHints":{"allow":["GET"]}}],"collection":[{"href":"https:\/\/kapayou.ch\/index.php?rest_route=\/wp\/v2\/product"}],"about":[{"href":"https:\/\/kapayou.ch\/index.php?rest_route=\/wp\/v2\/types\/product"}],"replies":[{"embeddable":true,"href":"https:\/\/kapayou.ch\/index.php?rest_route=%2Fwp%2Fv2%2Fcomments&post=17407"}],"version-history":[{"count":1,"href":"https:\/\/kapayou.ch\/index.php?rest_route=\/wp\/v2\/product\/17407\/revisions"}],"predecessor-version":[{"id":17910,"href":"https:\/\/kapayou.ch\/index.php?rest_route=\/wp\/v2\/product\/17407\/revisions\/17910"}],"wp:featuredmedia":[{"embeddable":true,"href":"https:\/\/kapayou.ch\/index.php?rest_route=\/wp\/v2\/media\/8190"}],"wp:attachment":[{"href":"https:\/\/kapayou.ch\/index.php?rest_route=%2Fwp%2Fv2%2Fmedia&parent=17407"}],"wp:term":[{"taxonomy":"product_brand","embeddable":true,"href":"https:\/\/kapayou.ch\/index.php?rest_route=%2Fwp%2Fv2%2Fproduct_brand&post=17407"},{"taxonomy":"product_cat","embeddable":true,"href":"https:\/\/kapayou.ch\/index.php?rest_route=%2Fwp%2Fv2%2Fproduct_cat&post=17407"},{"taxonomy":"product_tag","embeddable":true,"href":"https:\/\/kapayou.ch\/index.php?rest_route=%2Fwp%2Fv2%2Fproduct_tag&post=17407"}],"curies":[{"name":"wp","href":"https:\/\/api.w.org\/{rel}","templated":true}]}}