{"id":16881,"date":"2023-09-14T15:51:53","date_gmt":"2023-09-14T15:51:53","guid":{"rendered":"https:\/\/kapayou.ch\/?product=trainingsanzug-fur-manner-khaki-camouflage"},"modified":"2023-09-18T13:33:20","modified_gmt":"2023-09-18T13:33:20","slug":"trainingsanzug-fur-manner-khaki-camouflage","status":"publish","type":"product","link":"https:\/\/kapayou.ch\/?product=trainingsanzug-fur-manner-khaki-camouflage","title":{"rendered":"Trainingsanzug F\u00fcr M\u00e4nner KHAKI Camouflage"},"content":{"rendered":"<p>M\u00e4nner Trainingsanzug, das Set beinhaltet Hosen und ein Sweatshirt.<\/p>\n<table style=\"border-collapse: collapse;\" cellpadding=\"4\">\n<tr>\n<td style=\"width:180px; border: 1px solid #fff;\"><b>MODEL 47005-1<\/b><\/td>\n<td style=\"width:70px; border: 1px solid #fff; text-align: center;\"><b>XS<\/b><\/td>\n<td style=\"width:70px; border: 1px solid #fff; text-align: center;\"><b>S<\/b><\/td>\n<td style=\"width:70px; border: 1px solid #fff; text-align: center;\"><b>M<\/b><\/td>\n<td style=\"width:70px; border: 1px solid #fff; text-align: center;\"><b>L<\/b><\/td>\n<td style=\"width:70px; border: 1px solid #fff; text-align: center;\"><b>XL<\/b><\/td>\n<td style=\"width:70px; border: 1px solid #fff; text-align: center;\"><b>XXL<\/b><\/td>\n<\/tr>\n<tr>\n<td style=\"border: 1px solid #fff;\"><b>\u00c4rmell\u00e4nge Au\u00dfenjacke<\/b><\/td>\n<td style=\"border: 1px solid #fff; text-align: center;\">83<\/td>\n<td style=\"border: 1px solid #fff; text-align: center;\">85<\/td>\n<td style=\"border: 1px solid #fff; text-align: center;\">85<\/td>\n<td style=\"border: 1px solid #fff; text-align: center;\">85<\/td>\n<td style=\"border: 1px solid #fff; text-align: center;\">85<\/td>\n<td style=\"border: 1px solid #fff; text-align: center;\">87<\/td>\n<\/tr>\n<tr>\n<td style=\"border: 1px solid #fff;\"><b>Breite in der Brust<\/b><\/td>\n<td style=\"border: 1px solid #fff; text-align: center;\">46<\/td>\n<td style=\"border: 1px solid #fff; text-align: center;\">48<\/td>\n<td style=\"border: 1px solid #fff; text-align: center;\">50<\/td>\n<td style=\"border: 1px solid #fff; text-align: center;\">52<\/td>\n<td style=\"border: 1px solid #fff; text-align: center;\">54<\/td>\n<td style=\"border: 1px solid #fff; text-align: center;\">56<\/td>\n<\/tr>\n<tr>\n<td style=\"border: 1px solid #fff;\"><b>Die Breite der Taillenhose<\/b><\/td>\n<td style=\"border: 1px solid #fff; text-align: center;\">30<\/td>\n<td style=\"border: 1px solid #fff; text-align: center;\">32<\/td>\n<td style=\"border: 1px solid #fff; text-align: center;\">34<\/td>\n<td style=\"border: 1px solid #fff; text-align: center;\">36<\/td>\n<td style=\"border: 1px solid #fff; text-align: center;\">38<\/td>\n<td style=\"border: 1px solid #fff; text-align: center;\">40<\/td>\n<\/tr>\n<tr>\n<td style=\"border: 1px solid #fff;\"><b>Die L\u00e4nge der Hose<\/b><\/td>\n<td style=\"border: 1px solid #fff; text-align: center;\">96<\/td>\n<td style=\"border: 1px solid #fff; text-align: center;\">96<\/td>\n<td style=\"border: 1px solid #fff; text-align: center;\">98<\/td>\n<td style=\"border: 1px solid #fff; text-align: center;\">100<\/td>\n<td style=\"border: 1px solid #fff; text-align: center;\">100<\/td>\n<td style=\"border: 1px solid #fff; text-align: center;\">101<\/td>\n<\/tr>\n<\/table>\n<p><\/p>\n","protected":false},"excerpt":{"rendered":"<p>M\u00e4nner Trainingsanzug, das Set beinhaltet Hosen und ein Sweatshirt.<\/p>\n<p>                    MODEL 47005-1XSSMLXLXXL<br \/>\n                            \u00c4rmell\u00e4nge Au\u00dfenjacke838585858587<br \/>\n                            Breite in der Brust464850525456<br \/>\n                            Die Breite der Taillenhose303234363840<br \/>\n                            Die L\u00e4nge der Hose969698100100101<\/p>\n","protected":false},"featured_media":4307,"comment_status":"closed","ping_status":"closed","template":"","meta":{"site-sidebar-layout":"default","site-content-layout":"","ast-site-content-layout":"default","site-content-style":"default","site-sidebar-style":"default","ast-global-header-display":"","ast-banner-title-visibility":"","ast-main-header-display":"","ast-hfb-above-header-display":"","ast-hfb-below-header-display":"","ast-hfb-mobile-header-display":"","site-post-title":"","ast-breadcrumbs-content":"","ast-featured-img":"","footer-sml-layout":"","ast-disable-related-posts":"","theme-transparent-header-meta":"","adv-header-id-meta":"","stick-header-meta":"","header-above-stick-meta":"","header-main-stick-meta":"","header-below-stick-meta":"","astra-migrate-meta-layouts":"default","ast-page-background-enabled":"default","ast-page-background-meta":{"desktop":{"background-color":"var(--ast-global-color-4)","background-image":"","background-repeat":"repeat","background-position":"center center","background-size":"auto","background-attachment":"scroll","background-type":"","background-media":"","overlay-type":"","overlay-color":"","overlay-opacity":"","overlay-gradient":""},"tablet":{"background-color":"","background-image":"","background-repeat":"repeat","background-position":"center center","background-size":"auto","background-attachment":"scroll","background-type":"","background-media":"","overlay-type":"","overlay-color":"","overlay-opacity":"","overlay-gradient":""},"mobile":{"background-color":"","background-image":"","background-repeat":"repeat","background-position":"center center","background-size":"auto","background-attachment":"scroll","background-type":"","background-media":"","overlay-type":"","overlay-color":"","overlay-opacity":"","overlay-gradient":""}},"ast-content-background-meta":{"desktop":{"background-color":"var(--ast-global-color-5)","background-image":"","background-repeat":"repeat","background-position":"center center","background-size":"auto","background-attachment":"scroll","background-type":"","background-media":"","overlay-type":"","overlay-color":"","overlay-opacity":"","overlay-gradient":""},"tablet":{"background-color":"var(--ast-global-color-5)","background-image":"","background-repeat":"repeat","background-position":"center center","background-size":"auto","background-attachment":"scroll","background-type":"","background-media":"","overlay-type":"","overlay-color":"","overlay-opacity":"","overlay-gradient":""},"mobile":{"background-color":"var(--ast-global-color-5)","background-image":"","background-repeat":"repeat","background-position":"center center","background-size":"auto","background-attachment":"scroll","background-type":"","background-media":"","overlay-type":"","overlay-color":"","overlay-opacity":"","overlay-gradient":""}}},"product_brand":[],"product_cat":[38,153],"product_tag":[],"class_list":{"0":"post-16881","1":"product","2":"type-product","3":"status-publish","4":"has-post-thumbnail","6":"product_cat-manner","7":"product_cat-trainingsanzug-manner","8":"pa_cloth-100-bawelna","9":"pa_color-khaki-camouflage","10":"pa_size-l","11":"pa_size-m","12":"pa_size-s","13":"pa_size-xl","14":"pa_size-xs","15":"pa_size-xxl","16":"desktop-align-center","17":"tablet-align-left","18":"mobile-align-left","19":"ast-product-gallery-layout-horizontal-slider","20":"ast-product-single-variable","21":"ast-product-tabs-layout-distributed","22":"ast-qv-on-image","24":"first","25":"instock","26":"taxable","27":"shipping-taxable","28":"purchasable","29":"product-type-variable"},"aioseo_notices":[],"_links":{"self":[{"href":"https:\/\/kapayou.ch\/index.php?rest_route=\/wp\/v2\/product\/16881","targetHints":{"allow":["GET"]}}],"collection":[{"href":"https:\/\/kapayou.ch\/index.php?rest_route=\/wp\/v2\/product"}],"about":[{"href":"https:\/\/kapayou.ch\/index.php?rest_route=\/wp\/v2\/types\/product"}],"replies":[{"embeddable":true,"href":"https:\/\/kapayou.ch\/index.php?rest_route=%2Fwp%2Fv2%2Fcomments&post=16881"}],"version-history":[{"count":1,"href":"https:\/\/kapayou.ch\/index.php?rest_route=\/wp\/v2\/product\/16881\/revisions"}],"predecessor-version":[{"id":18034,"href":"https:\/\/kapayou.ch\/index.php?rest_route=\/wp\/v2\/product\/16881\/revisions\/18034"}],"wp:featuredmedia":[{"embeddable":true,"href":"https:\/\/kapayou.ch\/index.php?rest_route=\/wp\/v2\/media\/4307"}],"wp:attachment":[{"href":"https:\/\/kapayou.ch\/index.php?rest_route=%2Fwp%2Fv2%2Fmedia&parent=16881"}],"wp:term":[{"taxonomy":"product_brand","embeddable":true,"href":"https:\/\/kapayou.ch\/index.php?rest_route=%2Fwp%2Fv2%2Fproduct_brand&post=16881"},{"taxonomy":"product_cat","embeddable":true,"href":"https:\/\/kapayou.ch\/index.php?rest_route=%2Fwp%2Fv2%2Fproduct_cat&post=16881"},{"taxonomy":"product_tag","embeddable":true,"href":"https:\/\/kapayou.ch\/index.php?rest_route=%2Fwp%2Fv2%2Fproduct_tag&post=16881"}],"curies":[{"name":"wp","href":"https:\/\/api.w.org\/{rel}","templated":true}]}}