{"id":16521,"date":"2023-09-14T15:50:36","date_gmt":"2023-09-14T15:50:36","guid":{"rendered":"https:\/\/kapayou.ch\/?product=baci-lace-hall"},"modified":"2023-09-16T12:32:01","modified_gmt":"2023-09-16T12:32:01","slug":"baci-lace-hall","status":"publish","type":"product","link":"https:\/\/kapayou.ch\/?product=baci-lace-hall","title":{"rendered":"BACI LACE HALL"},"content":{"rendered":"<p>Blumenspitze ist der perfekte Weg f\u00fcr einen romantischen Abend. Dieser klassische schwarze Petticoat verbindet sich mit dem Hals und die Seiten sind mit verstellbaren Korsetts versehen. An der Brust befinden sich kleine ritzenf\u00f6rmige Schlitze. Handw\u00e4sche . Nicht bleichen oder b\u00fcgeln. Zusammensetzung: 90% Nylon, 10% Spandex.<\/p>\n<p>EAN: 4890808166017<\/p>\n<table style=\"border-collapse: collapse;\" cellpadding=\"4\">\n<tr>\n<td style=\"width:180px; border: 1px solid #fff;\"><b>MODEL 50004-1<\/b><\/td>\n<td style=\"width:70px; border: 1px solid #fff; text-align: center;\"><b>S<\/b><\/td>\n<td style=\"width:70px; border: 1px solid #fff; text-align: center;\"><b>M<\/b><\/td>\n<td style=\"width:70px; border: 1px solid #fff; text-align: center;\"><b>L<\/b><\/td>\n<td style=\"width:70px; border: 1px solid #fff; text-align: center;\"><b>S\/M<\/b><\/td>\n<td style=\"width:70px; border: 1px solid #fff; text-align: center;\"><b>M\/L<\/b><\/td>\n<td style=\"width:70px; border: 1px solid #fff; text-align: center;\"><b>S\/M\/L<\/b><\/td>\n<td style=\"width:70px; border: 1px solid #fff; text-align: center;\"><b>XL\/XXL<\/b><\/td>\n<\/tr>\n<tr>\n<td style=\"border: 1px solid #fff;\"><b>Cup<\/b><\/td>\n<td style=\"border: 1px solid #fff; text-align: center;\">A\/B<\/td>\n<td style=\"border: 1px solid #fff; text-align: center;\">B\/C<\/td>\n<td style=\"border: 1px solid #fff; text-align: center;\">C\/D<\/td>\n<td style=\"border: 1px solid #fff; text-align: center;\">A\/B<\/td>\n<td style=\"border: 1px solid #fff; text-align: center;\">B\/C<\/td>\n<td style=\"border: 1px solid #fff; text-align: center;\">B\/C<\/td>\n<td style=\"border: 1px solid #fff; text-align: center;\">D\/DD<\/td>\n<\/tr>\n<tr>\n<td style=\"border: 1px solid #fff;\"><b>Bust<\/b><\/td>\n<td style=\"border: 1px solid #fff; text-align: center;\">81-86<\/td>\n<td style=\"border: 1px solid #fff; text-align: center;\">86-91<\/td>\n<td style=\"border: 1px solid #fff; text-align: center;\">91-97<\/td>\n<td style=\"border: 1px solid #fff; text-align: center;\">81-86<\/td>\n<td style=\"border: 1px solid #fff; text-align: center;\">91-97<\/td>\n<td style=\"border: 1px solid #fff; text-align: center;\">72-81<\/td>\n<td style=\"border: 1px solid #fff; text-align: center;\">90-108<\/td>\n<\/tr>\n<tr>\n<td style=\"border: 1px solid #fff;\"><b>Waist<\/b><\/td>\n<td style=\"border: 1px solid #fff; text-align: center;\">61-66<\/td>\n<td style=\"border: 1px solid #fff; text-align: center;\">66-71<\/td>\n<td style=\"border: 1px solid #fff; text-align: center;\">71-81<\/td>\n<td style=\"border: 1px solid #fff; text-align: center;\">61-66<\/td>\n<td style=\"border: 1px solid #fff; text-align: center;\">71-81<\/td>\n<td style=\"border: 1px solid #fff; text-align: center;\">61-81<\/td>\n<td style=\"border: 1px solid #fff; text-align: center;\">97-112<\/td>\n<\/tr>\n<tr>\n<td style=\"border: 1px solid #fff;\"><b>Hip<\/b><\/td>\n<td style=\"border: 1px solid #fff; text-align: center;\">86-91<\/td>\n<td style=\"border: 1px solid #fff; text-align: center;\">91-97<\/td>\n<td style=\"border: 1px solid #fff; text-align: center;\">97-102<\/td>\n<td style=\"border: 1px solid #fff; text-align: center;\">86-91<\/td>\n<td style=\"border: 1px solid #fff; text-align: center;\">97-102<\/td>\n<td style=\"border: 1px solid #fff; text-align: center;\">86-97<\/td>\n<td style=\"border: 1px solid #fff; text-align: center;\">107-122<\/td>\n<\/tr>\n<tr>\n<td style=\"border: 1px solid #fff;\"><b>Inseam<\/b><\/td>\n<td style=\"border: 1px solid #fff; text-align: center;\">88<\/td>\n<td style=\"border: 1px solid #fff; text-align: center;\">89<\/td>\n<td style=\"border: 1px solid #fff; text-align: center;\">90<\/td>\n<td style=\"border: 1px solid #fff; text-align: center;\">89<\/td>\n<td style=\"border: 1px solid #fff; text-align: center;\">90<\/td>\n<td style=\"border: 1px solid #fff; text-align: center;\">89<\/td>\n<td style=\"border: 1px solid #fff; text-align: center;\">93<\/td>\n<\/tr>\n<tr>\n<td style=\"border: 1px solid #fff;\"><b>Rise<\/b><\/td>\n<td style=\"border: 1px solid #fff; text-align: center;\">18-19<\/td>\n<td style=\"border: 1px solid #fff; text-align: center;\">19-20<\/td>\n<td style=\"border: 1px solid #fff; text-align: center;\">20-22<\/td>\n<td style=\"border: 1px solid #fff; text-align: center;\">19-20<\/td>\n<td style=\"border: 1px solid #fff; text-align: center;\">20-22<\/td>\n<td style=\"border: 1px solid #fff; text-align: center;\">19-20<\/td>\n<td style=\"border: 1px solid #fff; text-align: center;\">23-24<\/td>\n<\/tr>\n<tr>\n<td style=\"border: 1px solid #fff;\"><b>Weight<\/b><\/td>\n<td style=\"border: 1px solid #fff; text-align: center;\">40-55<\/td>\n<td style=\"border: 1px solid #fff; text-align: center;\">55-65<\/td>\n<td style=\"border: 1px solid #fff; text-align: center;\">65-75<\/td>\n<td style=\"border: 1px solid #fff; text-align: center;\">45-60<\/td>\n<td style=\"border: 1px solid #fff; text-align: center;\">60-75<\/td>\n<td style=\"border: 1px solid #fff; text-align: center;\">40-70<\/td>\n<td style=\"border: 1px solid #fff; text-align: center;\">75-115<\/td>\n<\/tr>\n<\/table>\n<p><\/p>\n","protected":false},"excerpt":{"rendered":"<p>Blumenspitze ist der perfekte Weg f\u00fcr einen romantischen Abend. Dieser klassische schwarze Petticoat verbindet sich mit dem Hals und die Seiten sind mit verstellbaren Korsetts versehen. An der Brust befinden sich kleine ritzenf\u00f6rmige Schlitze. Handw\u00e4sche . Nicht bleichen oder b\u00fcgeln. Zusammensetzung: 90% Nylon, 10% Spandex.<\/p>\n<p>EAN: 4890808166017<\/p>\n<p>                    MODEL 50004-1SMLS\/MM\/LS\/M\/LXL\/XXL<br \/>\n                            CupA\/BB\/CC\/DA\/BB\/CB\/CD\/DD<br \/>\n                            Bust81-8686-9191-9781-8691-9772-8190-108<br \/>\n                            Waist61-6666-7171-8161-6671-8161-8197-112<br \/>\n                            Hip86-9191-9797-10286-9197-10286-97107-122<br \/>\n                            Inseam88899089908993<br \/>\n                            Rise18-1919-2020-2219-2020-2219-2023-24<br \/>\n                            Weight40-5555-6565-7545-6060-7540-7075-115<\/p>\n","protected":false},"featured_media":3870,"comment_status":"closed","ping_status":"closed","template":"","meta":{"site-sidebar-layout":"default","site-content-layout":"","ast-site-content-layout":"default","site-content-style":"default","site-sidebar-style":"default","ast-global-header-display":"","ast-banner-title-visibility":"","ast-main-header-display":"","ast-hfb-above-header-display":"","ast-hfb-below-header-display":"","ast-hfb-mobile-header-display":"","site-post-title":"","ast-breadcrumbs-content":"","ast-featured-img":"","footer-sml-layout":"","ast-disable-related-posts":"","theme-transparent-header-meta":"","adv-header-id-meta":"","stick-header-meta":"","header-above-stick-meta":"","header-main-stick-meta":"","header-below-stick-meta":"","astra-migrate-meta-layouts":"default","ast-page-background-enabled":"default","ast-page-background-meta":{"desktop":{"background-color":"var(--ast-global-color-4)","background-image":"","background-repeat":"repeat","background-position":"center center","background-size":"auto","background-attachment":"scroll","background-type":"","background-media":"","overlay-type":"","overlay-color":"","overlay-opacity":"","overlay-gradient":""},"tablet":{"background-color":"","background-image":"","background-repeat":"repeat","background-position":"center center","background-size":"auto","background-attachment":"scroll","background-type":"","background-media":"","overlay-type":"","overlay-color":"","overlay-opacity":"","overlay-gradient":""},"mobile":{"background-color":"","background-image":"","background-repeat":"repeat","background-position":"center center","background-size":"auto","background-attachment":"scroll","background-type":"","background-media":"","overlay-type":"","overlay-color":"","overlay-opacity":"","overlay-gradient":""}},"ast-content-background-meta":{"desktop":{"background-color":"var(--ast-global-color-5)","background-image":"","background-repeat":"repeat","background-position":"center center","background-size":"auto","background-attachment":"scroll","background-type":"","background-media":"","overlay-type":"","overlay-color":"","overlay-opacity":"","overlay-gradient":""},"tablet":{"background-color":"var(--ast-global-color-5)","background-image":"","background-repeat":"repeat","background-position":"center center","background-size":"auto","background-attachment":"scroll","background-type":"","background-media":"","overlay-type":"","overlay-color":"","overlay-opacity":"","overlay-gradient":""},"mobile":{"background-color":"var(--ast-global-color-5)","background-image":"","background-repeat":"repeat","background-position":"center center","background-size":"auto","background-attachment":"scroll","background-type":"","background-media":"","overlay-type":"","overlay-color":"","overlay-opacity":"","overlay-gradient":""}}},"product_brand":[],"product_cat":[91,21],"product_tag":[],"class_list":{"0":"post-16521","1":"product","2":"type-product","3":"status-publish","4":"has-post-thumbnail","6":"product_cat-babydoll-unterwasche","7":"product_cat-unterwasche","8":"pa_cloth-90-nylon-10-spandex","9":"pa_color-schwarz","10":"pa_size-s-m-l","11":"pa_size-xl-xxl","12":"desktop-align-center","13":"tablet-align-left","14":"mobile-align-left","15":"ast-product-gallery-layout-horizontal-slider","16":"ast-product-single-variable","17":"ast-product-tabs-layout-distributed","18":"ast-qv-on-image","20":"first","21":"instock","22":"taxable","23":"shipping-taxable","24":"purchasable","25":"product-type-variable"},"aioseo_notices":[],"_links":{"self":[{"href":"https:\/\/kapayou.ch\/index.php?rest_route=\/wp\/v2\/product\/16521","targetHints":{"allow":["GET"]}}],"collection":[{"href":"https:\/\/kapayou.ch\/index.php?rest_route=\/wp\/v2\/product"}],"about":[{"href":"https:\/\/kapayou.ch\/index.php?rest_route=\/wp\/v2\/types\/product"}],"replies":[{"embeddable":true,"href":"https:\/\/kapayou.ch\/index.php?rest_route=%2Fwp%2Fv2%2Fcomments&post=16521"}],"version-history":[{"count":1,"href":"https:\/\/kapayou.ch\/index.php?rest_route=\/wp\/v2\/product\/16521\/revisions"}],"predecessor-version":[{"id":18125,"href":"https:\/\/kapayou.ch\/index.php?rest_route=\/wp\/v2\/product\/16521\/revisions\/18125"}],"wp:featuredmedia":[{"embeddable":true,"href":"https:\/\/kapayou.ch\/index.php?rest_route=\/wp\/v2\/media\/3870"}],"wp:attachment":[{"href":"https:\/\/kapayou.ch\/index.php?rest_route=%2Fwp%2Fv2%2Fmedia&parent=16521"}],"wp:term":[{"taxonomy":"product_brand","embeddable":true,"href":"https:\/\/kapayou.ch\/index.php?rest_route=%2Fwp%2Fv2%2Fproduct_brand&post=16521"},{"taxonomy":"product_cat","embeddable":true,"href":"https:\/\/kapayou.ch\/index.php?rest_route=%2Fwp%2Fv2%2Fproduct_cat&post=16521"},{"taxonomy":"product_tag","embeddable":true,"href":"https:\/\/kapayou.ch\/index.php?rest_route=%2Fwp%2Fv2%2Fproduct_tag&post=16521"}],"curies":[{"name":"wp","href":"https:\/\/api.w.org\/{rel}","templated":true}]}}