{"id":16513,"date":"2023-09-14T15:50:33","date_gmt":"2023-09-14T15:50:33","guid":{"rendered":"https:\/\/kapayou.ch\/?product=obsessive-f-bodystocking-schwarz-muster-4"},"modified":"2023-09-16T12:32:02","modified_gmt":"2023-09-16T12:32:02","slug":"obsessive-f-bodystocking-schwarz-muster-4","status":"publish","type":"product","link":"https:\/\/kapayou.ch\/?product=obsessive-f-bodystocking-schwarz-muster-4","title":{"rendered":"OBSESSIVE F BODYSTOCKING SCHWARZ MUSTER"},"content":{"rendered":"<p>Sexy Bodystocking perfekt auf den K\u00f6rper abgestimmt! Dieses sexy Kleid hat ein abnehmendes vertikales Muster, zwei in einem &#8211; ein verf\u00fchrerisches Oberteil in Kombination mit Str\u00fcmpfen. Weiches und flexibles Material (90% Nylon, 10% Elasthan). Handw\u00e4sche Gr\u00f6\u00dfen S \/ M \/ L.<\/p>\n<p>EAN : 5901688202616<\/p>\n<table style=\"border-collapse: collapse;\" cellpadding=\"4\">\n<tr>\n<td style=\"width:180px; border: 1px solid #fff;\"><b>MODEL 50005-3<\/b><\/td>\n<td style=\"width:70px; border: 1px solid #fff; text-align: center;\"><b>S\/M\/L<\/b><\/td>\n<td style=\"width:70px; border: 1px solid #fff; text-align: center;\"><b>XL\/XXL<\/b><\/td>\n<\/tr>\n<tr>\n<td style=\"border: 1px solid #fff;\"><b>Waist<\/b><\/td>\n<td style=\"border: 1px solid #fff; text-align: center;\">60-85<\/td>\n<td style=\"border: 1px solid #fff; text-align: center;\">90-105<\/td>\n<\/tr>\n<tr>\n<td style=\"border: 1px solid #fff;\"><b>Hip<\/b><\/td>\n<td style=\"border: 1px solid #fff; text-align: center;\">85-100<\/td>\n<td style=\"border: 1px solid #fff; text-align: center;\">105-125<\/td>\n<\/tr>\n<\/table>\n<p><\/p>\n","protected":false},"excerpt":{"rendered":"<p>Sexy Bodystocking perfekt auf den K\u00f6rper abgestimmt! Dieses sexy Kleid hat ein abnehmendes vertikales Muster, zwei in einem &#8211; ein verf\u00fchrerisches Oberteil in Kombination mit Str\u00fcmpfen. Weiches und flexibles Material (90% Nylon, 10% Elasthan). Handw\u00e4sche Gr\u00f6\u00dfen S \/ M \/ L.<\/p>\n<p>EAN : 5901688202616<\/p>\n<p>                    MODEL 50005-3S\/M\/LXL\/XXL<br \/>\n                            Waist60-8590-105<br \/>\n                            Hip85-100105-125<\/p>\n","protected":false},"featured_media":3855,"comment_status":"closed","ping_status":"closed","template":"","meta":{"site-sidebar-layout":"default","site-content-layout":"","ast-site-content-layout":"default","site-content-style":"default","site-sidebar-style":"default","ast-global-header-display":"","ast-banner-title-visibility":"","ast-main-header-display":"","ast-hfb-above-header-display":"","ast-hfb-below-header-display":"","ast-hfb-mobile-header-display":"","site-post-title":"","ast-breadcrumbs-content":"","ast-featured-img":"","footer-sml-layout":"","ast-disable-related-posts":"","theme-transparent-header-meta":"","adv-header-id-meta":"","stick-header-meta":"","header-above-stick-meta":"","header-main-stick-meta":"","header-below-stick-meta":"","astra-migrate-meta-layouts":"default","ast-page-background-enabled":"default","ast-page-background-meta":{"desktop":{"background-color":"var(--ast-global-color-4)","background-image":"","background-repeat":"repeat","background-position":"center center","background-size":"auto","background-attachment":"scroll","background-type":"","background-media":"","overlay-type":"","overlay-color":"","overlay-opacity":"","overlay-gradient":""},"tablet":{"background-color":"","background-image":"","background-repeat":"repeat","background-position":"center center","background-size":"auto","background-attachment":"scroll","background-type":"","background-media":"","overlay-type":"","overlay-color":"","overlay-opacity":"","overlay-gradient":""},"mobile":{"background-color":"","background-image":"","background-repeat":"repeat","background-position":"center center","background-size":"auto","background-attachment":"scroll","background-type":"","background-media":"","overlay-type":"","overlay-color":"","overlay-opacity":"","overlay-gradient":""}},"ast-content-background-meta":{"desktop":{"background-color":"var(--ast-global-color-5)","background-image":"","background-repeat":"repeat","background-position":"center center","background-size":"auto","background-attachment":"scroll","background-type":"","background-media":"","overlay-type":"","overlay-color":"","overlay-opacity":"","overlay-gradient":""},"tablet":{"background-color":"var(--ast-global-color-5)","background-image":"","background-repeat":"repeat","background-position":"center center","background-size":"auto","background-attachment":"scroll","background-type":"","background-media":"","overlay-type":"","overlay-color":"","overlay-opacity":"","overlay-gradient":""},"mobile":{"background-color":"var(--ast-global-color-5)","background-image":"","background-repeat":"repeat","background-position":"center center","background-size":"auto","background-attachment":"scroll","background-type":"","background-media":"","overlay-type":"","overlay-color":"","overlay-opacity":"","overlay-gradient":""}}},"product_brand":[],"product_cat":[137,21],"product_tag":[],"class_list":{"0":"post-16513","1":"product","2":"type-product","3":"status-publish","4":"has-post-thumbnail","6":"product_cat-bodystocking-unterwasche","7":"product_cat-unterwasche","8":"pa_cloth-90-nylon-10-elastan","9":"pa_color-schwarz","10":"pa_size-s-m-l","11":"desktop-align-center","12":"tablet-align-left","13":"mobile-align-left","14":"ast-product-gallery-layout-horizontal-slider","15":"ast-product-tabs-layout-distributed","16":"ast-qv-on-image","18":"first","19":"instock","20":"taxable","21":"shipping-taxable","22":"purchasable","23":"product-type-simple"},"aioseo_notices":[],"_links":{"self":[{"href":"https:\/\/kapayou.ch\/index.php?rest_route=\/wp\/v2\/product\/16513","targetHints":{"allow":["GET"]}}],"collection":[{"href":"https:\/\/kapayou.ch\/index.php?rest_route=\/wp\/v2\/product"}],"about":[{"href":"https:\/\/kapayou.ch\/index.php?rest_route=\/wp\/v2\/types\/product"}],"replies":[{"embeddable":true,"href":"https:\/\/kapayou.ch\/index.php?rest_route=%2Fwp%2Fv2%2Fcomments&post=16513"}],"version-history":[{"count":1,"href":"https:\/\/kapayou.ch\/index.php?rest_route=\/wp\/v2\/product\/16513\/revisions"}],"predecessor-version":[{"id":18130,"href":"https:\/\/kapayou.ch\/index.php?rest_route=\/wp\/v2\/product\/16513\/revisions\/18130"}],"wp:featuredmedia":[{"embeddable":true,"href":"https:\/\/kapayou.ch\/index.php?rest_route=\/wp\/v2\/media\/3855"}],"wp:attachment":[{"href":"https:\/\/kapayou.ch\/index.php?rest_route=%2Fwp%2Fv2%2Fmedia&parent=16513"}],"wp:term":[{"taxonomy":"product_brand","embeddable":true,"href":"https:\/\/kapayou.ch\/index.php?rest_route=%2Fwp%2Fv2%2Fproduct_brand&post=16513"},{"taxonomy":"product_cat","embeddable":true,"href":"https:\/\/kapayou.ch\/index.php?rest_route=%2Fwp%2Fv2%2Fproduct_cat&post=16513"},{"taxonomy":"product_tag","embeddable":true,"href":"https:\/\/kapayou.ch\/index.php?rest_route=%2Fwp%2Fv2%2Fproduct_tag&post=16513"}],"curies":[{"name":"wp","href":"https:\/\/api.w.org\/{rel}","templated":true}]}}