{"id":16483,"date":"2023-09-14T15:50:23","date_gmt":"2023-09-14T15:50:23","guid":{"rendered":"https:\/\/kapayou.ch\/?product=baci-bodystocking-schwarz-muster-31"},"modified":"2023-09-16T12:32:03","modified_gmt":"2023-09-16T12:32:03","slug":"baci-bodystocking-schwarz-muster-31","status":"publish","type":"product","link":"https:\/\/kapayou.ch\/?product=baci-bodystocking-schwarz-muster-31","title":{"rendered":"BACI BODYSTOCKING SCHWARZ MUSTER"},"content":{"rendered":"<p>Sexy Bodystocking perfekt auf den K\u00f6rper abgestimmt! Dieses sexy Outfit hat zwei in einem &#8211; ein verf\u00fchrerisches Oberteil in Kombination mit Str\u00fcmpfen. Weiches und flexibles Material (90% Nylon, 10% Elasthan). Handw\u00e4sche Gr\u00f6\u00dfen S \/ M \/ L.<br \/>\nEAN: 4890808176603<\/p>\n<table style=\"border-collapse: collapse;\" cellpadding=\"4\">\n<tr>\n<td style=\"width:180px; border: 1px solid #fff;\"><b>MODEL 50008-10<\/b><\/td>\n<td style=\"width:70px; border: 1px solid #fff; text-align: center;\"><b>S<\/b><\/td>\n<td style=\"width:70px; border: 1px solid #fff; text-align: center;\"><b>M<\/b><\/td>\n<td style=\"width:70px; border: 1px solid #fff; text-align: center;\"><b>L<\/b><\/td>\n<td style=\"width:70px; border: 1px solid #fff; text-align: center;\"><b>S\/M<\/b><\/td>\n<td style=\"width:70px; border: 1px solid #fff; text-align: center;\"><b>M\/L<\/b><\/td>\n<td style=\"width:70px; border: 1px solid #fff; text-align: center;\"><b>S\/M\/L<\/b><\/td>\n<td style=\"width:70px; border: 1px solid #fff; text-align: center;\"><b>XL\/XXL<\/b><\/td>\n<\/tr>\n<tr>\n<td style=\"border: 1px solid #fff;\"><b>Cup<\/b><\/td>\n<td style=\"border: 1px solid #fff; text-align: center;\">A\/B<\/td>\n<td style=\"border: 1px solid #fff; text-align: center;\">B\/C<\/td>\n<td style=\"border: 1px solid #fff; text-align: center;\">C\/D<\/td>\n<td style=\"border: 1px solid #fff; text-align: center;\">A\/B<\/td>\n<td style=\"border: 1px solid #fff; text-align: center;\">B\/C<\/td>\n<td style=\"border: 1px solid #fff; text-align: center;\">B\/C<\/td>\n<td style=\"border: 1px solid #fff; text-align: center;\">D\/DD<\/td>\n<\/tr>\n<tr>\n<td style=\"border: 1px solid #fff;\"><b>Bust<\/b><\/td>\n<td style=\"border: 1px solid #fff; text-align: center;\">81-86<\/td>\n<td style=\"border: 1px solid #fff; text-align: center;\">86-91<\/td>\n<td style=\"border: 1px solid #fff; text-align: center;\">91-97<\/td>\n<td style=\"border: 1px solid #fff; text-align: center;\">81-86<\/td>\n<td style=\"border: 1px solid #fff; text-align: center;\">91-97<\/td>\n<td style=\"border: 1px solid #fff; text-align: center;\">72-81<\/td>\n<td style=\"border: 1px solid #fff; text-align: center;\">90-108<\/td>\n<\/tr>\n<tr>\n<td style=\"border: 1px solid #fff;\"><b>Waist<\/b><\/td>\n<td style=\"border: 1px solid #fff; text-align: center;\">61-66<\/td>\n<td style=\"border: 1px solid #fff; text-align: center;\">66-71<\/td>\n<td style=\"border: 1px solid #fff; text-align: center;\">71-81<\/td>\n<td style=\"border: 1px solid #fff; text-align: center;\">61-66<\/td>\n<td style=\"border: 1px solid #fff; text-align: center;\">71-81<\/td>\n<td style=\"border: 1px solid #fff; text-align: center;\">61-81<\/td>\n<td style=\"border: 1px solid #fff; text-align: center;\">97-112<\/td>\n<\/tr>\n<tr>\n<td style=\"border: 1px solid #fff;\"><b>Hip<\/b><\/td>\n<td style=\"border: 1px solid #fff; text-align: center;\">86-91<\/td>\n<td style=\"border: 1px solid #fff; text-align: center;\">91-97<\/td>\n<td style=\"border: 1px solid #fff; text-align: center;\">97-102<\/td>\n<td style=\"border: 1px solid #fff; text-align: center;\">86-91<\/td>\n<td style=\"border: 1px solid #fff; text-align: center;\">97-102<\/td>\n<td style=\"border: 1px solid #fff; text-align: center;\">86-97<\/td>\n<td style=\"border: 1px solid #fff; text-align: center;\">107-122<\/td>\n<\/tr>\n<tr>\n<td style=\"border: 1px solid #fff;\"><b>Inseam<\/b><\/td>\n<td style=\"border: 1px solid #fff; text-align: center;\">88<\/td>\n<td style=\"border: 1px solid #fff; text-align: center;\">89<\/td>\n<td style=\"border: 1px solid #fff; text-align: center;\">90<\/td>\n<td style=\"border: 1px solid #fff; text-align: center;\">89<\/td>\n<td style=\"border: 1px solid #fff; text-align: center;\">90<\/td>\n<td style=\"border: 1px solid #fff; text-align: center;\">89<\/td>\n<td style=\"border: 1px solid #fff; text-align: center;\">93<\/td>\n<\/tr>\n<tr>\n<td style=\"border: 1px solid #fff;\"><b>Rise<\/b><\/td>\n<td style=\"border: 1px solid #fff; text-align: center;\">18-19<\/td>\n<td style=\"border: 1px solid #fff; text-align: center;\">19-20<\/td>\n<td style=\"border: 1px solid #fff; text-align: center;\">20-22<\/td>\n<td style=\"border: 1px solid #fff; text-align: center;\">19-20<\/td>\n<td style=\"border: 1px solid #fff; text-align: center;\">20-22<\/td>\n<td style=\"border: 1px solid #fff; text-align: center;\">19-20<\/td>\n<td style=\"border: 1px solid #fff; text-align: center;\">23-24<\/td>\n<\/tr>\n<tr>\n<td style=\"border: 1px solid #fff;\"><b>Weight<\/b><\/td>\n<td style=\"border: 1px solid #fff; text-align: center;\">40-55<\/td>\n<td style=\"border: 1px solid #fff; text-align: center;\">55-65<\/td>\n<td style=\"border: 1px solid #fff; text-align: center;\">65-75<\/td>\n<td style=\"border: 1px solid #fff; text-align: center;\">45-60<\/td>\n<td style=\"border: 1px solid #fff; text-align: center;\">60-75<\/td>\n<td style=\"border: 1px solid #fff; text-align: center;\">40-70<\/td>\n<td style=\"border: 1px solid #fff; text-align: center;\">75-115<\/td>\n<\/tr>\n<\/table>\n<p><\/p>\n","protected":false},"excerpt":{"rendered":"<p>Sexy Bodystocking perfekt auf den K\u00f6rper abgestimmt! Dieses sexy Outfit hat zwei in einem &#8211; ein verf\u00fchrerisches Oberteil in Kombination mit Str\u00fcmpfen. Weiches und flexibles Material (90% Nylon, 10% Elasthan). Handw\u00e4sche Gr\u00f6\u00dfen S \/ M \/ L.<br \/>\nEAN: 4890808176603<\/p>\n<p>                    MODEL 50008-10SMLS\/MM\/LS\/M\/LXL\/XXL<br \/>\n                            CupA\/BB\/CC\/DA\/BB\/CB\/CD\/DD<br \/>\n                            Bust81-8686-9191-9781-8691-9772-8190-108<br \/>\n                            Waist61-6666-7171-8161-6671-8161-8197-112<br \/>\n                            Hip86-9191-9797-10286-9197-10286-97107-122<br \/>\n                            Inseam88899089908993<br \/>\n                            Rise18-1919-2020-2219-2020-2219-2023-24<br \/>\n                            Weight40-5555-6565-7545-6060-7540-7075-115<\/p>\n","protected":false},"featured_media":3802,"comment_status":"closed","ping_status":"closed","template":"","meta":{"site-sidebar-layout":"default","site-content-layout":"","ast-site-content-layout":"default","site-content-style":"default","site-sidebar-style":"default","ast-global-header-display":"","ast-banner-title-visibility":"","ast-main-header-display":"","ast-hfb-above-header-display":"","ast-hfb-below-header-display":"","ast-hfb-mobile-header-display":"","site-post-title":"","ast-breadcrumbs-content":"","ast-featured-img":"","footer-sml-layout":"","ast-disable-related-posts":"","theme-transparent-header-meta":"","adv-header-id-meta":"","stick-header-meta":"","header-above-stick-meta":"","header-main-stick-meta":"","header-below-stick-meta":"","astra-migrate-meta-layouts":"default","ast-page-background-enabled":"default","ast-page-background-meta":{"desktop":{"background-color":"var(--ast-global-color-4)","background-image":"","background-repeat":"repeat","background-position":"center center","background-size":"auto","background-attachment":"scroll","background-type":"","background-media":"","overlay-type":"","overlay-color":"","overlay-opacity":"","overlay-gradient":""},"tablet":{"background-color":"","background-image":"","background-repeat":"repeat","background-position":"center center","background-size":"auto","background-attachment":"scroll","background-type":"","background-media":"","overlay-type":"","overlay-color":"","overlay-opacity":"","overlay-gradient":""},"mobile":{"background-color":"","background-image":"","background-repeat":"repeat","background-position":"center center","background-size":"auto","background-attachment":"scroll","background-type":"","background-media":"","overlay-type":"","overlay-color":"","overlay-opacity":"","overlay-gradient":""}},"ast-content-background-meta":{"desktop":{"background-color":"var(--ast-global-color-5)","background-image":"","background-repeat":"repeat","background-position":"center center","background-size":"auto","background-attachment":"scroll","background-type":"","background-media":"","overlay-type":"","overlay-color":"","overlay-opacity":"","overlay-gradient":""},"tablet":{"background-color":"var(--ast-global-color-5)","background-image":"","background-repeat":"repeat","background-position":"center center","background-size":"auto","background-attachment":"scroll","background-type":"","background-media":"","overlay-type":"","overlay-color":"","overlay-opacity":"","overlay-gradient":""},"mobile":{"background-color":"var(--ast-global-color-5)","background-image":"","background-repeat":"repeat","background-position":"center center","background-size":"auto","background-attachment":"scroll","background-type":"","background-media":"","overlay-type":"","overlay-color":"","overlay-opacity":"","overlay-gradient":""}}},"product_brand":[],"product_cat":[137,21],"product_tag":[],"class_list":{"0":"post-16483","1":"product","2":"type-product","3":"status-publish","4":"has-post-thumbnail","6":"product_cat-bodystocking-unterwasche","7":"product_cat-unterwasche","8":"pa_cloth-93-nylon-7-spandex","9":"pa_color-schwarz","10":"pa_size-xl-xxl","11":"desktop-align-center","12":"tablet-align-left","13":"mobile-align-left","14":"ast-product-gallery-layout-horizontal-slider","15":"ast-product-tabs-layout-distributed","16":"ast-qv-on-image","18":"first","19":"instock","20":"taxable","21":"shipping-taxable","22":"purchasable","23":"product-type-simple"},"aioseo_notices":[],"_links":{"self":[{"href":"https:\/\/kapayou.ch\/index.php?rest_route=\/wp\/v2\/product\/16483","targetHints":{"allow":["GET"]}}],"collection":[{"href":"https:\/\/kapayou.ch\/index.php?rest_route=\/wp\/v2\/product"}],"about":[{"href":"https:\/\/kapayou.ch\/index.php?rest_route=\/wp\/v2\/types\/product"}],"replies":[{"embeddable":true,"href":"https:\/\/kapayou.ch\/index.php?rest_route=%2Fwp%2Fv2%2Fcomments&post=16483"}],"version-history":[{"count":1,"href":"https:\/\/kapayou.ch\/index.php?rest_route=\/wp\/v2\/product\/16483\/revisions"}],"predecessor-version":[{"id":18145,"href":"https:\/\/kapayou.ch\/index.php?rest_route=\/wp\/v2\/product\/16483\/revisions\/18145"}],"wp:featuredmedia":[{"embeddable":true,"href":"https:\/\/kapayou.ch\/index.php?rest_route=\/wp\/v2\/media\/3802"}],"wp:attachment":[{"href":"https:\/\/kapayou.ch\/index.php?rest_route=%2Fwp%2Fv2%2Fmedia&parent=16483"}],"wp:term":[{"taxonomy":"product_brand","embeddable":true,"href":"https:\/\/kapayou.ch\/index.php?rest_route=%2Fwp%2Fv2%2Fproduct_brand&post=16483"},{"taxonomy":"product_cat","embeddable":true,"href":"https:\/\/kapayou.ch\/index.php?rest_route=%2Fwp%2Fv2%2Fproduct_cat&post=16483"},{"taxonomy":"product_tag","embeddable":true,"href":"https:\/\/kapayou.ch\/index.php?rest_route=%2Fwp%2Fv2%2Fproduct_tag&post=16483"}],"curies":[{"name":"wp","href":"https:\/\/api.w.org\/{rel}","templated":true}]}}