{"id":16361,"date":"2023-09-14T15:49:48","date_gmt":"2023-09-14T15:49:48","guid":{"rendered":"https:\/\/kapayou.ch\/?product=obssesive-sexy-tanga-aus-spitze-miamor-2"},"modified":"2023-09-16T12:32:09","modified_gmt":"2023-09-16T12:32:09","slug":"obssesive-sexy-tanga-aus-spitze-miamor-2","status":"publish","type":"product","link":"https:\/\/kapayou.ch\/?product=obssesive-sexy-tanga-aus-spitze-miamor-2","title":{"rendered":"OBSSESIVE Sexy Tanga Aus Spitze MIAMOR"},"content":{"rendered":"<p>Exklusive Details der &#8220;Miamor&#8221; Tangas: ein einzigartiger Tanga mit einer w\u00fcrzigen \u00dcberraschung, eine magische Kombination aus Spitze und gl\u00e4nzenden Steinen, kleine offene Falten auf der Vorderseite, die zum Spielen anregen, offene Stufen und die Spitze sieht gut aus und betont die K\u00f6rperformen perfekt. Sch\u00f6ne und flexible Stoffe (90% Polyamid, 10% Elasthan). Gr\u00f6\u00dfe S \/ M<br \/>\nEAN: 5901688209936<\/p>\n<table style=\"border-collapse: collapse;\" cellpadding=\"4\">\n<tr>\n<td style=\"width:180px; border: 1px solid #fff;\"><b>MODEL 50007-3<\/b><\/td>\n<td style=\"width:70px; border: 1px solid #fff; text-align: center;\"><b>S\/M<\/b><\/td>\n<td style=\"width:70px; border: 1px solid #fff; text-align: center;\"><b>L\/XL<\/b><\/td>\n<td style=\"width:70px; border: 1px solid #fff; text-align: center;\"><b>XXL<\/b><\/td>\n<\/tr>\n<tr>\n<td style=\"border: 1px solid #fff;\"><b>Taille<\/b><\/td>\n<td style=\"border: 1px solid #fff; text-align: center;\">60-75<\/td>\n<td style=\"border: 1px solid #fff; text-align: center;\">75-90<\/td>\n<td style=\"border: 1px solid #fff; text-align: center;\">90-100<\/td>\n<\/tr>\n<tr>\n<td style=\"border: 1px solid #fff;\"><b>Lenden<\/b><\/td>\n<td style=\"border: 1px solid #fff; text-align: center;\">90-100<\/td>\n<td style=\"border: 1px solid #fff; text-align: center;\">100-110<\/td>\n<td style=\"border: 1px solid #fff; text-align: center;\">110-120<\/td>\n<\/tr>\n<tr>\n<td style=\"border: 1px solid #fff;\"><b>B\u00fcste<\/b><\/td>\n<td style=\"border: 1px solid #fff; text-align: center;\">80-90<\/td>\n<td style=\"border: 1px solid #fff; text-align: center;\">90-100<\/td>\n<td style=\"border: 1px solid #fff; text-align: center;\">100-115<\/td>\n<\/tr>\n<\/table>\n<p><\/p>\n","protected":false},"excerpt":{"rendered":"<p>Exklusive Details der &#8220;Miamor&#8221; Tangas: ein einzigartiger Tanga mit einer w\u00fcrzigen \u00dcberraschung, eine magische Kombination aus Spitze und gl\u00e4nzenden Steinen, kleine offene Falten auf der Vorderseite, die zum Spielen anregen, offene Stufen und die Spitze sieht gut aus und betont die K\u00f6rperformen perfekt. Sch\u00f6ne und flexible Stoffe (90% Polyamid, 10% Elasthan). Gr\u00f6\u00dfe S \/ M<br \/>\nEAN: 5901688209936<\/p>\n<p>                    MODEL 50007-3S\/ML\/XLXXL<br \/>\n                            Taille60-7575-9090-100<br \/>\n                            Lenden90-100100-110110-120<br \/>\n                            B\u00fcste80-9090-100100-115<\/p>\n","protected":false},"featured_media":3650,"comment_status":"closed","ping_status":"closed","template":"","meta":{"site-sidebar-layout":"default","site-content-layout":"","ast-site-content-layout":"default","site-content-style":"default","site-sidebar-style":"default","ast-global-header-display":"","ast-banner-title-visibility":"","ast-main-header-display":"","ast-hfb-above-header-display":"","ast-hfb-below-header-display":"","ast-hfb-mobile-header-display":"","site-post-title":"","ast-breadcrumbs-content":"","ast-featured-img":"","footer-sml-layout":"","ast-disable-related-posts":"","theme-transparent-header-meta":"","adv-header-id-meta":"","stick-header-meta":"","header-above-stick-meta":"","header-main-stick-meta":"","header-below-stick-meta":"","astra-migrate-meta-layouts":"default","ast-page-background-enabled":"default","ast-page-background-meta":{"desktop":{"background-color":"var(--ast-global-color-4)","background-image":"","background-repeat":"repeat","background-position":"center center","background-size":"auto","background-attachment":"scroll","background-type":"","background-media":"","overlay-type":"","overlay-color":"","overlay-opacity":"","overlay-gradient":""},"tablet":{"background-color":"","background-image":"","background-repeat":"repeat","background-position":"center center","background-size":"auto","background-attachment":"scroll","background-type":"","background-media":"","overlay-type":"","overlay-color":"","overlay-opacity":"","overlay-gradient":""},"mobile":{"background-color":"","background-image":"","background-repeat":"repeat","background-position":"center center","background-size":"auto","background-attachment":"scroll","background-type":"","background-media":"","overlay-type":"","overlay-color":"","overlay-opacity":"","overlay-gradient":""}},"ast-content-background-meta":{"desktop":{"background-color":"var(--ast-global-color-5)","background-image":"","background-repeat":"repeat","background-position":"center center","background-size":"auto","background-attachment":"scroll","background-type":"","background-media":"","overlay-type":"","overlay-color":"","overlay-opacity":"","overlay-gradient":""},"tablet":{"background-color":"var(--ast-global-color-5)","background-image":"","background-repeat":"repeat","background-position":"center center","background-size":"auto","background-attachment":"scroll","background-type":"","background-media":"","overlay-type":"","overlay-color":"","overlay-opacity":"","overlay-gradient":""},"mobile":{"background-color":"var(--ast-global-color-5)","background-image":"","background-repeat":"repeat","background-position":"center center","background-size":"auto","background-attachment":"scroll","background-type":"","background-media":"","overlay-type":"","overlay-color":"","overlay-opacity":"","overlay-gradient":""}}},"product_brand":[],"product_cat":[107,21],"product_tag":[],"class_list":{"0":"post-16361","1":"product","2":"type-product","3":"status-publish","4":"has-post-thumbnail","6":"product_cat-hoschen-unterwasche","7":"product_cat-unterwasche","8":"pa_cloth-94-poliamid-6-elastan","9":"pa_color-schwarz","10":"pa_size-l-xl","11":"pa_size-s-m","12":"pa_size-xxl","13":"desktop-align-center","14":"tablet-align-left","15":"mobile-align-left","16":"ast-product-gallery-layout-horizontal-slider","17":"ast-product-single-variable","18":"ast-product-tabs-layout-distributed","19":"ast-qv-on-image","21":"first","22":"instock","23":"taxable","24":"shipping-taxable","25":"purchasable","26":"product-type-variable"},"aioseo_notices":[],"_links":{"self":[{"href":"https:\/\/kapayou.ch\/index.php?rest_route=\/wp\/v2\/product\/16361","targetHints":{"allow":["GET"]}}],"collection":[{"href":"https:\/\/kapayou.ch\/index.php?rest_route=\/wp\/v2\/product"}],"about":[{"href":"https:\/\/kapayou.ch\/index.php?rest_route=\/wp\/v2\/types\/product"}],"replies":[{"embeddable":true,"href":"https:\/\/kapayou.ch\/index.php?rest_route=%2Fwp%2Fv2%2Fcomments&post=16361"}],"version-history":[{"count":1,"href":"https:\/\/kapayou.ch\/index.php?rest_route=\/wp\/v2\/product\/16361\/revisions"}],"predecessor-version":[{"id":18196,"href":"https:\/\/kapayou.ch\/index.php?rest_route=\/wp\/v2\/product\/16361\/revisions\/18196"}],"wp:featuredmedia":[{"embeddable":true,"href":"https:\/\/kapayou.ch\/index.php?rest_route=\/wp\/v2\/media\/3650"}],"wp:attachment":[{"href":"https:\/\/kapayou.ch\/index.php?rest_route=%2Fwp%2Fv2%2Fmedia&parent=16361"}],"wp:term":[{"taxonomy":"product_brand","embeddable":true,"href":"https:\/\/kapayou.ch\/index.php?rest_route=%2Fwp%2Fv2%2Fproduct_brand&post=16361"},{"taxonomy":"product_cat","embeddable":true,"href":"https:\/\/kapayou.ch\/index.php?rest_route=%2Fwp%2Fv2%2Fproduct_cat&post=16361"},{"taxonomy":"product_tag","embeddable":true,"href":"https:\/\/kapayou.ch\/index.php?rest_route=%2Fwp%2Fv2%2Fproduct_tag&post=16361"}],"curies":[{"name":"wp","href":"https:\/\/api.w.org\/{rel}","templated":true}]}}