{"id":16185,"date":"2023-09-14T15:49:00","date_gmt":"2023-09-14T15:49:00","guid":{"rendered":"https:\/\/kapayou.ch\/?product=obssesive-sexy-spitze-gesetzt"},"modified":"2023-09-16T12:32:23","modified_gmt":"2023-09-16T12:32:23","slug":"obssesive-sexy-spitze-gesetzt","status":"publish","type":"product","link":"https:\/\/kapayou.ch\/?product=obssesive-sexy-spitze-gesetzt","title":{"rendered":"OBSSESIVE Sexy Spitze Gesetzt"},"content":{"rendered":"<p>Ein sexy Set f\u00fcr eine charmante Kokette. BH aus gebl\u00fcmter Spitze, verstellbaren Tr\u00e4gern und Verschluss unterstreichen die Brust perfekt.<br \/>\nZirkonherz (ohne Nickel!) Und eine Satinschleife zwischen den Cups f\u00fcgt einen femininen Charme hinzu. Sch\u00f6n dekorierter Strumpfg\u00fcrtel mit zus\u00e4tzlichem Spitzeng\u00fcrtel und zwei verstellbaren Verschl\u00fcssen. Passende Riemen enthalten. Str\u00fcmpfe separat erh\u00e4ltlich. Extrem weiche, elastische Stoffe (85% Polyamid, 15% Elasthan). Gr\u00f6\u00dfe S \/ M und L \/ XL. EAN:<br \/>\n5901688211519, 5901688211526<\/p>\n<table style=\"border-collapse: collapse;\" cellpadding=\"4\">\n<tr>\n<td style=\"width:180px; border: 1px solid #fff;\"><b>MODEL 50014-14<\/b><\/td>\n<td style=\"width:70px; border: 1px solid #fff; text-align: center;\"><b>S\/M<\/b><\/td>\n<td style=\"width:70px; border: 1px solid #fff; text-align: center;\"><b>L\/XL<\/b><\/td>\n<td style=\"width:70px; border: 1px solid #fff; text-align: center;\"><b>XXL<\/b><\/td>\n<\/tr>\n<tr>\n<td style=\"border: 1px solid #fff;\"><b>Taille<\/b><\/td>\n<td style=\"border: 1px solid #fff; text-align: center;\">60-75<\/td>\n<td style=\"border: 1px solid #fff; text-align: center;\">75-90<\/td>\n<td style=\"border: 1px solid #fff; text-align: center;\">90-100<\/td>\n<\/tr>\n<tr>\n<td style=\"border: 1px solid #fff;\"><b>Lenden<\/b><\/td>\n<td style=\"border: 1px solid #fff; text-align: center;\">90-100<\/td>\n<td style=\"border: 1px solid #fff; text-align: center;\">100-110<\/td>\n<td style=\"border: 1px solid #fff; text-align: center;\">110-120<\/td>\n<\/tr>\n<tr>\n<td style=\"border: 1px solid #fff;\"><b>B\u00fcste<\/b><\/td>\n<td style=\"border: 1px solid #fff; text-align: center;\">80-90<\/td>\n<td style=\"border: 1px solid #fff; text-align: center;\">90-100<\/td>\n<td style=\"border: 1px solid #fff; text-align: center;\">100-115<\/td>\n<\/tr>\n<\/table>\n<p><\/p>\n","protected":false},"excerpt":{"rendered":"<p>Ein sexy Set f\u00fcr eine charmante Kokette. BH aus gebl\u00fcmter Spitze, verstellbaren Tr\u00e4gern und Verschluss unterstreichen die Brust perfekt.<br \/>\nZirkonherz (ohne Nickel!) Und eine Satinschleife zwischen den Cups f\u00fcgt einen femininen Charme hinzu. Sch\u00f6n dekorierter Strumpfg\u00fcrtel mit zus\u00e4tzlichem Spitzeng\u00fcrtel und zwei verstellbaren Verschl\u00fcssen. Passende Riemen enthalten. Str\u00fcmpfe separat erh\u00e4ltlich. Extrem weiche, elastische Stoffe (85% Polyamid, 15% Elasthan). Gr\u00f6\u00dfe S \/ M und L \/ XL. EAN:<br \/>\n5901688211519, 5901688211526<\/p>\n<p>                    MODEL 50014-14S\/ML\/XLXXL<br \/>\n                            Taille60-7575-9090-100<br \/>\n                            Lenden90-100100-110110-120<br \/>\n                            B\u00fcste80-9090-100100-115<\/p>\n","protected":false},"featured_media":3424,"comment_status":"closed","ping_status":"closed","template":"","meta":{"site-sidebar-layout":"default","site-content-layout":"","ast-site-content-layout":"default","site-content-style":"default","site-sidebar-style":"default","ast-global-header-display":"","ast-banner-title-visibility":"","ast-main-header-display":"","ast-hfb-above-header-display":"","ast-hfb-below-header-display":"","ast-hfb-mobile-header-display":"","site-post-title":"","ast-breadcrumbs-content":"","ast-featured-img":"","footer-sml-layout":"","ast-disable-related-posts":"","theme-transparent-header-meta":"","adv-header-id-meta":"","stick-header-meta":"","header-above-stick-meta":"","header-main-stick-meta":"","header-below-stick-meta":"","astra-migrate-meta-layouts":"default","ast-page-background-enabled":"default","ast-page-background-meta":{"desktop":{"background-color":"var(--ast-global-color-4)","background-image":"","background-repeat":"repeat","background-position":"center center","background-size":"auto","background-attachment":"scroll","background-type":"","background-media":"","overlay-type":"","overlay-color":"","overlay-opacity":"","overlay-gradient":""},"tablet":{"background-color":"","background-image":"","background-repeat":"repeat","background-position":"center center","background-size":"auto","background-attachment":"scroll","background-type":"","background-media":"","overlay-type":"","overlay-color":"","overlay-opacity":"","overlay-gradient":""},"mobile":{"background-color":"","background-image":"","background-repeat":"repeat","background-position":"center center","background-size":"auto","background-attachment":"scroll","background-type":"","background-media":"","overlay-type":"","overlay-color":"","overlay-opacity":"","overlay-gradient":""}},"ast-content-background-meta":{"desktop":{"background-color":"var(--ast-global-color-5)","background-image":"","background-repeat":"repeat","background-position":"center center","background-size":"auto","background-attachment":"scroll","background-type":"","background-media":"","overlay-type":"","overlay-color":"","overlay-opacity":"","overlay-gradient":""},"tablet":{"background-color":"var(--ast-global-color-5)","background-image":"","background-repeat":"repeat","background-position":"center center","background-size":"auto","background-attachment":"scroll","background-type":"","background-media":"","overlay-type":"","overlay-color":"","overlay-opacity":"","overlay-gradient":""},"mobile":{"background-color":"var(--ast-global-color-5)","background-image":"","background-repeat":"repeat","background-position":"center center","background-size":"auto","background-attachment":"scroll","background-type":"","background-media":"","overlay-type":"","overlay-color":"","overlay-opacity":"","overlay-gradient":""}}},"product_brand":[],"product_cat":[89,21],"product_tag":[],"class_list":{"0":"post-16185","1":"product","2":"type-product","3":"status-publish","4":"has-post-thumbnail","6":"product_cat-set-unterwasche","7":"product_cat-unterwasche","8":"pa_cloth-94-poliamid-6-elastan","9":"pa_color-rote","10":"pa_size-l-xl","11":"pa_size-s-m","12":"desktop-align-center","13":"tablet-align-left","14":"mobile-align-left","15":"ast-product-gallery-layout-horizontal-slider","16":"ast-product-single-variable","17":"ast-product-tabs-layout-distributed","18":"ast-qv-on-image","20":"first","21":"instock","22":"taxable","23":"shipping-taxable","24":"purchasable","25":"product-type-variable"},"aioseo_notices":[],"_links":{"self":[{"href":"https:\/\/kapayou.ch\/index.php?rest_route=\/wp\/v2\/product\/16185","targetHints":{"allow":["GET"]}}],"collection":[{"href":"https:\/\/kapayou.ch\/index.php?rest_route=\/wp\/v2\/product"}],"about":[{"href":"https:\/\/kapayou.ch\/index.php?rest_route=\/wp\/v2\/types\/product"}],"replies":[{"embeddable":true,"href":"https:\/\/kapayou.ch\/index.php?rest_route=%2Fwp%2Fv2%2Fcomments&post=16185"}],"version-history":[{"count":1,"href":"https:\/\/kapayou.ch\/index.php?rest_route=\/wp\/v2\/product\/16185\/revisions"}],"predecessor-version":[{"id":18258,"href":"https:\/\/kapayou.ch\/index.php?rest_route=\/wp\/v2\/product\/16185\/revisions\/18258"}],"wp:featuredmedia":[{"embeddable":true,"href":"https:\/\/kapayou.ch\/index.php?rest_route=\/wp\/v2\/media\/3424"}],"wp:attachment":[{"href":"https:\/\/kapayou.ch\/index.php?rest_route=%2Fwp%2Fv2%2Fmedia&parent=16185"}],"wp:term":[{"taxonomy":"product_brand","embeddable":true,"href":"https:\/\/kapayou.ch\/index.php?rest_route=%2Fwp%2Fv2%2Fproduct_brand&post=16185"},{"taxonomy":"product_cat","embeddable":true,"href":"https:\/\/kapayou.ch\/index.php?rest_route=%2Fwp%2Fv2%2Fproduct_cat&post=16185"},{"taxonomy":"product_tag","embeddable":true,"href":"https:\/\/kapayou.ch\/index.php?rest_route=%2Fwp%2Fv2%2Fproduct_tag&post=16185"}],"curies":[{"name":"wp","href":"https:\/\/api.w.org\/{rel}","templated":true}]}}