{"id":16170,"date":"2023-09-14T15:48:56","date_gmt":"2023-09-14T15:48:56","guid":{"rendered":"https:\/\/kapayou.ch\/?product=bye-bra-brust-und-brustband-seidenhullen-fur-fh-warzen-stuck"},"modified":"2023-09-16T12:32:24","modified_gmt":"2023-09-16T12:32:24","slug":"bye-bra-brust-und-brustband-seidenhullen-fur-fh-warzen-stuck","status":"publish","type":"product","link":"https:\/\/kapayou.ch\/?product=bye-bra-brust-und-brustband-seidenhullen-fur-fh-warzen-stuck","title":{"rendered":"BYE BRA  Brust Und Brustband Seidenh\u00fcllen F\u00fcr FH Warzen  St\u00fcck"},"content":{"rendered":"<p>Klebeband zur Bruststraffung Bye Bra mit Seidenpolstern an den Brustwarzen ist eine einfache L\u00f6sung zur schnellen und effektiven Verbesserung der weiblichen Brust ohne chirurgische Eingriffe oder gar einen BH! Klebeb\u00e4nder wirken, indem sie die Br\u00fcste von oben anheben, wodurch Bye Bra die ideale L\u00f6sung f\u00fcr tr\u00e4gerlose Blusen und ohne verdeckten R\u00fccken ist. Der Bye Bra Brustgurt kann auch unter einem Bikini getragen werden. Selbstklebeb\u00e4nder bestehen aus einer sehr d\u00fcnnen und flexiblen Folie, die von 3M hergestellt wird. Der gleiche Filmtyp wird in Krankenh\u00e4usern verwendet und ist dermatologisch unbedenklich.<br \/>\nEmpfehlung: Wenn die Tasse in zwei Gr\u00f6\u00dfen vorliegt, empfehlen wir immer eine gr\u00f6\u00dfere Gr\u00f6\u00dfe. Wenn es zu gro\u00df ist, entfernen Sie das nicht ben\u00f6tigte Teil oder schneiden Sie es mit einer Schere ab.<br \/>\nDer Bye Bra Brustgurt ist in 3 Gr\u00f6\u00dfen erh\u00e4ltlich: A-C, D-F und F +. Alle drei Gr\u00f6\u00dfen sind mit Seiden-Nippel-Pads erh\u00e4ltlich. EAN: 8718801010105<\/p>\n","protected":false},"excerpt":{"rendered":"<p>Klebeband zur Bruststraffung Bye Bra mit Seidenpolstern an den Brustwarzen ist eine einfache L\u00f6sung zur schnellen und effektiven Verbesserung der weiblichen Brust ohne chirurgische Eingriffe oder gar einen BH! Klebeb\u00e4nder wirken, indem sie die Br\u00fcste von oben anheben, wodurch Bye Bra die ideale L\u00f6sung f\u00fcr tr\u00e4gerlose Blusen und ohne verdeckten R\u00fccken ist. Der Bye Bra Brustgurt kann auch unter einem Bikini getragen werden. Selbstklebeb\u00e4nder bestehen aus einer sehr d\u00fcnnen und flexiblen Folie, die von 3M hergestellt wird. Der gleiche Filmtyp wird in Krankenh\u00e4usern verwendet und ist dermatologisch unbedenklich.<br \/>\nEmpfehlung: Wenn die Tasse in zwei Gr\u00f6\u00dfen vorliegt, empfehlen wir immer eine gr\u00f6\u00dfere Gr\u00f6\u00dfe. Wenn es zu gro\u00df ist, entfernen Sie das nicht ben\u00f6tigte Teil oder schneiden Sie es mit einer Schere ab.<br \/>\nDer Bye Bra Brustgurt ist in 3 Gr\u00f6\u00dfen erh\u00e4ltlich: A-C, D-F und F +. Alle drei Gr\u00f6\u00dfen sind mit Seiden-Nippel-Pads erh\u00e4ltlich. EAN: 8718801010105<\/p>\n","protected":false},"featured_media":3388,"comment_status":"closed","ping_status":"closed","template":"","meta":{"site-sidebar-layout":"default","site-content-layout":"","ast-site-content-layout":"default","site-content-style":"default","site-sidebar-style":"default","ast-global-header-display":"","ast-banner-title-visibility":"","ast-main-header-display":"","ast-hfb-above-header-display":"","ast-hfb-below-header-display":"","ast-hfb-mobile-header-display":"","site-post-title":"","ast-breadcrumbs-content":"","ast-featured-img":"","footer-sml-layout":"","ast-disable-related-posts":"","theme-transparent-header-meta":"","adv-header-id-meta":"","stick-header-meta":"","header-above-stick-meta":"","header-main-stick-meta":"","header-below-stick-meta":"","astra-migrate-meta-layouts":"default","ast-page-background-enabled":"default","ast-page-background-meta":{"desktop":{"background-color":"var(--ast-global-color-4)","background-image":"","background-repeat":"repeat","background-position":"center center","background-size":"auto","background-attachment":"scroll","background-type":"","background-media":"","overlay-type":"","overlay-color":"","overlay-opacity":"","overlay-gradient":""},"tablet":{"background-color":"","background-image":"","background-repeat":"repeat","background-position":"center center","background-size":"auto","background-attachment":"scroll","background-type":"","background-media":"","overlay-type":"","overlay-color":"","overlay-opacity":"","overlay-gradient":""},"mobile":{"background-color":"","background-image":"","background-repeat":"repeat","background-position":"center center","background-size":"auto","background-attachment":"scroll","background-type":"","background-media":"","overlay-type":"","overlay-color":"","overlay-opacity":"","overlay-gradient":""}},"ast-content-background-meta":{"desktop":{"background-color":"var(--ast-global-color-5)","background-image":"","background-repeat":"repeat","background-position":"center center","background-size":"auto","background-attachment":"scroll","background-type":"","background-media":"","overlay-type":"","overlay-color":"","overlay-opacity":"","overlay-gradient":""},"tablet":{"background-color":"var(--ast-global-color-5)","background-image":"","background-repeat":"repeat","background-position":"center center","background-size":"auto","background-attachment":"scroll","background-type":"","background-media":"","overlay-type":"","overlay-color":"","overlay-opacity":"","overlay-gradient":""},"mobile":{"background-color":"var(--ast-global-color-5)","background-image":"","background-repeat":"repeat","background-position":"center center","background-size":"auto","background-attachment":"scroll","background-type":"","background-media":"","overlay-type":"","overlay-color":"","overlay-opacity":"","overlay-gradient":""}}},"product_brand":[],"product_cat":[21,111],"product_tag":[],"class_list":{"0":"post-16170","1":"product","2":"type-product","3":"status-publish","4":"has-post-thumbnail","6":"product_cat-unterwasche","7":"product_cat-zubehor-unterwasche","8":"pa_cloth-seide","9":"pa_color-fleischfarben","10":"pa_size-szt","11":"desktop-align-center","12":"tablet-align-left","13":"mobile-align-left","14":"ast-product-gallery-layout-horizontal-slider","15":"ast-product-tabs-layout-distributed","16":"ast-qv-on-image","18":"first","19":"instock","20":"taxable","21":"shipping-taxable","22":"purchasable","23":"product-type-simple"},"aioseo_notices":[],"_links":{"self":[{"href":"https:\/\/kapayou.ch\/index.php?rest_route=\/wp\/v2\/product\/16170","targetHints":{"allow":["GET"]}}],"collection":[{"href":"https:\/\/kapayou.ch\/index.php?rest_route=\/wp\/v2\/product"}],"about":[{"href":"https:\/\/kapayou.ch\/index.php?rest_route=\/wp\/v2\/types\/product"}],"replies":[{"embeddable":true,"href":"https:\/\/kapayou.ch\/index.php?rest_route=%2Fwp%2Fv2%2Fcomments&post=16170"}],"version-history":[{"count":1,"href":"https:\/\/kapayou.ch\/index.php?rest_route=\/wp\/v2\/product\/16170\/revisions"}],"predecessor-version":[{"id":18263,"href":"https:\/\/kapayou.ch\/index.php?rest_route=\/wp\/v2\/product\/16170\/revisions\/18263"}],"wp:featuredmedia":[{"embeddable":true,"href":"https:\/\/kapayou.ch\/index.php?rest_route=\/wp\/v2\/media\/3388"}],"wp:attachment":[{"href":"https:\/\/kapayou.ch\/index.php?rest_route=%2Fwp%2Fv2%2Fmedia&parent=16170"}],"wp:term":[{"taxonomy":"product_brand","embeddable":true,"href":"https:\/\/kapayou.ch\/index.php?rest_route=%2Fwp%2Fv2%2Fproduct_brand&post=16170"},{"taxonomy":"product_cat","embeddable":true,"href":"https:\/\/kapayou.ch\/index.php?rest_route=%2Fwp%2Fv2%2Fproduct_cat&post=16170"},{"taxonomy":"product_tag","embeddable":true,"href":"https:\/\/kapayou.ch\/index.php?rest_route=%2Fwp%2Fv2%2Fproduct_tag&post=16170"}],"curies":[{"name":"wp","href":"https:\/\/api.w.org\/{rel}","templated":true}]}}