{"id":16168,"date":"2023-09-14T15:48:56","date_gmt":"2023-09-14T15:48:56","guid":{"rendered":"https:\/\/kapayou.ch\/?product=bye-bra-silikonnippel-deckt-x"},"modified":"2023-09-16T12:32:24","modified_gmt":"2023-09-16T12:32:24","slug":"bye-bra-silikonnippel-deckt-x","status":"publish","type":"product","link":"https:\/\/kapayou.ch\/?product=bye-bra-silikonnippel-deckt-x","title":{"rendered":"BYE BRA  SilikonNippel Deckt X"},"content":{"rendered":"<p>Die besten derzeit erh\u00e4ltlichen Zehen-BH-Brustwarzen. Sie bestehen aus Henkel-Klebstoff und werden von SGS getestet. Diese Silikon-Nippel-Pads in Form von Blumen eignen sich perfekt f\u00fcr den Alltag. Sie verbergen den \u00dcberstand der Brustwarzen und sch\u00fctzen die Brustwarzen, unabh\u00e4ngig davon, ob Sie einen BH tragen oder nicht. Silikon-Nippel-Pads eignen sich perfekt f\u00fcr Kleider, Galakleidung und tr\u00e4gerlose Kleider. Sie sind breiter und dicker als Seiden\u00fcberz\u00fcge. Auf unserer Website k\u00f6nnen Sie zwischen zwei Typen w\u00e4hlen &#8211; Seiden- oder Silikonpads. Beide Typen funktionieren hervorragend, aber jeder Typ ist f\u00fcr einen bestimmten Zweck am besten geeignet. Wir empfehlen Silikon-Nippel-Pads, wenn Sie viel Kleidung reiben oder gro\u00dfe und empfindliche Umschl\u00e4ge haben, da der Silikon-Nippel gr\u00f6\u00dfer ist als sein Gegenst\u00fcck aus Seide und eine geringere Haftfestigkeit aufweist. Beide Nippelabdeckungen bleiben trotz Schwei\u00df an ihrem Platz; Wenn Sie jedoch viel schwitzen, empfehlen wir die Verwendung von Seidenh\u00fcllen, da diese st\u00e4rker haften und daher besser sind als Silikonh\u00fcllen. Das Paket enth\u00e4lt vier Overlays. EAN: 8718801010044<\/p>\n","protected":false},"excerpt":{"rendered":"<p>Die besten derzeit erh\u00e4ltlichen Zehen-BH-Brustwarzen. Sie bestehen aus Henkel-Klebstoff und werden von SGS getestet. Diese Silikon-Nippel-Pads in Form von Blumen eignen sich perfekt f\u00fcr den Alltag. Sie verbergen den \u00dcberstand der Brustwarzen und sch\u00fctzen die Brustwarzen, unabh\u00e4ngig davon, ob Sie einen BH tragen oder nicht. Silikon-Nippel-Pads eignen sich perfekt f\u00fcr Kleider, Galakleidung und tr\u00e4gerlose Kleider. Sie sind breiter und dicker als Seiden\u00fcberz\u00fcge. Auf unserer Website k\u00f6nnen Sie zwischen zwei Typen w\u00e4hlen &#8211; Seiden- oder Silikonpads. Beide Typen funktionieren hervorragend, aber jeder Typ ist f\u00fcr einen bestimmten Zweck am besten geeignet. Wir empfehlen Silikon-Nippel-Pads, wenn Sie viel Kleidung reiben oder gro\u00dfe und empfindliche Umschl\u00e4ge haben, da der Silikon-Nippel gr\u00f6\u00dfer ist als sein Gegenst\u00fcck aus Seide und eine geringere Haftfestigkeit aufweist. Beide Nippelabdeckungen bleiben trotz Schwei\u00df an ihrem Platz; Wenn Sie jedoch viel schwitzen, empfehlen wir die Verwendung von Seidenh\u00fcllen, da diese st\u00e4rker haften und daher besser sind als Silikonh\u00fcllen. Das Paket enth\u00e4lt vier Overlays. EAN: 8718801010044<\/p>\n","protected":false},"featured_media":3383,"comment_status":"closed","ping_status":"closed","template":"","meta":{"site-sidebar-layout":"default","site-content-layout":"","ast-site-content-layout":"default","site-content-style":"default","site-sidebar-style":"default","ast-global-header-display":"","ast-banner-title-visibility":"","ast-main-header-display":"","ast-hfb-above-header-display":"","ast-hfb-below-header-display":"","ast-hfb-mobile-header-display":"","site-post-title":"","ast-breadcrumbs-content":"","ast-featured-img":"","footer-sml-layout":"","ast-disable-related-posts":"","theme-transparent-header-meta":"","adv-header-id-meta":"","stick-header-meta":"","header-above-stick-meta":"","header-main-stick-meta":"","header-below-stick-meta":"","astra-migrate-meta-layouts":"default","ast-page-background-enabled":"default","ast-page-background-meta":{"desktop":{"background-color":"var(--ast-global-color-4)","background-image":"","background-repeat":"repeat","background-position":"center center","background-size":"auto","background-attachment":"scroll","background-type":"","background-media":"","overlay-type":"","overlay-color":"","overlay-opacity":"","overlay-gradient":""},"tablet":{"background-color":"","background-image":"","background-repeat":"repeat","background-position":"center center","background-size":"auto","background-attachment":"scroll","background-type":"","background-media":"","overlay-type":"","overlay-color":"","overlay-opacity":"","overlay-gradient":""},"mobile":{"background-color":"","background-image":"","background-repeat":"repeat","background-position":"center center","background-size":"auto","background-attachment":"scroll","background-type":"","background-media":"","overlay-type":"","overlay-color":"","overlay-opacity":"","overlay-gradient":""}},"ast-content-background-meta":{"desktop":{"background-color":"var(--ast-global-color-5)","background-image":"","background-repeat":"repeat","background-position":"center center","background-size":"auto","background-attachment":"scroll","background-type":"","background-media":"","overlay-type":"","overlay-color":"","overlay-opacity":"","overlay-gradient":""},"tablet":{"background-color":"var(--ast-global-color-5)","background-image":"","background-repeat":"repeat","background-position":"center center","background-size":"auto","background-attachment":"scroll","background-type":"","background-media":"","overlay-type":"","overlay-color":"","overlay-opacity":"","overlay-gradient":""},"mobile":{"background-color":"var(--ast-global-color-5)","background-image":"","background-repeat":"repeat","background-position":"center center","background-size":"auto","background-attachment":"scroll","background-type":"","background-media":"","overlay-type":"","overlay-color":"","overlay-opacity":"","overlay-gradient":""}}},"product_brand":[],"product_cat":[21,111],"product_tag":[],"class_list":{"0":"post-16168","1":"product","2":"type-product","3":"status-publish","4":"has-post-thumbnail","6":"product_cat-unterwasche","7":"product_cat-zubehor-unterwasche","8":"pa_cloth-seide","9":"pa_color-fleischfarben","10":"pa_size-szt","11":"desktop-align-center","12":"tablet-align-left","13":"mobile-align-left","14":"ast-product-gallery-layout-horizontal-slider","15":"ast-product-tabs-layout-distributed","16":"ast-qv-on-image","18":"first","19":"instock","20":"taxable","21":"shipping-taxable","22":"purchasable","23":"product-type-simple"},"aioseo_notices":[],"_links":{"self":[{"href":"https:\/\/kapayou.ch\/index.php?rest_route=\/wp\/v2\/product\/16168","targetHints":{"allow":["GET"]}}],"collection":[{"href":"https:\/\/kapayou.ch\/index.php?rest_route=\/wp\/v2\/product"}],"about":[{"href":"https:\/\/kapayou.ch\/index.php?rest_route=\/wp\/v2\/types\/product"}],"replies":[{"embeddable":true,"href":"https:\/\/kapayou.ch\/index.php?rest_route=%2Fwp%2Fv2%2Fcomments&post=16168"}],"version-history":[{"count":1,"href":"https:\/\/kapayou.ch\/index.php?rest_route=\/wp\/v2\/product\/16168\/revisions"}],"predecessor-version":[{"id":18262,"href":"https:\/\/kapayou.ch\/index.php?rest_route=\/wp\/v2\/product\/16168\/revisions\/18262"}],"wp:featuredmedia":[{"embeddable":true,"href":"https:\/\/kapayou.ch\/index.php?rest_route=\/wp\/v2\/media\/3383"}],"wp:attachment":[{"href":"https:\/\/kapayou.ch\/index.php?rest_route=%2Fwp%2Fv2%2Fmedia&parent=16168"}],"wp:term":[{"taxonomy":"product_brand","embeddable":true,"href":"https:\/\/kapayou.ch\/index.php?rest_route=%2Fwp%2Fv2%2Fproduct_brand&post=16168"},{"taxonomy":"product_cat","embeddable":true,"href":"https:\/\/kapayou.ch\/index.php?rest_route=%2Fwp%2Fv2%2Fproduct_cat&post=16168"},{"taxonomy":"product_tag","embeddable":true,"href":"https:\/\/kapayou.ch\/index.php?rest_route=%2Fwp%2Fv2%2Fproduct_tag&post=16168"}],"curies":[{"name":"wp","href":"https:\/\/api.w.org\/{rel}","templated":true}]}}