{"id":16166,"date":"2023-09-14T15:48:53","date_gmt":"2023-09-14T15:48:53","guid":{"rendered":"https:\/\/kapayou.ch\/?product=bye-bra-selbstklebende-bander-fur-bekleidungsstucke-x"},"modified":"2023-09-16T12:32:24","modified_gmt":"2023-09-16T12:32:24","slug":"bye-bra-selbstklebende-bander-fur-bekleidungsstucke-x","status":"publish","type":"product","link":"https:\/\/kapayou.ch\/?product=bye-bra-selbstklebende-bander-fur-bekleidungsstucke-x","title":{"rendered":"BYE BRA  Selbstklebende B\u00e4nder F\u00fcr Bekleidungsst\u00fccke X"},"content":{"rendered":"<p>Die B\u00e4nder bestehen aus 3M-Leim und die Streifengr\u00f6\u00dfen betragen 23 mm x 82 mm. Sie sind viel breiter und l\u00e4nger als das durchschnittliche Band. Dies ist eine n\u00fctzliche Funktion, da dieses Band die ganze Nacht auf dem K\u00f6rper bleiben kann, verglichen mit anderen d\u00fcnneren, die nicht so lange halten. Der 3M-Klebstoff hat eine au\u00dfergew\u00f6hnliche Qualit\u00e4t &#8211; er ist haut- und bekleidungsschonend. Die Schutzschichten zwischen ihnen sorgen daf\u00fcr, dass die Streifen vor Gebrauch nicht aneinander haften. Die Kombination aus Bye Bra selbstklebendem Bruststraffer und Klebeband verhindert das erschreckende &#8220;Nippel&#8221;. Das Paket hat 30 Streifen, aber aufgrund ihrer Gr\u00f6\u00dfe k\u00f6nnen sie in zwei H\u00e4lften geschnitten werden und Sie k\u00f6nnen bis zu 60 St\u00fcck haben.<br \/>\nAnleitung: Stellen Sie vor dem Auftragen von Streifen sicher, dass die Haut trocken ist und keine Cremes oder feuchtigkeitsspendenden Substanzen enth\u00e4lt. W\u00e4hlen Sie zun\u00e4chst eine Stelle auf der Haut, an der Sie Kleidung anbringen m\u00f6chten. Ziehen Sie dann das Tr\u00e4gerpapier von der Innenseite des Riemens ab und dr\u00fccken Sie das Klebeband fest gegen die Haut. Wenn das Klebeband eingelegt ist, entfernen Sie das Schutzpapier von der Au\u00dfenfl\u00e4che und dr\u00fccken Sie das Kleidungsst\u00fcck darauf. Halten Sie sie einige Sekunden lang fest, bevor Sie sie loslassen. Um das Band nach dem Gebrauch zu entfernen, ziehen Sie es einfach ab. Wenn es nicht so leicht geht, tauchen Sie Ihre Kleidung in warmes Seifenwasser und versuchen Sie es erneut. Tragen Sie Baby\u00f6l oder ein \u00e4hnliches Produkt auf die Haut auf, um den Vorgang zu beschleunigen, und versuchen Sie es erneut. EAN: 8718801010952<\/p>\n","protected":false},"excerpt":{"rendered":"<p>Die B\u00e4nder bestehen aus 3M-Leim und die Streifengr\u00f6\u00dfen betragen 23 mm x 82 mm. Sie sind viel breiter und l\u00e4nger als das durchschnittliche Band. Dies ist eine n\u00fctzliche Funktion, da dieses Band die ganze Nacht auf dem K\u00f6rper bleiben kann, verglichen mit anderen d\u00fcnneren, die nicht so lange halten. Der 3M-Klebstoff hat eine au\u00dfergew\u00f6hnliche Qualit\u00e4t &#8211; er ist haut- und bekleidungsschonend. Die Schutzschichten zwischen ihnen sorgen daf\u00fcr, dass die Streifen vor Gebrauch nicht aneinander haften. Die Kombination aus Bye Bra selbstklebendem Bruststraffer und Klebeband verhindert das erschreckende &#8220;Nippel&#8221;. Das Paket hat 30 Streifen, aber aufgrund ihrer Gr\u00f6\u00dfe k\u00f6nnen sie in zwei H\u00e4lften geschnitten werden und Sie k\u00f6nnen bis zu 60 St\u00fcck haben.<br \/>\nAnleitung: Stellen Sie vor dem Auftragen von Streifen sicher, dass die Haut trocken ist und keine Cremes oder feuchtigkeitsspendenden Substanzen enth\u00e4lt. W\u00e4hlen Sie zun\u00e4chst eine Stelle auf der Haut, an der Sie Kleidung anbringen m\u00f6chten. Ziehen Sie dann das Tr\u00e4gerpapier von der Innenseite des Riemens ab und dr\u00fccken Sie das Klebeband fest gegen die Haut. Wenn das Klebeband eingelegt ist, entfernen Sie das Schutzpapier von der Au\u00dfenfl\u00e4che und dr\u00fccken Sie das Kleidungsst\u00fcck darauf. Halten Sie sie einige Sekunden lang fest, bevor Sie sie loslassen. Um das Band nach dem Gebrauch zu entfernen, ziehen Sie es einfach ab. Wenn es nicht so leicht geht, tauchen Sie Ihre Kleidung in warmes Seifenwasser und versuchen Sie es erneut. Tragen Sie Baby\u00f6l oder ein \u00e4hnliches Produkt auf die Haut auf, um den Vorgang zu beschleunigen, und versuchen Sie es erneut. EAN: 8718801010952<\/p>\n","protected":false},"featured_media":3379,"comment_status":"closed","ping_status":"closed","template":"","meta":{"site-sidebar-layout":"default","site-content-layout":"","ast-site-content-layout":"default","site-content-style":"default","site-sidebar-style":"default","ast-global-header-display":"","ast-banner-title-visibility":"","ast-main-header-display":"","ast-hfb-above-header-display":"","ast-hfb-below-header-display":"","ast-hfb-mobile-header-display":"","site-post-title":"","ast-breadcrumbs-content":"","ast-featured-img":"","footer-sml-layout":"","ast-disable-related-posts":"","theme-transparent-header-meta":"","adv-header-id-meta":"","stick-header-meta":"","header-above-stick-meta":"","header-main-stick-meta":"","header-below-stick-meta":"","astra-migrate-meta-layouts":"default","ast-page-background-enabled":"default","ast-page-background-meta":{"desktop":{"background-color":"var(--ast-global-color-4)","background-image":"","background-repeat":"repeat","background-position":"center center","background-size":"auto","background-attachment":"scroll","background-type":"","background-media":"","overlay-type":"","overlay-color":"","overlay-opacity":"","overlay-gradient":""},"tablet":{"background-color":"","background-image":"","background-repeat":"repeat","background-position":"center center","background-size":"auto","background-attachment":"scroll","background-type":"","background-media":"","overlay-type":"","overlay-color":"","overlay-opacity":"","overlay-gradient":""},"mobile":{"background-color":"","background-image":"","background-repeat":"repeat","background-position":"center center","background-size":"auto","background-attachment":"scroll","background-type":"","background-media":"","overlay-type":"","overlay-color":"","overlay-opacity":"","overlay-gradient":""}},"ast-content-background-meta":{"desktop":{"background-color":"var(--ast-global-color-5)","background-image":"","background-repeat":"repeat","background-position":"center center","background-size":"auto","background-attachment":"scroll","background-type":"","background-media":"","overlay-type":"","overlay-color":"","overlay-opacity":"","overlay-gradient":""},"tablet":{"background-color":"var(--ast-global-color-5)","background-image":"","background-repeat":"repeat","background-position":"center center","background-size":"auto","background-attachment":"scroll","background-type":"","background-media":"","overlay-type":"","overlay-color":"","overlay-opacity":"","overlay-gradient":""},"mobile":{"background-color":"var(--ast-global-color-5)","background-image":"","background-repeat":"repeat","background-position":"center center","background-size":"auto","background-attachment":"scroll","background-type":"","background-media":"","overlay-type":"","overlay-color":"","overlay-opacity":"","overlay-gradient":""}}},"product_brand":[],"product_cat":[21,111],"product_tag":[],"class_list":{"0":"post-16166","1":"product","2":"type-product","3":"status-publish","4":"has-post-thumbnail","6":"product_cat-unterwasche","7":"product_cat-zubehor-unterwasche","8":"pa_cloth-seide","9":"pa_color-fleischfarben","10":"pa_size-szt","11":"desktop-align-center","12":"tablet-align-left","13":"mobile-align-left","14":"ast-product-gallery-layout-horizontal-slider","15":"ast-product-tabs-layout-distributed","16":"ast-qv-on-image","18":"first","19":"instock","20":"taxable","21":"shipping-taxable","22":"purchasable","23":"product-type-simple"},"aioseo_notices":[],"_links":{"self":[{"href":"https:\/\/kapayou.ch\/index.php?rest_route=\/wp\/v2\/product\/16166","targetHints":{"allow":["GET"]}}],"collection":[{"href":"https:\/\/kapayou.ch\/index.php?rest_route=\/wp\/v2\/product"}],"about":[{"href":"https:\/\/kapayou.ch\/index.php?rest_route=\/wp\/v2\/types\/product"}],"replies":[{"embeddable":true,"href":"https:\/\/kapayou.ch\/index.php?rest_route=%2Fwp%2Fv2%2Fcomments&post=16166"}],"version-history":[{"count":1,"href":"https:\/\/kapayou.ch\/index.php?rest_route=\/wp\/v2\/product\/16166\/revisions"}],"predecessor-version":[{"id":18267,"href":"https:\/\/kapayou.ch\/index.php?rest_route=\/wp\/v2\/product\/16166\/revisions\/18267"}],"wp:featuredmedia":[{"embeddable":true,"href":"https:\/\/kapayou.ch\/index.php?rest_route=\/wp\/v2\/media\/3379"}],"wp:attachment":[{"href":"https:\/\/kapayou.ch\/index.php?rest_route=%2Fwp%2Fv2%2Fmedia&parent=16166"}],"wp:term":[{"taxonomy":"product_brand","embeddable":true,"href":"https:\/\/kapayou.ch\/index.php?rest_route=%2Fwp%2Fv2%2Fproduct_brand&post=16166"},{"taxonomy":"product_cat","embeddable":true,"href":"https:\/\/kapayou.ch\/index.php?rest_route=%2Fwp%2Fv2%2Fproduct_cat&post=16166"},{"taxonomy":"product_tag","embeddable":true,"href":"https:\/\/kapayou.ch\/index.php?rest_route=%2Fwp%2Fv2%2Fproduct_tag&post=16166"}],"curies":[{"name":"wp","href":"https:\/\/api.w.org\/{rel}","templated":true}]}}