{"id":16164,"date":"2023-09-14T15:48:53","date_gmt":"2023-09-14T15:48:53","guid":{"rendered":"https:\/\/kapayou.ch\/?product=bye-bra-selbstklebende-bander-fur-bekleidungsstucke-paare"},"modified":"2023-09-16T12:32:24","modified_gmt":"2023-09-16T12:32:24","slug":"bye-bra-selbstklebende-bander-fur-bekleidungsstucke-paare","status":"publish","type":"product","link":"https:\/\/kapayou.ch\/?product=bye-bra-selbstklebende-bander-fur-bekleidungsstucke-paare","title":{"rendered":"BYE BRA  Selbstklebende B\u00e4nder F\u00fcr Bekleidungsst\u00fccke  Paare"},"content":{"rendered":"<p>Bye Bra &#8211; Perfektes Brustabhebeband. Der Perfect Cleavage-BH-G\u00fcrtel hebt die Brust von der Seite in Richtung Brustmitte, um den Halsausschnitt zu vergr\u00f6\u00dfern. Das Klebeband besteht aus vier Brustliftb\u00e4ndern &#8211; zwei pro Brust. Das erste L-f\u00f6rmige Band hebt die Brust an und dreht sie nach innen, um eine Spaltung zu bilden; w\u00e4hrend das zweite Band in Form eines umgekehrten Buchstaben &#8220;T&#8221; Unterst\u00fctzung hinzuf\u00fcgt. Der Brustgurt kann die Br\u00fcste je nach Gr\u00f6\u00dfe um gut 8 bis 15 Zentimeter anheben. Jede Packung enth\u00e4lt auch Brustwarzenabdeckungen. Deshalb bietet jede Packung bis zu 6 Sets f\u00fcr Frauen mit AB-Gr\u00f6\u00dfe und 3 Sets f\u00fcr Frauen mit C-Gr\u00f6\u00dfe und dar\u00fcber. In jedem Paket finden Sie &#8220;n\u00fctzliche Anwendungstipps&#8221;, um sicherzustellen, dass Sie mit Perfect Cleavage fantastisch aussehen. Das einzigartige 3M-Qualit\u00e4tsband ist im Gegensatz zu einigen gef\u00e4lschten Produkten absolut sicher. BH Der Bye-BH hebt die Brust leicht und effektiv an. Dar\u00fcber hinaus werden nicht nur die Br\u00fcste angehoben, sondern auch das Selbstwertgef\u00fchl und das Wohlbefinden des Benutzers. EAN: 8718801011454<\/p>\n","protected":false},"excerpt":{"rendered":"<p>Bye Bra &#8211; Perfektes Brustabhebeband. Der Perfect Cleavage-BH-G\u00fcrtel hebt die Brust von der Seite in Richtung Brustmitte, um den Halsausschnitt zu vergr\u00f6\u00dfern. Das Klebeband besteht aus vier Brustliftb\u00e4ndern &#8211; zwei pro Brust. Das erste L-f\u00f6rmige Band hebt die Brust an und dreht sie nach innen, um eine Spaltung zu bilden; w\u00e4hrend das zweite Band in Form eines umgekehrten Buchstaben &#8220;T&#8221; Unterst\u00fctzung hinzuf\u00fcgt. Der Brustgurt kann die Br\u00fcste je nach Gr\u00f6\u00dfe um gut 8 bis 15 Zentimeter anheben. Jede Packung enth\u00e4lt auch Brustwarzenabdeckungen. Deshalb bietet jede Packung bis zu 6 Sets f\u00fcr Frauen mit AB-Gr\u00f6\u00dfe und 3 Sets f\u00fcr Frauen mit C-Gr\u00f6\u00dfe und dar\u00fcber. In jedem Paket finden Sie &#8220;n\u00fctzliche Anwendungstipps&#8221;, um sicherzustellen, dass Sie mit Perfect Cleavage fantastisch aussehen. Das einzigartige 3M-Qualit\u00e4tsband ist im Gegensatz zu einigen gef\u00e4lschten Produkten absolut sicher. BH Der Bye-BH hebt die Brust leicht und effektiv an. Dar\u00fcber hinaus werden nicht nur die Br\u00fcste angehoben, sondern auch das Selbstwertgef\u00fchl und das Wohlbefinden des Benutzers. EAN: 8718801011454<\/p>\n","protected":false},"featured_media":3373,"comment_status":"closed","ping_status":"closed","template":"","meta":{"site-sidebar-layout":"default","site-content-layout":"","ast-site-content-layout":"default","site-content-style":"default","site-sidebar-style":"default","ast-global-header-display":"","ast-banner-title-visibility":"","ast-main-header-display":"","ast-hfb-above-header-display":"","ast-hfb-below-header-display":"","ast-hfb-mobile-header-display":"","site-post-title":"","ast-breadcrumbs-content":"","ast-featured-img":"","footer-sml-layout":"","ast-disable-related-posts":"","theme-transparent-header-meta":"","adv-header-id-meta":"","stick-header-meta":"","header-above-stick-meta":"","header-main-stick-meta":"","header-below-stick-meta":"","astra-migrate-meta-layouts":"default","ast-page-background-enabled":"default","ast-page-background-meta":{"desktop":{"background-color":"var(--ast-global-color-4)","background-image":"","background-repeat":"repeat","background-position":"center center","background-size":"auto","background-attachment":"scroll","background-type":"","background-media":"","overlay-type":"","overlay-color":"","overlay-opacity":"","overlay-gradient":""},"tablet":{"background-color":"","background-image":"","background-repeat":"repeat","background-position":"center center","background-size":"auto","background-attachment":"scroll","background-type":"","background-media":"","overlay-type":"","overlay-color":"","overlay-opacity":"","overlay-gradient":""},"mobile":{"background-color":"","background-image":"","background-repeat":"repeat","background-position":"center center","background-size":"auto","background-attachment":"scroll","background-type":"","background-media":"","overlay-type":"","overlay-color":"","overlay-opacity":"","overlay-gradient":""}},"ast-content-background-meta":{"desktop":{"background-color":"var(--ast-global-color-5)","background-image":"","background-repeat":"repeat","background-position":"center center","background-size":"auto","background-attachment":"scroll","background-type":"","background-media":"","overlay-type":"","overlay-color":"","overlay-opacity":"","overlay-gradient":""},"tablet":{"background-color":"var(--ast-global-color-5)","background-image":"","background-repeat":"repeat","background-position":"center center","background-size":"auto","background-attachment":"scroll","background-type":"","background-media":"","overlay-type":"","overlay-color":"","overlay-opacity":"","overlay-gradient":""},"mobile":{"background-color":"var(--ast-global-color-5)","background-image":"","background-repeat":"repeat","background-position":"center center","background-size":"auto","background-attachment":"scroll","background-type":"","background-media":"","overlay-type":"","overlay-color":"","overlay-opacity":"","overlay-gradient":""}}},"product_brand":[],"product_cat":[21,111],"product_tag":[],"class_list":{"0":"post-16164","1":"product","2":"type-product","3":"status-publish","4":"has-post-thumbnail","6":"product_cat-unterwasche","7":"product_cat-zubehor-unterwasche","8":"pa_cloth-seide","9":"pa_color-fleischfarben","10":"pa_size-szt","11":"desktop-align-center","12":"tablet-align-left","13":"mobile-align-left","14":"ast-product-gallery-layout-horizontal-slider","15":"ast-product-tabs-layout-distributed","16":"ast-qv-on-image","18":"first","19":"instock","20":"taxable","21":"shipping-taxable","22":"purchasable","23":"product-type-simple"},"aioseo_notices":[],"_links":{"self":[{"href":"https:\/\/kapayou.ch\/index.php?rest_route=\/wp\/v2\/product\/16164","targetHints":{"allow":["GET"]}}],"collection":[{"href":"https:\/\/kapayou.ch\/index.php?rest_route=\/wp\/v2\/product"}],"about":[{"href":"https:\/\/kapayou.ch\/index.php?rest_route=\/wp\/v2\/types\/product"}],"replies":[{"embeddable":true,"href":"https:\/\/kapayou.ch\/index.php?rest_route=%2Fwp%2Fv2%2Fcomments&post=16164"}],"version-history":[{"count":1,"href":"https:\/\/kapayou.ch\/index.php?rest_route=\/wp\/v2\/product\/16164\/revisions"}],"predecessor-version":[{"id":18268,"href":"https:\/\/kapayou.ch\/index.php?rest_route=\/wp\/v2\/product\/16164\/revisions\/18268"}],"wp:featuredmedia":[{"embeddable":true,"href":"https:\/\/kapayou.ch\/index.php?rest_route=\/wp\/v2\/media\/3373"}],"wp:attachment":[{"href":"https:\/\/kapayou.ch\/index.php?rest_route=%2Fwp%2Fv2%2Fmedia&parent=16164"}],"wp:term":[{"taxonomy":"product_brand","embeddable":true,"href":"https:\/\/kapayou.ch\/index.php?rest_route=%2Fwp%2Fv2%2Fproduct_brand&post=16164"},{"taxonomy":"product_cat","embeddable":true,"href":"https:\/\/kapayou.ch\/index.php?rest_route=%2Fwp%2Fv2%2Fproduct_cat&post=16164"},{"taxonomy":"product_tag","embeddable":true,"href":"https:\/\/kapayou.ch\/index.php?rest_route=%2Fwp%2Fv2%2Fproduct_tag&post=16164"}],"curies":[{"name":"wp","href":"https:\/\/api.w.org\/{rel}","templated":true}]}}