{"id":16156,"date":"2023-09-14T15:48:49","date_gmt":"2023-09-14T15:48:49","guid":{"rendered":"https:\/\/kapayou.ch\/?product=bye-bra-bherweiterungen-x-3"},"modified":"2023-09-16T12:32:25","modified_gmt":"2023-09-16T12:32:25","slug":"bye-bra-bherweiterungen-x-3","status":"publish","type":"product","link":"https:\/\/kapayou.ch\/?product=bye-bra-bherweiterungen-x-3","title":{"rendered":"BYE BRA   BHErweiterungen X"},"content":{"rendered":"<p>Bye Bra bietet eine neue Generation von BH-Erweiterungen mit flexiblen Spitzen, die in jeden BH mit drei Haken passen. Sie strecken BHs, die zu klein oder zu klein sind.<\/p>\n<p>Dank der elastischen Enden der BH-Verl\u00e4ngerung k\u00f6nnen Sie sicher sein, dass der BH passt. Das weiche Material garantiert einen ultraweichen Griff der Haut und erh\u00f6ht den Komfort f\u00fcr den Benutzer. Durch die flexiblen Enden l\u00e4sst sich die 3-Haken-BH-Verl\u00e4ngerung viel einfacher an jedem BH befestigen. Sie reicht bis zu 8 cm.<br \/>\nDas Set enth\u00e4lt 4 Verl\u00e4ngerungskabel in verschiedenen Farben.<br \/>\nZusammensetzung: Haken aus 100% Nylon, elastischem 70% Polyester, 30% Latexfaden. EAN: 8718801011652<\/p>\n","protected":false},"excerpt":{"rendered":"<p>Bye Bra bietet eine neue Generation von BH-Erweiterungen mit flexiblen Spitzen, die in jeden BH mit drei Haken passen. Sie strecken BHs, die zu klein oder zu klein sind.<\/p>\n<p>Dank der elastischen Enden der BH-Verl\u00e4ngerung k\u00f6nnen Sie sicher sein, dass der BH passt. Das weiche Material garantiert einen ultraweichen Griff der Haut und erh\u00f6ht den Komfort f\u00fcr den Benutzer. Durch die flexiblen Enden l\u00e4sst sich die 3-Haken-BH-Verl\u00e4ngerung viel einfacher an jedem BH befestigen. Sie reicht bis zu 8 cm.<br \/>\nDas Set enth\u00e4lt 4 Verl\u00e4ngerungskabel in verschiedenen Farben.<br \/>\nZusammensetzung: Haken aus 100% Nylon, elastischem 70% Polyester, 30% Latexfaden. EAN: 8718801011652<\/p>\n","protected":false},"featured_media":3352,"comment_status":"closed","ping_status":"closed","template":"","meta":{"site-sidebar-layout":"default","site-content-layout":"","ast-site-content-layout":"default","site-content-style":"default","site-sidebar-style":"default","ast-global-header-display":"","ast-banner-title-visibility":"","ast-main-header-display":"","ast-hfb-above-header-display":"","ast-hfb-below-header-display":"","ast-hfb-mobile-header-display":"","site-post-title":"","ast-breadcrumbs-content":"","ast-featured-img":"","footer-sml-layout":"","ast-disable-related-posts":"","theme-transparent-header-meta":"","adv-header-id-meta":"","stick-header-meta":"","header-above-stick-meta":"","header-main-stick-meta":"","header-below-stick-meta":"","astra-migrate-meta-layouts":"default","ast-page-background-enabled":"default","ast-page-background-meta":{"desktop":{"background-color":"var(--ast-global-color-4)","background-image":"","background-repeat":"repeat","background-position":"center center","background-size":"auto","background-attachment":"scroll","background-type":"","background-media":"","overlay-type":"","overlay-color":"","overlay-opacity":"","overlay-gradient":""},"tablet":{"background-color":"","background-image":"","background-repeat":"repeat","background-position":"center center","background-size":"auto","background-attachment":"scroll","background-type":"","background-media":"","overlay-type":"","overlay-color":"","overlay-opacity":"","overlay-gradient":""},"mobile":{"background-color":"","background-image":"","background-repeat":"repeat","background-position":"center center","background-size":"auto","background-attachment":"scroll","background-type":"","background-media":"","overlay-type":"","overlay-color":"","overlay-opacity":"","overlay-gradient":""}},"ast-content-background-meta":{"desktop":{"background-color":"var(--ast-global-color-5)","background-image":"","background-repeat":"repeat","background-position":"center center","background-size":"auto","background-attachment":"scroll","background-type":"","background-media":"","overlay-type":"","overlay-color":"","overlay-opacity":"","overlay-gradient":""},"tablet":{"background-color":"var(--ast-global-color-5)","background-image":"","background-repeat":"repeat","background-position":"center center","background-size":"auto","background-attachment":"scroll","background-type":"","background-media":"","overlay-type":"","overlay-color":"","overlay-opacity":"","overlay-gradient":""},"mobile":{"background-color":"var(--ast-global-color-5)","background-image":"","background-repeat":"repeat","background-position":"center center","background-size":"auto","background-attachment":"scroll","background-type":"","background-media":"","overlay-type":"","overlay-color":"","overlay-opacity":"","overlay-gradient":""}}},"product_brand":[],"product_cat":[21,111],"product_tag":[],"class_list":{"0":"post-16156","1":"product","2":"type-product","3":"status-publish","4":"has-post-thumbnail","6":"product_cat-unterwasche","7":"product_cat-zubehor-unterwasche","8":"pa_cloth-haken-aus-100-nylon-elastischem-70-polyester-30-latexfaden","9":"pa_color-mehrfarben","10":"pa_size-szt","11":"desktop-align-center","12":"tablet-align-left","13":"mobile-align-left","14":"ast-product-gallery-layout-horizontal-slider","15":"ast-product-tabs-layout-distributed","16":"ast-qv-on-image","18":"first","19":"instock","20":"taxable","21":"shipping-taxable","22":"purchasable","23":"product-type-simple"},"aioseo_notices":[],"_links":{"self":[{"href":"https:\/\/kapayou.ch\/index.php?rest_route=\/wp\/v2\/product\/16156","targetHints":{"allow":["GET"]}}],"collection":[{"href":"https:\/\/kapayou.ch\/index.php?rest_route=\/wp\/v2\/product"}],"about":[{"href":"https:\/\/kapayou.ch\/index.php?rest_route=\/wp\/v2\/types\/product"}],"replies":[{"embeddable":true,"href":"https:\/\/kapayou.ch\/index.php?rest_route=%2Fwp%2Fv2%2Fcomments&post=16156"}],"version-history":[{"count":1,"href":"https:\/\/kapayou.ch\/index.php?rest_route=\/wp\/v2\/product\/16156\/revisions"}],"predecessor-version":[{"id":18275,"href":"https:\/\/kapayou.ch\/index.php?rest_route=\/wp\/v2\/product\/16156\/revisions\/18275"}],"wp:featuredmedia":[{"embeddable":true,"href":"https:\/\/kapayou.ch\/index.php?rest_route=\/wp\/v2\/media\/3352"}],"wp:attachment":[{"href":"https:\/\/kapayou.ch\/index.php?rest_route=%2Fwp%2Fv2%2Fmedia&parent=16156"}],"wp:term":[{"taxonomy":"product_brand","embeddable":true,"href":"https:\/\/kapayou.ch\/index.php?rest_route=%2Fwp%2Fv2%2Fproduct_brand&post=16156"},{"taxonomy":"product_cat","embeddable":true,"href":"https:\/\/kapayou.ch\/index.php?rest_route=%2Fwp%2Fv2%2Fproduct_cat&post=16156"},{"taxonomy":"product_tag","embeddable":true,"href":"https:\/\/kapayou.ch\/index.php?rest_route=%2Fwp%2Fv2%2Fproduct_tag&post=16156"}],"curies":[{"name":"wp","href":"https:\/\/api.w.org\/{rel}","templated":true}]}}