{"id":16154,"date":"2023-09-14T15:48:49","date_gmt":"2023-09-14T15:48:49","guid":{"rendered":"https:\/\/kapayou.ch\/?product=bye-bra-bherweiterungen-x-2"},"modified":"2023-09-16T12:32:25","modified_gmt":"2023-09-16T12:32:25","slug":"bye-bra-bherweiterungen-x-2","status":"publish","type":"product","link":"https:\/\/kapayou.ch\/?product=bye-bra-bherweiterungen-x-2","title":{"rendered":"BYE BRA   BHErweiterungen X"},"content":{"rendered":"<p>Bye Bra bietet eine neue Generation von Riemen mit flexiblen Enden, die zu jedem BH mit zwei Haken passen. Der Riemen auf der R\u00fcckseite ist ein Riemen ohne einen BH, der den BH zieht, sodass Sie ihn nicht sehen k\u00f6nnen. Dank der elastischen G\u00fcrtelenden auf der R\u00fcckseite des Bye Bra k\u00f6nnen Sie sicher sein, dass er zu jedem BH passt, den Sie haben. Das weiche Material garantiert einen ultraweichen Griff der Haut und erh\u00f6ht den Komfort f\u00fcr den Benutzer. Durch die flexiblen Enden l\u00e4sst sich der Riemen am R\u00fccken leichter an jedem BH befestigen. BH-Tr\u00e4ger auf der R\u00fcckseite sind speziell entworfene Tr\u00e4ger, die sich auf der R\u00fcckseite kreuzen und an der Vorderseite einwickeln und schlie\u00dfen. G\u00fcrtel reduzieren den BH auf 10 Zentimeter. Mit zwei Streifen in verschiedenen Farben. Der diskrete Gurt bleibt an Ort und Stelle und rutscht nicht. Handw\u00e4sche Passend f\u00fcr alle 2-Haken-BHs. Zusammensetzung: 100% Nylonhaken, 88% Polyamidband, 12% EAN-Elasthan: 8718801011812<\/p>\n","protected":false},"excerpt":{"rendered":"<p>Bye Bra bietet eine neue Generation von Riemen mit flexiblen Enden, die zu jedem BH mit zwei Haken passen. Der Riemen auf der R\u00fcckseite ist ein Riemen ohne einen BH, der den BH zieht, sodass Sie ihn nicht sehen k\u00f6nnen. Dank der elastischen G\u00fcrtelenden auf der R\u00fcckseite des Bye Bra k\u00f6nnen Sie sicher sein, dass er zu jedem BH passt, den Sie haben. Das weiche Material garantiert einen ultraweichen Griff der Haut und erh\u00f6ht den Komfort f\u00fcr den Benutzer. Durch die flexiblen Enden l\u00e4sst sich der Riemen am R\u00fccken leichter an jedem BH befestigen. BH-Tr\u00e4ger auf der R\u00fcckseite sind speziell entworfene Tr\u00e4ger, die sich auf der R\u00fcckseite kreuzen und an der Vorderseite einwickeln und schlie\u00dfen. G\u00fcrtel reduzieren den BH auf 10 Zentimeter. Mit zwei Streifen in verschiedenen Farben. Der diskrete Gurt bleibt an Ort und Stelle und rutscht nicht. Handw\u00e4sche Passend f\u00fcr alle 2-Haken-BHs. Zusammensetzung: 100% Nylonhaken, 88% Polyamidband, 12% EAN-Elasthan: 8718801011812<\/p>\n","protected":false},"featured_media":3347,"comment_status":"closed","ping_status":"closed","template":"","meta":{"site-sidebar-layout":"default","site-content-layout":"","ast-site-content-layout":"default","site-content-style":"default","site-sidebar-style":"default","ast-global-header-display":"","ast-banner-title-visibility":"","ast-main-header-display":"","ast-hfb-above-header-display":"","ast-hfb-below-header-display":"","ast-hfb-mobile-header-display":"","site-post-title":"","ast-breadcrumbs-content":"","ast-featured-img":"","footer-sml-layout":"","ast-disable-related-posts":"","theme-transparent-header-meta":"","adv-header-id-meta":"","stick-header-meta":"","header-above-stick-meta":"","header-main-stick-meta":"","header-below-stick-meta":"","astra-migrate-meta-layouts":"default","ast-page-background-enabled":"default","ast-page-background-meta":{"desktop":{"background-color":"var(--ast-global-color-4)","background-image":"","background-repeat":"repeat","background-position":"center center","background-size":"auto","background-attachment":"scroll","background-type":"","background-media":"","overlay-type":"","overlay-color":"","overlay-opacity":"","overlay-gradient":""},"tablet":{"background-color":"","background-image":"","background-repeat":"repeat","background-position":"center center","background-size":"auto","background-attachment":"scroll","background-type":"","background-media":"","overlay-type":"","overlay-color":"","overlay-opacity":"","overlay-gradient":""},"mobile":{"background-color":"","background-image":"","background-repeat":"repeat","background-position":"center center","background-size":"auto","background-attachment":"scroll","background-type":"","background-media":"","overlay-type":"","overlay-color":"","overlay-opacity":"","overlay-gradient":""}},"ast-content-background-meta":{"desktop":{"background-color":"var(--ast-global-color-5)","background-image":"","background-repeat":"repeat","background-position":"center center","background-size":"auto","background-attachment":"scroll","background-type":"","background-media":"","overlay-type":"","overlay-color":"","overlay-opacity":"","overlay-gradient":""},"tablet":{"background-color":"var(--ast-global-color-5)","background-image":"","background-repeat":"repeat","background-position":"center center","background-size":"auto","background-attachment":"scroll","background-type":"","background-media":"","overlay-type":"","overlay-color":"","overlay-opacity":"","overlay-gradient":""},"mobile":{"background-color":"var(--ast-global-color-5)","background-image":"","background-repeat":"repeat","background-position":"center center","background-size":"auto","background-attachment":"scroll","background-type":"","background-media":"","overlay-type":"","overlay-color":"","overlay-opacity":"","overlay-gradient":""}}},"product_brand":[],"product_cat":[21,111],"product_tag":[],"class_list":{"0":"post-16154","1":"product","2":"type-product","3":"status-publish","4":"has-post-thumbnail","6":"product_cat-unterwasche","7":"product_cat-zubehor-unterwasche","8":"pa_cloth-haken-aus-100-nylon-riemen-88-polyamid-12-elastin","9":"pa_color-mehrfarben","10":"pa_size-szt","11":"desktop-align-center","12":"tablet-align-left","13":"mobile-align-left","14":"ast-product-gallery-layout-horizontal-slider","15":"ast-product-tabs-layout-distributed","16":"ast-qv-on-image","18":"first","19":"instock","20":"taxable","21":"shipping-taxable","22":"purchasable","23":"product-type-simple"},"aioseo_notices":[],"_links":{"self":[{"href":"https:\/\/kapayou.ch\/index.php?rest_route=\/wp\/v2\/product\/16154","targetHints":{"allow":["GET"]}}],"collection":[{"href":"https:\/\/kapayou.ch\/index.php?rest_route=\/wp\/v2\/product"}],"about":[{"href":"https:\/\/kapayou.ch\/index.php?rest_route=\/wp\/v2\/types\/product"}],"replies":[{"embeddable":true,"href":"https:\/\/kapayou.ch\/index.php?rest_route=%2Fwp%2Fv2%2Fcomments&post=16154"}],"version-history":[{"count":1,"href":"https:\/\/kapayou.ch\/index.php?rest_route=\/wp\/v2\/product\/16154\/revisions"}],"predecessor-version":[{"id":18276,"href":"https:\/\/kapayou.ch\/index.php?rest_route=\/wp\/v2\/product\/16154\/revisions\/18276"}],"wp:featuredmedia":[{"embeddable":true,"href":"https:\/\/kapayou.ch\/index.php?rest_route=\/wp\/v2\/media\/3347"}],"wp:attachment":[{"href":"https:\/\/kapayou.ch\/index.php?rest_route=%2Fwp%2Fv2%2Fmedia&parent=16154"}],"wp:term":[{"taxonomy":"product_brand","embeddable":true,"href":"https:\/\/kapayou.ch\/index.php?rest_route=%2Fwp%2Fv2%2Fproduct_brand&post=16154"},{"taxonomy":"product_cat","embeddable":true,"href":"https:\/\/kapayou.ch\/index.php?rest_route=%2Fwp%2Fv2%2Fproduct_cat&post=16154"},{"taxonomy":"product_tag","embeddable":true,"href":"https:\/\/kapayou.ch\/index.php?rest_route=%2Fwp%2Fv2%2Fproduct_tag&post=16154"}],"curies":[{"name":"wp","href":"https:\/\/api.w.org\/{rel}","templated":true}]}}