{"id":16142,"date":"2023-09-14T15:48:46","date_gmt":"2023-09-14T15:48:46","guid":{"rendered":"https:\/\/kapayou.ch\/?product=bye-bra-selbsttragender-bh-a"},"modified":"2023-09-16T12:32:25","modified_gmt":"2023-09-16T12:32:25","slug":"bye-bra-selbsttragender-bh-a","status":"publish","type":"product","link":"https:\/\/kapayou.ch\/?product=bye-bra-selbsttragender-bh-a","title":{"rendered":"BYE BRA   Selbsttragender BH A"},"content":{"rendered":"<p>Lace-it-BH bietet besseren Halsausschnitt und optimale Unterst\u00fctzung ohne Riemen. Der BH ist nahtlos und unter der Kleidung unsichtbar und dient zum Anheben und Formen der Brust. Die Becher lassen sich leicht anbringen, und der bewegliche Verschluss an der Vorderseite erm\u00f6glicht das Einstellen der Position. Je n\u00e4her der Verschluss ist, desto st\u00e4rker wirkt der Halsausschnitt. BH Lace-it ist die perfekte L\u00f6sung f\u00fcr jedes tr\u00e4gerlose Outfit, ohne R\u00fccken, Tauchen und mehr! Lace-it kann bis zu 25 Mal getragen werden, wobei alle Anweisungen beachtet werden m\u00fcssen. Erh\u00e4ltlich in zwei Farben &#8211; Nude und Black sowie in 5 Tassengr\u00f6\u00dfen: A, B, C, D, E.<br \/>\nZusammensetzung: 88% Stoff, 12% Polyamid, Elasthan; Klebstoff: EAN-Polyolefingel: \t8718801013212<\/p>\n","protected":false},"excerpt":{"rendered":"<p>Lace-it-BH bietet besseren Halsausschnitt und optimale Unterst\u00fctzung ohne Riemen. Der BH ist nahtlos und unter der Kleidung unsichtbar und dient zum Anheben und Formen der Brust. Die Becher lassen sich leicht anbringen, und der bewegliche Verschluss an der Vorderseite erm\u00f6glicht das Einstellen der Position. Je n\u00e4her der Verschluss ist, desto st\u00e4rker wirkt der Halsausschnitt. BH Lace-it ist die perfekte L\u00f6sung f\u00fcr jedes tr\u00e4gerlose Outfit, ohne R\u00fccken, Tauchen und mehr! Lace-it kann bis zu 25 Mal getragen werden, wobei alle Anweisungen beachtet werden m\u00fcssen. Erh\u00e4ltlich in zwei Farben &#8211; Nude und Black sowie in 5 Tassengr\u00f6\u00dfen: A, B, C, D, E.<br \/>\nZusammensetzung: 88% Stoff, 12% Polyamid, Elasthan; Klebstoff: EAN-Polyolefingel: \t8718801013212<\/p>\n","protected":false},"featured_media":3313,"comment_status":"closed","ping_status":"closed","template":"","meta":{"site-sidebar-layout":"default","site-content-layout":"","ast-site-content-layout":"default","site-content-style":"default","site-sidebar-style":"default","ast-global-header-display":"","ast-banner-title-visibility":"","ast-main-header-display":"","ast-hfb-above-header-display":"","ast-hfb-below-header-display":"","ast-hfb-mobile-header-display":"","site-post-title":"","ast-breadcrumbs-content":"","ast-featured-img":"","footer-sml-layout":"","ast-disable-related-posts":"","theme-transparent-header-meta":"","adv-header-id-meta":"","stick-header-meta":"","header-above-stick-meta":"","header-main-stick-meta":"","header-below-stick-meta":"","astra-migrate-meta-layouts":"default","ast-page-background-enabled":"default","ast-page-background-meta":{"desktop":{"background-color":"var(--ast-global-color-4)","background-image":"","background-repeat":"repeat","background-position":"center center","background-size":"auto","background-attachment":"scroll","background-type":"","background-media":"","overlay-type":"","overlay-color":"","overlay-opacity":"","overlay-gradient":""},"tablet":{"background-color":"","background-image":"","background-repeat":"repeat","background-position":"center center","background-size":"auto","background-attachment":"scroll","background-type":"","background-media":"","overlay-type":"","overlay-color":"","overlay-opacity":"","overlay-gradient":""},"mobile":{"background-color":"","background-image":"","background-repeat":"repeat","background-position":"center center","background-size":"auto","background-attachment":"scroll","background-type":"","background-media":"","overlay-type":"","overlay-color":"","overlay-opacity":"","overlay-gradient":""}},"ast-content-background-meta":{"desktop":{"background-color":"var(--ast-global-color-5)","background-image":"","background-repeat":"repeat","background-position":"center center","background-size":"auto","background-attachment":"scroll","background-type":"","background-media":"","overlay-type":"","overlay-color":"","overlay-opacity":"","overlay-gradient":""},"tablet":{"background-color":"var(--ast-global-color-5)","background-image":"","background-repeat":"repeat","background-position":"center center","background-size":"auto","background-attachment":"scroll","background-type":"","background-media":"","overlay-type":"","overlay-color":"","overlay-opacity":"","overlay-gradient":""},"mobile":{"background-color":"var(--ast-global-color-5)","background-image":"","background-repeat":"repeat","background-position":"center center","background-size":"auto","background-attachment":"scroll","background-type":"","background-media":"","overlay-type":"","overlay-color":"","overlay-opacity":"","overlay-gradient":""}}},"product_brand":[],"product_cat":[99,21],"product_tag":[],"class_list":{"0":"post-16142","1":"product","2":"type-product","3":"status-publish","4":"has-post-thumbnail","6":"product_cat-bustenhalter-unterwasche","7":"product_cat-unterwasche","8":"pa_cloth-88-stoff-12-polyamid-elastan-kleber-gel","9":"pa_color-schwarz","10":"pa_size-szt","11":"desktop-align-center","12":"tablet-align-left","13":"mobile-align-left","14":"ast-product-gallery-layout-horizontal-slider","15":"ast-product-tabs-layout-distributed","16":"ast-qv-on-image","18":"first","19":"instock","20":"taxable","21":"shipping-taxable","22":"purchasable","23":"product-type-simple"},"aioseo_notices":[],"_links":{"self":[{"href":"https:\/\/kapayou.ch\/index.php?rest_route=\/wp\/v2\/product\/16142","targetHints":{"allow":["GET"]}}],"collection":[{"href":"https:\/\/kapayou.ch\/index.php?rest_route=\/wp\/v2\/product"}],"about":[{"href":"https:\/\/kapayou.ch\/index.php?rest_route=\/wp\/v2\/types\/product"}],"replies":[{"embeddable":true,"href":"https:\/\/kapayou.ch\/index.php?rest_route=%2Fwp%2Fv2%2Fcomments&post=16142"}],"version-history":[{"count":1,"href":"https:\/\/kapayou.ch\/index.php?rest_route=\/wp\/v2\/product\/16142\/revisions"}],"predecessor-version":[{"id":18279,"href":"https:\/\/kapayou.ch\/index.php?rest_route=\/wp\/v2\/product\/16142\/revisions\/18279"}],"wp:featuredmedia":[{"embeddable":true,"href":"https:\/\/kapayou.ch\/index.php?rest_route=\/wp\/v2\/media\/3313"}],"wp:attachment":[{"href":"https:\/\/kapayou.ch\/index.php?rest_route=%2Fwp%2Fv2%2Fmedia&parent=16142"}],"wp:term":[{"taxonomy":"product_brand","embeddable":true,"href":"https:\/\/kapayou.ch\/index.php?rest_route=%2Fwp%2Fv2%2Fproduct_brand&post=16142"},{"taxonomy":"product_cat","embeddable":true,"href":"https:\/\/kapayou.ch\/index.php?rest_route=%2Fwp%2Fv2%2Fproduct_cat&post=16142"},{"taxonomy":"product_tag","embeddable":true,"href":"https:\/\/kapayou.ch\/index.php?rest_route=%2Fwp%2Fv2%2Fproduct_tag&post=16142"}],"curies":[{"name":"wp","href":"https:\/\/api.w.org\/{rel}","templated":true}]}}