{"id":16124,"date":"2023-09-14T15:48:39","date_gmt":"2023-09-14T15:48:39","guid":{"rendered":"https:\/\/kapayou.ch\/?product=bye-bra-transparente-riemen"},"modified":"2023-09-16T12:32:26","modified_gmt":"2023-09-16T12:32:26","slug":"bye-bra-transparente-riemen","status":"publish","type":"product","link":"https:\/\/kapayou.ch\/?product=bye-bra-transparente-riemen","title":{"rendered":"BYE BRA   Transparente Riemen"},"content":{"rendered":"<p>Transparente BH-Tr\u00e4ger passen diskret zu den meisten BHs und bieten zus\u00e4tzlichen Halt f\u00fcr einen tr\u00e4gerlosen Look. Die Riemen sind weich, zart und erzeugen einen nat\u00fcrlichen Look. Es ist ein unverzichtbarer Kleiderschrank, ideal f\u00fcr das Tragen unter einer \u00e4rmellosen Bluse oder einem Kleid. Transparente und verstellbare Schulterriemen aus Silikon, die mit abnehmbaren Tr\u00e4gern an jedem BH befestigt werden k\u00f6nnen. Aus strapazierf\u00e4higem und nicht gl\u00e4nzendem Silikon &#8211; ersetzen Sie leicht alle sichtbaren Riemen. Der Schultergurt ist 10 mm breit. Ein Paar Riemen pro Packung. Material: 100% Polyurethan. EAN: 8718801012963<\/p>\n","protected":false},"excerpt":{"rendered":"<p>Transparente BH-Tr\u00e4ger passen diskret zu den meisten BHs und bieten zus\u00e4tzlichen Halt f\u00fcr einen tr\u00e4gerlosen Look. Die Riemen sind weich, zart und erzeugen einen nat\u00fcrlichen Look. Es ist ein unverzichtbarer Kleiderschrank, ideal f\u00fcr das Tragen unter einer \u00e4rmellosen Bluse oder einem Kleid. Transparente und verstellbare Schulterriemen aus Silikon, die mit abnehmbaren Tr\u00e4gern an jedem BH befestigt werden k\u00f6nnen. Aus strapazierf\u00e4higem und nicht gl\u00e4nzendem Silikon &#8211; ersetzen Sie leicht alle sichtbaren Riemen. Der Schultergurt ist 10 mm breit. Ein Paar Riemen pro Packung. Material: 100% Polyurethan. EAN: 8718801012963<\/p>\n","protected":false},"featured_media":3066,"comment_status":"closed","ping_status":"closed","template":"","meta":{"site-sidebar-layout":"default","site-content-layout":"","ast-site-content-layout":"default","site-content-style":"default","site-sidebar-style":"default","ast-global-header-display":"","ast-banner-title-visibility":"","ast-main-header-display":"","ast-hfb-above-header-display":"","ast-hfb-below-header-display":"","ast-hfb-mobile-header-display":"","site-post-title":"","ast-breadcrumbs-content":"","ast-featured-img":"","footer-sml-layout":"","ast-disable-related-posts":"","theme-transparent-header-meta":"","adv-header-id-meta":"","stick-header-meta":"","header-above-stick-meta":"","header-main-stick-meta":"","header-below-stick-meta":"","astra-migrate-meta-layouts":"default","ast-page-background-enabled":"default","ast-page-background-meta":{"desktop":{"background-color":"var(--ast-global-color-4)","background-image":"","background-repeat":"repeat","background-position":"center center","background-size":"auto","background-attachment":"scroll","background-type":"","background-media":"","overlay-type":"","overlay-color":"","overlay-opacity":"","overlay-gradient":""},"tablet":{"background-color":"","background-image":"","background-repeat":"repeat","background-position":"center center","background-size":"auto","background-attachment":"scroll","background-type":"","background-media":"","overlay-type":"","overlay-color":"","overlay-opacity":"","overlay-gradient":""},"mobile":{"background-color":"","background-image":"","background-repeat":"repeat","background-position":"center center","background-size":"auto","background-attachment":"scroll","background-type":"","background-media":"","overlay-type":"","overlay-color":"","overlay-opacity":"","overlay-gradient":""}},"ast-content-background-meta":{"desktop":{"background-color":"var(--ast-global-color-5)","background-image":"","background-repeat":"repeat","background-position":"center center","background-size":"auto","background-attachment":"scroll","background-type":"","background-media":"","overlay-type":"","overlay-color":"","overlay-opacity":"","overlay-gradient":""},"tablet":{"background-color":"var(--ast-global-color-5)","background-image":"","background-repeat":"repeat","background-position":"center center","background-size":"auto","background-attachment":"scroll","background-type":"","background-media":"","overlay-type":"","overlay-color":"","overlay-opacity":"","overlay-gradient":""},"mobile":{"background-color":"var(--ast-global-color-5)","background-image":"","background-repeat":"repeat","background-position":"center center","background-size":"auto","background-attachment":"scroll","background-type":"","background-media":"","overlay-type":"","overlay-color":"","overlay-opacity":"","overlay-gradient":""}}},"product_brand":[],"product_cat":[21,111],"product_tag":[],"class_list":{"0":"post-16124","1":"product","2":"type-product","3":"status-publish","4":"has-post-thumbnail","6":"product_cat-unterwasche","7":"product_cat-zubehor-unterwasche","8":"pa_cloth-100-poliester","9":"pa_color-transparent","10":"pa_size-szt","11":"desktop-align-center","12":"tablet-align-left","13":"mobile-align-left","14":"ast-product-gallery-layout-horizontal-slider","15":"ast-product-tabs-layout-distributed","16":"ast-qv-on-image","18":"first","19":"instock","20":"taxable","21":"shipping-taxable","22":"purchasable","23":"product-type-simple"},"aioseo_notices":[],"_links":{"self":[{"href":"https:\/\/kapayou.ch\/index.php?rest_route=\/wp\/v2\/product\/16124","targetHints":{"allow":["GET"]}}],"collection":[{"href":"https:\/\/kapayou.ch\/index.php?rest_route=\/wp\/v2\/product"}],"about":[{"href":"https:\/\/kapayou.ch\/index.php?rest_route=\/wp\/v2\/types\/product"}],"replies":[{"embeddable":true,"href":"https:\/\/kapayou.ch\/index.php?rest_route=%2Fwp%2Fv2%2Fcomments&post=16124"}],"version-history":[{"count":1,"href":"https:\/\/kapayou.ch\/index.php?rest_route=\/wp\/v2\/product\/16124\/revisions"}],"predecessor-version":[{"id":18288,"href":"https:\/\/kapayou.ch\/index.php?rest_route=\/wp\/v2\/product\/16124\/revisions\/18288"}],"wp:featuredmedia":[{"embeddable":true,"href":"https:\/\/kapayou.ch\/index.php?rest_route=\/wp\/v2\/media\/3066"}],"wp:attachment":[{"href":"https:\/\/kapayou.ch\/index.php?rest_route=%2Fwp%2Fv2%2Fmedia&parent=16124"}],"wp:term":[{"taxonomy":"product_brand","embeddable":true,"href":"https:\/\/kapayou.ch\/index.php?rest_route=%2Fwp%2Fv2%2Fproduct_brand&post=16124"},{"taxonomy":"product_cat","embeddable":true,"href":"https:\/\/kapayou.ch\/index.php?rest_route=%2Fwp%2Fv2%2Fproduct_cat&post=16124"},{"taxonomy":"product_tag","embeddable":true,"href":"https:\/\/kapayou.ch\/index.php?rest_route=%2Fwp%2Fv2%2Fproduct_tag&post=16124"}],"curies":[{"name":"wp","href":"https:\/\/api.w.org\/{rel}","templated":true}]}}