{"id":16120,"date":"2023-09-14T15:48:39","date_gmt":"2023-09-14T15:48:39","guid":{"rendered":"https:\/\/kapayou.ch\/?product=bye-bra-tasche-zum-waschen-von-bhs"},"modified":"2023-09-16T12:32:26","modified_gmt":"2023-09-16T12:32:26","slug":"bye-bra-tasche-zum-waschen-von-bhs","status":"publish","type":"product","link":"https:\/\/kapayou.ch\/?product=bye-bra-tasche-zum-waschen-von-bhs","title":{"rendered":"BYE BRA  Tasche Zum Waschen Von BHs"},"content":{"rendered":"<p>Eine Tasche zum B\u00fcrsten von Bye Bra BHs. Sein Material erm\u00f6glicht das Eindringen von Wasser und Waschpulver und sch\u00fctzt gleichzeitig die Haken und Dr\u00e4hte vor Dehnung oder Bruch beim Waschen und Trocknen. Die Form des Bye Bra-W\u00e4schesacks bewahrt empfindliche Stoffe und erh\u00e4lt die strukturelle Integrit\u00e4t der Becher. Durch einen sicheren Rei\u00dfverschluss aus Metall bleiben empfindliche Kleidungsst\u00fccke in der W\u00e4sche von anderen Dingen getrennt. Der Bye Bra Waschbeutel kann auch mit anderen W\u00e4schest\u00fccken verwendet werden. Material: 100% Polyester. Gr\u00f6\u00dfe: 30 x 40 cm. EAN: 8718801012987<\/p>\n","protected":false},"excerpt":{"rendered":"<p>Eine Tasche zum B\u00fcrsten von Bye Bra BHs. Sein Material erm\u00f6glicht das Eindringen von Wasser und Waschpulver und sch\u00fctzt gleichzeitig die Haken und Dr\u00e4hte vor Dehnung oder Bruch beim Waschen und Trocknen. Die Form des Bye Bra-W\u00e4schesacks bewahrt empfindliche Stoffe und erh\u00e4lt die strukturelle Integrit\u00e4t der Becher. Durch einen sicheren Rei\u00dfverschluss aus Metall bleiben empfindliche Kleidungsst\u00fccke in der W\u00e4sche von anderen Dingen getrennt. Der Bye Bra Waschbeutel kann auch mit anderen W\u00e4schest\u00fccken verwendet werden. Material: 100% Polyester. Gr\u00f6\u00dfe: 30 x 40 cm. EAN: 8718801012987<\/p>\n","protected":false},"featured_media":3057,"comment_status":"closed","ping_status":"closed","template":"","meta":{"site-sidebar-layout":"default","site-content-layout":"","ast-site-content-layout":"default","site-content-style":"default","site-sidebar-style":"default","ast-global-header-display":"","ast-banner-title-visibility":"","ast-main-header-display":"","ast-hfb-above-header-display":"","ast-hfb-below-header-display":"","ast-hfb-mobile-header-display":"","site-post-title":"","ast-breadcrumbs-content":"","ast-featured-img":"","footer-sml-layout":"","ast-disable-related-posts":"","theme-transparent-header-meta":"","adv-header-id-meta":"","stick-header-meta":"","header-above-stick-meta":"","header-main-stick-meta":"","header-below-stick-meta":"","astra-migrate-meta-layouts":"default","ast-page-background-enabled":"default","ast-page-background-meta":{"desktop":{"background-color":"var(--ast-global-color-4)","background-image":"","background-repeat":"repeat","background-position":"center center","background-size":"auto","background-attachment":"scroll","background-type":"","background-media":"","overlay-type":"","overlay-color":"","overlay-opacity":"","overlay-gradient":""},"tablet":{"background-color":"","background-image":"","background-repeat":"repeat","background-position":"center center","background-size":"auto","background-attachment":"scroll","background-type":"","background-media":"","overlay-type":"","overlay-color":"","overlay-opacity":"","overlay-gradient":""},"mobile":{"background-color":"","background-image":"","background-repeat":"repeat","background-position":"center center","background-size":"auto","background-attachment":"scroll","background-type":"","background-media":"","overlay-type":"","overlay-color":"","overlay-opacity":"","overlay-gradient":""}},"ast-content-background-meta":{"desktop":{"background-color":"var(--ast-global-color-5)","background-image":"","background-repeat":"repeat","background-position":"center center","background-size":"auto","background-attachment":"scroll","background-type":"","background-media":"","overlay-type":"","overlay-color":"","overlay-opacity":"","overlay-gradient":""},"tablet":{"background-color":"var(--ast-global-color-5)","background-image":"","background-repeat":"repeat","background-position":"center center","background-size":"auto","background-attachment":"scroll","background-type":"","background-media":"","overlay-type":"","overlay-color":"","overlay-opacity":"","overlay-gradient":""},"mobile":{"background-color":"var(--ast-global-color-5)","background-image":"","background-repeat":"repeat","background-position":"center center","background-size":"auto","background-attachment":"scroll","background-type":"","background-media":"","overlay-type":"","overlay-color":"","overlay-opacity":"","overlay-gradient":""}}},"product_brand":[],"product_cat":[21,111],"product_tag":[],"class_list":{"0":"post-16120","1":"product","2":"type-product","3":"status-publish","4":"has-post-thumbnail","6":"product_cat-unterwasche","7":"product_cat-zubehor-unterwasche","8":"pa_cloth-100-polyester","9":"pa_color-weis","10":"pa_size-szt","11":"desktop-align-center","12":"tablet-align-left","13":"mobile-align-left","14":"ast-product-gallery-layout-horizontal-slider","15":"ast-product-tabs-layout-distributed","16":"ast-qv-on-image","18":"first","19":"instock","20":"taxable","21":"shipping-taxable","22":"purchasable","23":"product-type-simple"},"aioseo_notices":[],"_links":{"self":[{"href":"https:\/\/kapayou.ch\/index.php?rest_route=\/wp\/v2\/product\/16120","targetHints":{"allow":["GET"]}}],"collection":[{"href":"https:\/\/kapayou.ch\/index.php?rest_route=\/wp\/v2\/product"}],"about":[{"href":"https:\/\/kapayou.ch\/index.php?rest_route=\/wp\/v2\/types\/product"}],"replies":[{"embeddable":true,"href":"https:\/\/kapayou.ch\/index.php?rest_route=%2Fwp%2Fv2%2Fcomments&post=16120"}],"version-history":[{"count":1,"href":"https:\/\/kapayou.ch\/index.php?rest_route=\/wp\/v2\/product\/16120\/revisions"}],"predecessor-version":[{"id":18290,"href":"https:\/\/kapayou.ch\/index.php?rest_route=\/wp\/v2\/product\/16120\/revisions\/18290"}],"wp:featuredmedia":[{"embeddable":true,"href":"https:\/\/kapayou.ch\/index.php?rest_route=\/wp\/v2\/media\/3057"}],"wp:attachment":[{"href":"https:\/\/kapayou.ch\/index.php?rest_route=%2Fwp%2Fv2%2Fmedia&parent=16120"}],"wp:term":[{"taxonomy":"product_brand","embeddable":true,"href":"https:\/\/kapayou.ch\/index.php?rest_route=%2Fwp%2Fv2%2Fproduct_brand&post=16120"},{"taxonomy":"product_cat","embeddable":true,"href":"https:\/\/kapayou.ch\/index.php?rest_route=%2Fwp%2Fv2%2Fproduct_cat&post=16120"},{"taxonomy":"product_tag","embeddable":true,"href":"https:\/\/kapayou.ch\/index.php?rest_route=%2Fwp%2Fv2%2Fproduct_tag&post=16120"}],"curies":[{"name":"wp","href":"https:\/\/api.w.org\/{rel}","templated":true}]}}