{"id":16114,"date":"2023-09-14T15:48:36","date_gmt":"2023-09-14T15:48:36","guid":{"rendered":"https:\/\/kapayou.ch\/?product=bye-bra-bhclips"},"modified":"2023-09-16T12:32:27","modified_gmt":"2023-09-16T12:32:27","slug":"bye-bra-bhclips","status":"publish","type":"product","link":"https:\/\/kapayou.ch\/?product=bye-bra-bhclips","title":{"rendered":"BYE BRA   BHClips"},"content":{"rendered":"<p>Mit der Einf\u00fchrung einer neuen Generation von BH-BHs bringt Bye Bra traditionelles BH-Zubeh\u00f6r auf die n\u00e4chste Stufe. Gebogene BH-Clips helfen vielen Frauen, die mit sichtbaren BH-Tr\u00e4gern und Beschwerden zu k\u00e4mpfen haben, die durch das Tragen von zu kleinen und nicht anpassungsf\u00e4higen Accessoires \u00e4hnlicher Art verursacht werden, die sogar die Wirbels\u00e4ule besch\u00e4digen k\u00f6nnen, wenn sie zu stark sind. Bye Bra ist eine ergonomisch geformte, geschwungene BH-Klammer, die an die Form der Wirbels\u00e4ule angepasst ist und den Tragekomfort verbessert. Der gekr\u00fcmmte BH-Clip liegt nicht flach auf der Wirbels\u00e4ule: Er passt sich der Form der Wirbels\u00e4ule an, sodass er beim Tragen nicht einmal sp\u00fcrbar ist. Der gebogene BH-Clip besteht aus einem weichen Eisenmaterial, das bei Bedarf vom Benutzer gedehnt oder gebogen werden kann. Auf diese Weise erhalten Frauen einen personalisierten und ergonomischen, auf ihre Bed\u00fcrfnisse zugeschnittenen, gebogenen BH-Clip. Das Set enth\u00e4lt 4 Clips in verschiedenen Farben sowie eine Reiseabdeckung. EAN: \t8718801012178<\/p>\n","protected":false},"excerpt":{"rendered":"<p>Mit der Einf\u00fchrung einer neuen Generation von BH-BHs bringt Bye Bra traditionelles BH-Zubeh\u00f6r auf die n\u00e4chste Stufe. Gebogene BH-Clips helfen vielen Frauen, die mit sichtbaren BH-Tr\u00e4gern und Beschwerden zu k\u00e4mpfen haben, die durch das Tragen von zu kleinen und nicht anpassungsf\u00e4higen Accessoires \u00e4hnlicher Art verursacht werden, die sogar die Wirbels\u00e4ule besch\u00e4digen k\u00f6nnen, wenn sie zu stark sind. Bye Bra ist eine ergonomisch geformte, geschwungene BH-Klammer, die an die Form der Wirbels\u00e4ule angepasst ist und den Tragekomfort verbessert. Der gekr\u00fcmmte BH-Clip liegt nicht flach auf der Wirbels\u00e4ule: Er passt sich der Form der Wirbels\u00e4ule an, sodass er beim Tragen nicht einmal sp\u00fcrbar ist. Der gebogene BH-Clip besteht aus einem weichen Eisenmaterial, das bei Bedarf vom Benutzer gedehnt oder gebogen werden kann. Auf diese Weise erhalten Frauen einen personalisierten und ergonomischen, auf ihre Bed\u00fcrfnisse zugeschnittenen, gebogenen BH-Clip. Das Set enth\u00e4lt 4 Clips in verschiedenen Farben sowie eine Reiseabdeckung. EAN: \t8718801012178<\/p>\n","protected":false},"featured_media":3042,"comment_status":"closed","ping_status":"closed","template":"","meta":{"site-sidebar-layout":"default","site-content-layout":"","ast-site-content-layout":"default","site-content-style":"default","site-sidebar-style":"default","ast-global-header-display":"","ast-banner-title-visibility":"","ast-main-header-display":"","ast-hfb-above-header-display":"","ast-hfb-below-header-display":"","ast-hfb-mobile-header-display":"","site-post-title":"","ast-breadcrumbs-content":"","ast-featured-img":"","footer-sml-layout":"","ast-disable-related-posts":"","theme-transparent-header-meta":"","adv-header-id-meta":"","stick-header-meta":"","header-above-stick-meta":"","header-main-stick-meta":"","header-below-stick-meta":"","astra-migrate-meta-layouts":"default","ast-page-background-enabled":"default","ast-page-background-meta":{"desktop":{"background-color":"var(--ast-global-color-4)","background-image":"","background-repeat":"repeat","background-position":"center center","background-size":"auto","background-attachment":"scroll","background-type":"","background-media":"","overlay-type":"","overlay-color":"","overlay-opacity":"","overlay-gradient":""},"tablet":{"background-color":"","background-image":"","background-repeat":"repeat","background-position":"center center","background-size":"auto","background-attachment":"scroll","background-type":"","background-media":"","overlay-type":"","overlay-color":"","overlay-opacity":"","overlay-gradient":""},"mobile":{"background-color":"","background-image":"","background-repeat":"repeat","background-position":"center center","background-size":"auto","background-attachment":"scroll","background-type":"","background-media":"","overlay-type":"","overlay-color":"","overlay-opacity":"","overlay-gradient":""}},"ast-content-background-meta":{"desktop":{"background-color":"var(--ast-global-color-5)","background-image":"","background-repeat":"repeat","background-position":"center center","background-size":"auto","background-attachment":"scroll","background-type":"","background-media":"","overlay-type":"","overlay-color":"","overlay-opacity":"","overlay-gradient":""},"tablet":{"background-color":"var(--ast-global-color-5)","background-image":"","background-repeat":"repeat","background-position":"center center","background-size":"auto","background-attachment":"scroll","background-type":"","background-media":"","overlay-type":"","overlay-color":"","overlay-opacity":"","overlay-gradient":""},"mobile":{"background-color":"var(--ast-global-color-5)","background-image":"","background-repeat":"repeat","background-position":"center center","background-size":"auto","background-attachment":"scroll","background-type":"","background-media":"","overlay-type":"","overlay-color":"","overlay-opacity":"","overlay-gradient":""}}},"product_brand":[],"product_cat":[21,111],"product_tag":[],"class_list":{"0":"post-16114","1":"product","2":"type-product","3":"status-publish","4":"has-post-thumbnail","6":"product_cat-unterwasche","7":"product_cat-zubehor-unterwasche","8":"pa_cloth-eisen","9":"pa_color-mehrfarben","10":"pa_size-szt","11":"desktop-align-center","12":"tablet-align-left","13":"mobile-align-left","14":"ast-product-gallery-layout-horizontal-slider","15":"ast-product-tabs-layout-distributed","16":"ast-qv-on-image","18":"first","19":"instock","20":"taxable","21":"shipping-taxable","22":"purchasable","23":"product-type-simple"},"aioseo_notices":[],"_links":{"self":[{"href":"https:\/\/kapayou.ch\/index.php?rest_route=\/wp\/v2\/product\/16114","targetHints":{"allow":["GET"]}}],"collection":[{"href":"https:\/\/kapayou.ch\/index.php?rest_route=\/wp\/v2\/product"}],"about":[{"href":"https:\/\/kapayou.ch\/index.php?rest_route=\/wp\/v2\/types\/product"}],"replies":[{"embeddable":true,"href":"https:\/\/kapayou.ch\/index.php?rest_route=%2Fwp%2Fv2%2Fcomments&post=16114"}],"version-history":[{"count":1,"href":"https:\/\/kapayou.ch\/index.php?rest_route=\/wp\/v2\/product\/16114\/revisions"}],"predecessor-version":[{"id":18295,"href":"https:\/\/kapayou.ch\/index.php?rest_route=\/wp\/v2\/product\/16114\/revisions\/18295"}],"wp:featuredmedia":[{"embeddable":true,"href":"https:\/\/kapayou.ch\/index.php?rest_route=\/wp\/v2\/media\/3042"}],"wp:attachment":[{"href":"https:\/\/kapayou.ch\/index.php?rest_route=%2Fwp%2Fv2%2Fmedia&parent=16114"}],"wp:term":[{"taxonomy":"product_brand","embeddable":true,"href":"https:\/\/kapayou.ch\/index.php?rest_route=%2Fwp%2Fv2%2Fproduct_brand&post=16114"},{"taxonomy":"product_cat","embeddable":true,"href":"https:\/\/kapayou.ch\/index.php?rest_route=%2Fwp%2Fv2%2Fproduct_cat&post=16114"},{"taxonomy":"product_tag","embeddable":true,"href":"https:\/\/kapayou.ch\/index.php?rest_route=%2Fwp%2Fv2%2Fproduct_tag&post=16114"}],"curies":[{"name":"wp","href":"https:\/\/api.w.org\/{rel}","templated":true}]}}