{"id":15811,"date":"2023-09-14T15:47:36","date_gmt":"2023-09-14T15:47:36","guid":{"rendered":"https:\/\/kapayou.ch\/?product=gartergurtel-gb-heaven"},"modified":"2023-09-18T13:30:45","modified_gmt":"2023-09-18T13:30:45","slug":"gartergurtel-gb-heaven","status":"publish","type":"product","link":"https:\/\/kapayou.ch\/?product=gartergurtel-gb-heaven","title":{"rendered":"GARTERG\u00dcRTEL GB  HEAVEN"},"content":{"rendered":"<p>Herrlich und hinrei\u00dfend die Sinne, Strumpfg\u00fcrtel aus kontrastierendem schwarzem und rotem \u00d6ko-Leder mit der provokanten Inschrift> fuck <. Der Frivolit\u00e4tseffekt wird durch silberne Sterne im vorderen Teil verst\u00e4rkt. Metallgurtbefestigungen werden als Strumpfbandpolster verwendet. R\u00fccken mit 2-reihigem Haken und \u00d6se befestigt. Str\u00fcmpfe enthalten.<\/p>\n<table style=\"border-collapse: collapse;\" cellpadding=\"4\">\n<tr>\n<td style=\"width:180px; border: 1px solid #fff;\"><b>MODEL 70002-4<\/b><\/td>\n<td style=\"width:70px; border: 1px solid #fff; text-align: center;\"><b>S<\/b><\/td>\n<td style=\"width:70px; border: 1px solid #fff; text-align: center;\"><b>M<\/b><\/td>\n<td style=\"width:70px; border: 1px solid #fff; text-align: center;\"><b>L<\/b><\/td>\n<td style=\"width:70px; border: 1px solid #fff; text-align: center;\"><b>XL<\/b><\/td>\n<td style=\"width:70px; border: 1px solid #fff; text-align: center;\"><b>2XL<\/b><\/td>\n<td style=\"width:70px; border: 1px solid #fff; text-align: center;\"><b>3XL<\/b><\/td>\n<td style=\"width:70px; border: 1px solid #fff; text-align: center;\"><b>4XL<\/b><\/td>\n<\/tr>\n<tr>\n<td style=\"border: 1px solid #fff;\"><b>Brustumfang<\/b><\/td>\n<td style=\"border: 1px solid #fff; text-align: center;\">86-88cm<\/td>\n<td style=\"border: 1px solid #fff; text-align: center;\">88-92cm<\/td>\n<td style=\"border: 1px solid #fff; text-align: center;\">92-94cm<\/td>\n<td style=\"border: 1px solid #fff; text-align: center;\">94-96cm<\/td>\n<td style=\"border: 1px solid #fff; text-align: center;\">98-100cm<\/td>\n<td style=\"border: 1px solid #fff; text-align: center;\">102-106cm<\/td>\n<td style=\"border: 1px solid #fff; text-align: center;\">108-112cm<\/td>\n<\/tr>\n<tr>\n<td style=\"border: 1px solid #fff;\"><b>Taillenumfang<\/b><\/td>\n<td style=\"border: 1px solid #fff; text-align: center;\">64-66cm<\/td>\n<td style=\"border: 1px solid #fff; text-align: center;\">68-70cm<\/td>\n<td style=\"border: 1px solid #fff; text-align: center;\">74-76cm<\/td>\n<td style=\"border: 1px solid #fff; text-align: center;\">78-80cm<\/td>\n<td style=\"border: 1px solid #fff; text-align: center;\">86-90cm<\/td>\n<td style=\"border: 1px solid #fff; text-align: center;\">96-100cm<\/td>\n<td style=\"border: 1px solid #fff; text-align: center;\">102-106cm<\/td>\n<\/tr>\n<tr>\n<td style=\"border: 1px solid #fff;\"><b>H\u00fcftumfang<\/b><\/td>\n<td style=\"border: 1px solid #fff; text-align: center;\">88-90cm<\/td>\n<td style=\"border: 1px solid #fff; text-align: center;\">90-92cm<\/td>\n<td style=\"border: 1px solid #fff; text-align: center;\">94-96cm<\/td>\n<td style=\"border: 1px solid #fff; text-align: center;\">98-100cm<\/td>\n<td style=\"border: 1px solid #fff; text-align: center;\">102-106cm<\/td>\n<td style=\"border: 1px solid #fff; text-align: center;\">110-115cm<\/td>\n<td style=\"border: 1px solid #fff; text-align: center;\">120-125cm<\/td>\n<\/tr>\n<\/table>\n<p><\/p>\n","protected":false},"excerpt":{"rendered":"<p>Herrlich und hinrei\u00dfend die Sinne, Strumpfg\u00fcrtel aus kontrastierendem schwarzem und rotem \u00d6ko-Leder mit der provokanten Inschrift> fuck<\/p>\n","protected":false},"featured_media":2757,"comment_status":"closed","ping_status":"closed","template":"","meta":{"site-sidebar-layout":"default","site-content-layout":"","ast-site-content-layout":"default","site-content-style":"default","site-sidebar-style":"default","ast-global-header-display":"","ast-banner-title-visibility":"","ast-main-header-display":"","ast-hfb-above-header-display":"","ast-hfb-below-header-display":"","ast-hfb-mobile-header-display":"","site-post-title":"","ast-breadcrumbs-content":"","ast-featured-img":"","footer-sml-layout":"","ast-disable-related-posts":"","theme-transparent-header-meta":"","adv-header-id-meta":"","stick-header-meta":"","header-above-stick-meta":"","header-main-stick-meta":"","header-below-stick-meta":"","astra-migrate-meta-layouts":"default","ast-page-background-enabled":"default","ast-page-background-meta":{"desktop":{"background-color":"var(--ast-global-color-4)","background-image":"","background-repeat":"repeat","background-position":"center center","background-size":"auto","background-attachment":"scroll","background-type":"","background-media":"","overlay-type":"","overlay-color":"","overlay-opacity":"","overlay-gradient":""},"tablet":{"background-color":"","background-image":"","background-repeat":"repeat","background-position":"center center","background-size":"auto","background-attachment":"scroll","background-type":"","background-media":"","overlay-type":"","overlay-color":"","overlay-opacity":"","overlay-gradient":""},"mobile":{"background-color":"","background-image":"","background-repeat":"repeat","background-position":"center center","background-size":"auto","background-attachment":"scroll","background-type":"","background-media":"","overlay-type":"","overlay-color":"","overlay-opacity":"","overlay-gradient":""}},"ast-content-background-meta":{"desktop":{"background-color":"var(--ast-global-color-5)","background-image":"","background-repeat":"repeat","background-position":"center center","background-size":"auto","background-attachment":"scroll","background-type":"","background-media":"","overlay-type":"","overlay-color":"","overlay-opacity":"","overlay-gradient":""},"tablet":{"background-color":"var(--ast-global-color-5)","background-image":"","background-repeat":"repeat","background-position":"center center","background-size":"auto","background-attachment":"scroll","background-type":"","background-media":"","overlay-type":"","overlay-color":"","overlay-opacity":"","overlay-gradient":""},"mobile":{"background-color":"var(--ast-global-color-5)","background-image":"","background-repeat":"repeat","background-position":"center center","background-size":"auto","background-attachment":"scroll","background-type":"","background-media":"","overlay-type":"","overlay-color":"","overlay-opacity":"","overlay-gradient":""}}},"product_brand":[],"product_cat":[96],"product_tag":[],"class_list":{"0":"post-15811","1":"product","2":"type-product","3":"status-publish","4":"has-post-thumbnail","6":"product_cat-strumpfe-unterwasche","7":"pa_cloth-85-poliester-15-poliamid","8":"pa_color-schwarz","9":"pa_size-l","10":"pa_size-m","11":"pa_size-s","12":"pa_size-xl","13":"pa_size-xxl","14":"pa_size-xxxl","15":"desktop-align-center","16":"tablet-align-left","17":"mobile-align-left","18":"ast-product-gallery-layout-horizontal-slider","19":"ast-product-gallery-with-no-image","20":"ast-product-single-variable","21":"ast-product-tabs-layout-distributed","22":"ast-qv-on-image","24":"first","25":"instock","26":"taxable","27":"shipping-taxable","28":"purchasable","29":"product-type-variable"},"aioseo_notices":[],"_links":{"self":[{"href":"https:\/\/kapayou.ch\/index.php?rest_route=\/wp\/v2\/product\/15811","targetHints":{"allow":["GET"]}}],"collection":[{"href":"https:\/\/kapayou.ch\/index.php?rest_route=\/wp\/v2\/product"}],"about":[{"href":"https:\/\/kapayou.ch\/index.php?rest_route=\/wp\/v2\/types\/product"}],"replies":[{"embeddable":true,"href":"https:\/\/kapayou.ch\/index.php?rest_route=%2Fwp%2Fv2%2Fcomments&post=15811"}],"version-history":[{"count":1,"href":"https:\/\/kapayou.ch\/index.php?rest_route=\/wp\/v2\/product\/15811\/revisions"}],"predecessor-version":[{"id":18362,"href":"https:\/\/kapayou.ch\/index.php?rest_route=\/wp\/v2\/product\/15811\/revisions\/18362"}],"wp:featuredmedia":[{"embeddable":true,"href":"https:\/\/kapayou.ch\/index.php?rest_route=\/wp\/v2\/media\/2757"}],"wp:attachment":[{"href":"https:\/\/kapayou.ch\/index.php?rest_route=%2Fwp%2Fv2%2Fmedia&parent=15811"}],"wp:term":[{"taxonomy":"product_brand","embeddable":true,"href":"https:\/\/kapayou.ch\/index.php?rest_route=%2Fwp%2Fv2%2Fproduct_brand&post=15811"},{"taxonomy":"product_cat","embeddable":true,"href":"https:\/\/kapayou.ch\/index.php?rest_route=%2Fwp%2Fv2%2Fproduct_cat&post=15811"},{"taxonomy":"product_tag","embeddable":true,"href":"https:\/\/kapayou.ch\/index.php?rest_route=%2Fwp%2Fv2%2Fproduct_tag&post=15811"}],"curies":[{"name":"wp","href":"https:\/\/api.w.org\/{rel}","templated":true}]}}