{"id":15797,"date":"2023-09-14T15:47:33","date_gmt":"2023-09-14T15:47:33","guid":{"rendered":"https:\/\/kapayou.ch\/?product=glossy-stockings-mit-dem-s-heaven"},"modified":"2023-09-16T12:32:36","modified_gmt":"2023-09-16T12:32:36","slug":"glossy-stockings-mit-dem-s-heaven","status":"publish","type":"product","link":"https:\/\/kapayou.ch\/?product=glossy-stockings-mit-dem-s-heaven","title":{"rendered":"GLOSSY STOCKINGS MIT DEM S  HEAVEN"},"content":{"rendered":"<p>Sexy Str\u00fcmpfe aus schwarzem, gl\u00e4nzendem und elastischem Wetlook-Stoff sind mit einem sinnlichen, kontrastierenden roten Streifen mit der Aufschrift Fuck versehen und im hinteren Teil mit gro\u00dfen Hochglanz\u00f6sen mit einem koketten Satinband verziert. Perfekt als Erg\u00e4nzung zu jedem Dessous-Set! Selbsttragend, mit einem Silikonband an der Innenseite.<\/p>\n<table style=\"border-collapse: collapse;\" cellpadding=\"4\">\n<tr>\n<td style=\"width:180px; border: 1px solid #fff;\"><b>MODEL 70004-7<\/b><\/td>\n<td style=\"width:70px; border: 1px solid #fff; text-align: center;\"><b>L\/XL<\/b><\/td>\n<td style=\"width:70px; border: 1px solid #fff; text-align: center;\"><b>4XL\/5XL<\/b><\/td>\n<td style=\"width:70px; border: 1px solid #fff; text-align: center;\"><b>2XL\/3XL<\/b><\/td>\n<td style=\"width:70px; border: 1px solid #fff; text-align: center;\"><b>S\/M<\/b><\/td>\n<\/tr>\n<tr>\n<td style=\"border: 1px solid #fff;\"><b>Brustumfang<\/b><\/td>\n<td style=\"border: 1px solid #fff; text-align: center;\">94-96 CM<\/td>\n<td style=\"border: 1px solid #fff; text-align: center;\">112-114 CM<\/td>\n<td style=\"border: 1px solid #fff; text-align: center;\">100-102 CM<\/td>\n<td style=\"border: 1px solid #fff; text-align: center;\">88-90 CM<\/td>\n<\/tr>\n<tr>\n<td style=\"border: 1px solid #fff;\"><b>Taillenumfang<\/b><\/td>\n<td style=\"border: 1px solid #fff; text-align: center;\">76-78 CM<\/td>\n<td style=\"border: 1px solid #fff; text-align: center;\">106-108 CM<\/td>\n<td style=\"border: 1px solid #fff; text-align: center;\">92-96 CM<\/td>\n<td style=\"border: 1px solid #fff; text-align: center;\">66-68 CM<\/td>\n<\/tr>\n<tr>\n<td style=\"border: 1px solid #fff;\"><b>H\u00fcftumfang<\/b><\/td>\n<td style=\"border: 1px solid #fff; text-align: center;\">96-98 CM<\/td>\n<td style=\"border: 1px solid #fff; text-align: center;\">125-127 CM<\/td>\n<td style=\"border: 1px solid #fff; text-align: center;\">106-110 CM<\/td>\n<td style=\"border: 1px solid #fff; text-align: center;\">90-92 CM<\/td>\n<\/tr>\n<\/table>\n<p><\/p>\n","protected":false},"excerpt":{"rendered":"<p>Sexy Str\u00fcmpfe aus schwarzem, gl\u00e4nzendem und elastischem Wetlook-Stoff sind mit einem sinnlichen, kontrastierenden roten Streifen mit der Aufschrift Fuck versehen und im hinteren Teil mit gro\u00dfen Hochglanz\u00f6sen mit einem koketten Satinband verziert. Perfekt als Erg\u00e4nzung zu jedem Dessous-Set! Selbsttragend, mit einem Silikonband an der Innenseite.<\/p>\n<p>                    MODEL 70004-7L\/XL4XL\/5XL2XL\/3XLS\/M<br \/>\n                            Brustumfang94-96 CM112-114 CM100-102 CM88-90 CM<br \/>\n                            Taillenumfang76-78 CM106-108 CM92-96 CM66-68 CM<br \/>\n                            H\u00fcftumfang96-98 CM125-127 CM106-110 CM90-92 CM<\/p>\n","protected":false},"featured_media":2747,"comment_status":"closed","ping_status":"closed","template":"","meta":{"site-sidebar-layout":"default","site-content-layout":"","ast-site-content-layout":"default","site-content-style":"default","site-sidebar-style":"default","ast-global-header-display":"","ast-banner-title-visibility":"","ast-main-header-display":"","ast-hfb-above-header-display":"","ast-hfb-below-header-display":"","ast-hfb-mobile-header-display":"","site-post-title":"","ast-breadcrumbs-content":"","ast-featured-img":"","footer-sml-layout":"","ast-disable-related-posts":"","theme-transparent-header-meta":"","adv-header-id-meta":"","stick-header-meta":"","header-above-stick-meta":"","header-main-stick-meta":"","header-below-stick-meta":"","astra-migrate-meta-layouts":"default","ast-page-background-enabled":"default","ast-page-background-meta":{"desktop":{"background-color":"var(--ast-global-color-4)","background-image":"","background-repeat":"repeat","background-position":"center center","background-size":"auto","background-attachment":"scroll","background-type":"","background-media":"","overlay-type":"","overlay-color":"","overlay-opacity":"","overlay-gradient":""},"tablet":{"background-color":"","background-image":"","background-repeat":"repeat","background-position":"center center","background-size":"auto","background-attachment":"scroll","background-type":"","background-media":"","overlay-type":"","overlay-color":"","overlay-opacity":"","overlay-gradient":""},"mobile":{"background-color":"","background-image":"","background-repeat":"repeat","background-position":"center center","background-size":"auto","background-attachment":"scroll","background-type":"","background-media":"","overlay-type":"","overlay-color":"","overlay-opacity":"","overlay-gradient":""}},"ast-content-background-meta":{"desktop":{"background-color":"var(--ast-global-color-5)","background-image":"","background-repeat":"repeat","background-position":"center center","background-size":"auto","background-attachment":"scroll","background-type":"","background-media":"","overlay-type":"","overlay-color":"","overlay-opacity":"","overlay-gradient":""},"tablet":{"background-color":"var(--ast-global-color-5)","background-image":"","background-repeat":"repeat","background-position":"center center","background-size":"auto","background-attachment":"scroll","background-type":"","background-media":"","overlay-type":"","overlay-color":"","overlay-opacity":"","overlay-gradient":""},"mobile":{"background-color":"var(--ast-global-color-5)","background-image":"","background-repeat":"repeat","background-position":"center center","background-size":"auto","background-attachment":"scroll","background-type":"","background-media":"","overlay-type":"","overlay-color":"","overlay-opacity":"","overlay-gradient":""}}},"product_brand":[],"product_cat":[96,21],"product_tag":[],"class_list":{"0":"post-15797","1":"product","2":"type-product","3":"status-publish","4":"has-post-thumbnail","6":"product_cat-strumpfe-unterwasche","7":"product_cat-unterwasche","8":"pa_cloth-wet-look-80-polyester-20-polyamid","9":"pa_color-schwarz","10":"pa_size-l-xl","11":"pa_size-s-m","12":"pa_size-xxl-xxxl","13":"desktop-align-center","14":"tablet-align-left","15":"mobile-align-left","16":"ast-product-gallery-layout-horizontal-slider","17":"ast-product-single-variable","18":"ast-product-tabs-layout-distributed","19":"ast-qv-on-image","21":"first","22":"instock","23":"taxable","24":"shipping-taxable","25":"purchasable","26":"product-type-variable"},"aioseo_notices":[],"_links":{"self":[{"href":"https:\/\/kapayou.ch\/index.php?rest_route=\/wp\/v2\/product\/15797","targetHints":{"allow":["GET"]}}],"collection":[{"href":"https:\/\/kapayou.ch\/index.php?rest_route=\/wp\/v2\/product"}],"about":[{"href":"https:\/\/kapayou.ch\/index.php?rest_route=\/wp\/v2\/types\/product"}],"replies":[{"embeddable":true,"href":"https:\/\/kapayou.ch\/index.php?rest_route=%2Fwp%2Fv2%2Fcomments&post=15797"}],"version-history":[{"count":1,"href":"https:\/\/kapayou.ch\/index.php?rest_route=\/wp\/v2\/product\/15797\/revisions"}],"predecessor-version":[{"id":18369,"href":"https:\/\/kapayou.ch\/index.php?rest_route=\/wp\/v2\/product\/15797\/revisions\/18369"}],"wp:featuredmedia":[{"embeddable":true,"href":"https:\/\/kapayou.ch\/index.php?rest_route=\/wp\/v2\/media\/2747"}],"wp:attachment":[{"href":"https:\/\/kapayou.ch\/index.php?rest_route=%2Fwp%2Fv2%2Fmedia&parent=15797"}],"wp:term":[{"taxonomy":"product_brand","embeddable":true,"href":"https:\/\/kapayou.ch\/index.php?rest_route=%2Fwp%2Fv2%2Fproduct_brand&post=15797"},{"taxonomy":"product_cat","embeddable":true,"href":"https:\/\/kapayou.ch\/index.php?rest_route=%2Fwp%2Fv2%2Fproduct_cat&post=15797"},{"taxonomy":"product_tag","embeddable":true,"href":"https:\/\/kapayou.ch\/index.php?rest_route=%2Fwp%2Fv2%2Fproduct_tag&post=15797"}],"curies":[{"name":"wp","href":"https:\/\/api.w.org\/{rel}","templated":true}]}}