{"id":15726,"date":"2023-09-14T15:47:17","date_gmt":"2023-09-14T15:47:17","guid":{"rendered":"https:\/\/kapayou.ch\/?product=sensual-double-contrast-body-td-heaven"},"modified":"2023-09-16T12:32:38","modified_gmt":"2023-09-16T12:32:38","slug":"sensual-double-contrast-body-td-heaven","status":"publish","type":"product","link":"https:\/\/kapayou.ch\/?product=sensual-double-contrast-body-td-heaven","title":{"rendered":"SENSUAL DOUBLE CONTRAST BODY TD  HEAVEN"},"content":{"rendered":"<p>Verlockend, voller Sinnlichkeitsk\u00f6rper, kombiniert 2 kontrastierende Stoffe: elastischer, lackierter Mangel an Hochglanz und sinnlich transparenter elastischer T\u00fcll. Das Ganze, das die Form des Gesichtsprofils einer Frau bildet, enth\u00fcllt \u00e4u\u00dferst verlockend die Geheimnisse Ihres K\u00f6rpers. Ein absolut herausragendes Angebot, das alle begeistern wird.<\/p>\n<table style=\"border-collapse: collapse;\" cellpadding=\"4\">\n<tr>\n<td style=\"width:180px; border: 1px solid #fff;\"><b>MODEL 70007-1<\/b><\/td>\n<td style=\"width:70px; border: 1px solid #fff; text-align: center;\"><b>S<\/b><\/td>\n<td style=\"width:70px; border: 1px solid #fff; text-align: center;\"><b>M<\/b><\/td>\n<td style=\"width:70px; border: 1px solid #fff; text-align: center;\"><b>L<\/b><\/td>\n<td style=\"width:70px; border: 1px solid #fff; text-align: center;\"><b>XL<\/b><\/td>\n<td style=\"width:70px; border: 1px solid #fff; text-align: center;\"><b>2XL<\/b><\/td>\n<td style=\"width:70px; border: 1px solid #fff; text-align: center;\"><b>3XL<\/b><\/td>\n<td style=\"width:70px; border: 1px solid #fff; text-align: center;\"><b>4XL<\/b><\/td>\n<\/tr>\n<tr>\n<td style=\"border: 1px solid #fff;\"><b>Brustumfang<\/b><\/td>\n<td style=\"border: 1px solid #fff; text-align: center;\">86-88cm<\/td>\n<td style=\"border: 1px solid #fff; text-align: center;\">88-92cm<\/td>\n<td style=\"border: 1px solid #fff; text-align: center;\">92-94cm<\/td>\n<td style=\"border: 1px solid #fff; text-align: center;\">94-96cm<\/td>\n<td style=\"border: 1px solid #fff; text-align: center;\">98-100cm<\/td>\n<td style=\"border: 1px solid #fff; text-align: center;\">102-106cm<\/td>\n<td style=\"border: 1px solid #fff; text-align: center;\">108-112cm<\/td>\n<\/tr>\n<tr>\n<td style=\"border: 1px solid #fff;\"><b>Taillenumfang<\/b><\/td>\n<td style=\"border: 1px solid #fff; text-align: center;\">64-66cm<\/td>\n<td style=\"border: 1px solid #fff; text-align: center;\">68-70cm<\/td>\n<td style=\"border: 1px solid #fff; text-align: center;\">74-76cm<\/td>\n<td style=\"border: 1px solid #fff; text-align: center;\">78-80cm<\/td>\n<td style=\"border: 1px solid #fff; text-align: center;\">86-90cm<\/td>\n<td style=\"border: 1px solid #fff; text-align: center;\">96-100cm<\/td>\n<td style=\"border: 1px solid #fff; text-align: center;\">102-106cm<\/td>\n<\/tr>\n<tr>\n<td style=\"border: 1px solid #fff;\"><b>H\u00fcftumfang<\/b><\/td>\n<td style=\"border: 1px solid #fff; text-align: center;\">88-90cm<\/td>\n<td style=\"border: 1px solid #fff; text-align: center;\">90-92cm<\/td>\n<td style=\"border: 1px solid #fff; text-align: center;\">94-96cm<\/td>\n<td style=\"border: 1px solid #fff; text-align: center;\">98-100cm<\/td>\n<td style=\"border: 1px solid #fff; text-align: center;\">102-106cm<\/td>\n<td style=\"border: 1px solid #fff; text-align: center;\">110-115cm<\/td>\n<td style=\"border: 1px solid #fff; text-align: center;\">120-125cm<\/td>\n<\/tr>\n<\/table>\n<p><\/p>\n","protected":false},"excerpt":{"rendered":"<p>Verlockend, voller Sinnlichkeitsk\u00f6rper, kombiniert 2 kontrastierende Stoffe: elastischer, lackierter Mangel an Hochglanz und sinnlich transparenter elastischer T\u00fcll. Das Ganze, das die Form des Gesichtsprofils einer Frau bildet, enth\u00fcllt \u00e4u\u00dferst verlockend die Geheimnisse Ihres K\u00f6rpers. Ein absolut herausragendes Angebot, das alle begeistern wird.<\/p>\n<p>                    MODEL 70007-1SMLXL2XL3XL4XL<br \/>\n                            Brustumfang86-88cm88-92cm92-94cm94-96cm98-100cm102-106cm108-112cm<br \/>\n                            Taillenumfang64-66cm68-70cm74-76cm78-80cm86-90cm96-100cm102-106cm<br \/>\n                            H\u00fcftumfang88-90cm90-92cm94-96cm98-100cm102-106cm110-115cm120-125cm<\/p>\n","protected":false},"featured_media":2707,"comment_status":"closed","ping_status":"closed","template":"","meta":{"site-sidebar-layout":"default","site-content-layout":"","ast-site-content-layout":"default","site-content-style":"default","site-sidebar-style":"default","ast-global-header-display":"","ast-banner-title-visibility":"","ast-main-header-display":"","ast-hfb-above-header-display":"","ast-hfb-below-header-display":"","ast-hfb-mobile-header-display":"","site-post-title":"","ast-breadcrumbs-content":"","ast-featured-img":"","footer-sml-layout":"","ast-disable-related-posts":"","theme-transparent-header-meta":"","adv-header-id-meta":"","stick-header-meta":"","header-above-stick-meta":"","header-main-stick-meta":"","header-below-stick-meta":"","astra-migrate-meta-layouts":"default","ast-page-background-enabled":"default","ast-page-background-meta":{"desktop":{"background-color":"var(--ast-global-color-4)","background-image":"","background-repeat":"repeat","background-position":"center center","background-size":"auto","background-attachment":"scroll","background-type":"","background-media":"","overlay-type":"","overlay-color":"","overlay-opacity":"","overlay-gradient":""},"tablet":{"background-color":"","background-image":"","background-repeat":"repeat","background-position":"center center","background-size":"auto","background-attachment":"scroll","background-type":"","background-media":"","overlay-type":"","overlay-color":"","overlay-opacity":"","overlay-gradient":""},"mobile":{"background-color":"","background-image":"","background-repeat":"repeat","background-position":"center center","background-size":"auto","background-attachment":"scroll","background-type":"","background-media":"","overlay-type":"","overlay-color":"","overlay-opacity":"","overlay-gradient":""}},"ast-content-background-meta":{"desktop":{"background-color":"var(--ast-global-color-5)","background-image":"","background-repeat":"repeat","background-position":"center center","background-size":"auto","background-attachment":"scroll","background-type":"","background-media":"","overlay-type":"","overlay-color":"","overlay-opacity":"","overlay-gradient":""},"tablet":{"background-color":"var(--ast-global-color-5)","background-image":"","background-repeat":"repeat","background-position":"center center","background-size":"auto","background-attachment":"scroll","background-type":"","background-media":"","overlay-type":"","overlay-color":"","overlay-opacity":"","overlay-gradient":""},"mobile":{"background-color":"var(--ast-global-color-5)","background-image":"","background-repeat":"repeat","background-position":"center center","background-size":"auto","background-attachment":"scroll","background-type":"","background-media":"","overlay-type":"","overlay-color":"","overlay-opacity":"","overlay-gradient":""}}},"product_brand":[],"product_cat":[92,21],"product_tag":[],"class_list":{"0":"post-15726","1":"product","2":"type-product","3":"status-publish","4":"has-post-thumbnail","6":"product_cat-body-unterwasche","7":"product_cat-unterwasche","8":"pa_cloth-60-polyester-40-polyurethane","9":"pa_color-schwarz-rot","10":"pa_size-l","11":"pa_size-m","12":"pa_size-s","13":"pa_size-xl","14":"desktop-align-center","15":"tablet-align-left","16":"mobile-align-left","17":"ast-product-gallery-layout-horizontal-slider","18":"ast-product-single-variable","19":"ast-product-tabs-layout-distributed","20":"ast-qv-on-image","22":"first","23":"instock","24":"taxable","25":"shipping-taxable","26":"purchasable","27":"product-type-variable"},"aioseo_notices":[],"_links":{"self":[{"href":"https:\/\/kapayou.ch\/index.php?rest_route=\/wp\/v2\/product\/15726","targetHints":{"allow":["GET"]}}],"collection":[{"href":"https:\/\/kapayou.ch\/index.php?rest_route=\/wp\/v2\/product"}],"about":[{"href":"https:\/\/kapayou.ch\/index.php?rest_route=\/wp\/v2\/types\/product"}],"replies":[{"embeddable":true,"href":"https:\/\/kapayou.ch\/index.php?rest_route=%2Fwp%2Fv2%2Fcomments&post=15726"}],"version-history":[{"count":1,"href":"https:\/\/kapayou.ch\/index.php?rest_route=\/wp\/v2\/product\/15726\/revisions"}],"predecessor-version":[{"id":18390,"href":"https:\/\/kapayou.ch\/index.php?rest_route=\/wp\/v2\/product\/15726\/revisions\/18390"}],"wp:featuredmedia":[{"embeddable":true,"href":"https:\/\/kapayou.ch\/index.php?rest_route=\/wp\/v2\/media\/2707"}],"wp:attachment":[{"href":"https:\/\/kapayou.ch\/index.php?rest_route=%2Fwp%2Fv2%2Fmedia&parent=15726"}],"wp:term":[{"taxonomy":"product_brand","embeddable":true,"href":"https:\/\/kapayou.ch\/index.php?rest_route=%2Fwp%2Fv2%2Fproduct_brand&post=15726"},{"taxonomy":"product_cat","embeddable":true,"href":"https:\/\/kapayou.ch\/index.php?rest_route=%2Fwp%2Fv2%2Fproduct_cat&post=15726"},{"taxonomy":"product_tag","embeddable":true,"href":"https:\/\/kapayou.ch\/index.php?rest_route=%2Fwp%2Fv2%2Fproduct_tag&post=15726"}],"curies":[{"name":"wp","href":"https:\/\/api.w.org\/{rel}","templated":true}]}}