{"id":15703,"date":"2023-09-14T15:47:14","date_gmt":"2023-09-14T15:47:14","guid":{"rendered":"https:\/\/kapayou.ch\/?product=mens-underwear-biker-bikini-bottomcuffhat-parts-envy"},"modified":"2023-09-18T12:34:54","modified_gmt":"2023-09-18T12:34:54","slug":"mens-underwear-biker-bikini-bottomcuffhat-parts-envy","status":"publish","type":"product","link":"https:\/\/kapayou.ch\/?product=mens-underwear-biker-bikini-bottomcuffhat-parts-envy","title":{"rendered":"MENS UNDERWEAR BIKER BIKINI BOTTOMCUFFHAT  Parts  ENVY"},"content":{"rendered":"<p>Starren Sie dem Tod ins Gesicht und bringen Sie Ihre G\u00e4nge in Gang! H\u00fcpfen Sie in diesem dreiteiligen Bikerkost\u00fcm auf Ihr Schwein! Die schwarzen Hosen im Bikini-Schnitt sind mit einem goldenen Rei\u00dfverschluss versehen, ebenso wie der passende Hut. Die schwarzen Manschetten erg\u00e4nzen das letzte Detail, um den Look zu vervollst\u00e4ndigen und Sie auf die offene Stra\u00dfe vorzubereiten.<\/p>\n<table style=\"border-collapse: collapse;\" cellpadding=\"4\">\n<tr>\n<td style=\"width:180px; border: 1px solid #fff;\"><b>MODEL 71004-1<\/b><\/td>\n<td style=\"width:70px; border: 1px solid #fff; text-align: center;\"><b>S\/M<\/b><\/td>\n<td style=\"width:70px; border: 1px solid #fff; text-align: center;\"><b>M\/L<\/b><\/td>\n<td style=\"width:70px; border: 1px solid #fff; text-align: center;\"><b>L\/XL<\/b><\/td>\n<\/tr>\n<tr>\n<td style=\"border: 1px solid #fff;\"><b>Taillenumfang (cm)<\/b><\/td>\n<td style=\"border: 1px solid #fff; text-align: center;\">71-81<\/td>\n<td style=\"border: 1px solid #fff; text-align: center;\">81-91<\/td>\n<td style=\"border: 1px solid #fff; text-align: center;\">91 &#8211; 101<\/td>\n<\/tr>\n<\/table>\n<p><\/p>\n","protected":false},"excerpt":{"rendered":"<p>Starren Sie dem Tod ins Gesicht und bringen Sie Ihre G\u00e4nge in Gang! H\u00fcpfen Sie in diesem dreiteiligen Bikerkost\u00fcm auf Ihr Schwein! Die schwarzen Hosen im Bikini-Schnitt sind mit einem goldenen Rei\u00dfverschluss versehen, ebenso wie der passende Hut. Die schwarzen Manschetten erg\u00e4nzen das letzte Detail, um den Look zu vervollst\u00e4ndigen und Sie auf die offene Stra\u00dfe vorzubereiten.<\/p>\n<p>                    MODEL 71004-1S\/MM\/LL\/XL<br \/>\n                            Taillenumfang (cm)71-8181-9191 &#8211; 101<\/p>\n","protected":false},"featured_media":2691,"comment_status":"closed","ping_status":"closed","template":"","meta":{"site-sidebar-layout":"default","site-content-layout":"","ast-site-content-layout":"default","site-content-style":"default","site-sidebar-style":"default","ast-global-header-display":"","ast-banner-title-visibility":"","ast-main-header-display":"","ast-hfb-above-header-display":"","ast-hfb-below-header-display":"","ast-hfb-mobile-header-display":"","site-post-title":"","ast-breadcrumbs-content":"","ast-featured-img":"","footer-sml-layout":"","ast-disable-related-posts":"","theme-transparent-header-meta":"","adv-header-id-meta":"","stick-header-meta":"","header-above-stick-meta":"","header-main-stick-meta":"","header-below-stick-meta":"","astra-migrate-meta-layouts":"default","ast-page-background-enabled":"default","ast-page-background-meta":{"desktop":{"background-color":"var(--ast-global-color-4)","background-image":"","background-repeat":"repeat","background-position":"center center","background-size":"auto","background-attachment":"scroll","background-type":"","background-media":"","overlay-type":"","overlay-color":"","overlay-opacity":"","overlay-gradient":""},"tablet":{"background-color":"","background-image":"","background-repeat":"repeat","background-position":"center center","background-size":"auto","background-attachment":"scroll","background-type":"","background-media":"","overlay-type":"","overlay-color":"","overlay-opacity":"","overlay-gradient":""},"mobile":{"background-color":"","background-image":"","background-repeat":"repeat","background-position":"center center","background-size":"auto","background-attachment":"scroll","background-type":"","background-media":"","overlay-type":"","overlay-color":"","overlay-opacity":"","overlay-gradient":""}},"ast-content-background-meta":{"desktop":{"background-color":"var(--ast-global-color-5)","background-image":"","background-repeat":"repeat","background-position":"center center","background-size":"auto","background-attachment":"scroll","background-type":"","background-media":"","overlay-type":"","overlay-color":"","overlay-opacity":"","overlay-gradient":""},"tablet":{"background-color":"var(--ast-global-color-5)","background-image":"","background-repeat":"repeat","background-position":"center center","background-size":"auto","background-attachment":"scroll","background-type":"","background-media":"","overlay-type":"","overlay-color":"","overlay-opacity":"","overlay-gradient":""},"mobile":{"background-color":"var(--ast-global-color-5)","background-image":"","background-repeat":"repeat","background-position":"center center","background-size":"auto","background-attachment":"scroll","background-type":"","background-media":"","overlay-type":"","overlay-color":"","overlay-opacity":"","overlay-gradient":""}}},"product_brand":[],"product_cat":[119,21],"product_tag":[],"class_list":{"0":"post-15703","1":"product","2":"type-product","3":"status-publish","4":"has-post-thumbnail","6":"product_cat-mannerunterwasche-unterwasche","7":"product_cat-unterwasche","8":"pa_cloth-90-poliester-10-spandex","9":"pa_color-schwarz","10":"pa_size-l-xl","11":"pa_size-m-l","12":"desktop-align-center","13":"tablet-align-left","14":"mobile-align-left","15":"ast-product-gallery-layout-horizontal-slider","16":"ast-product-single-variable","17":"ast-product-tabs-layout-distributed","18":"ast-qv-on-image","20":"first","21":"instock","22":"taxable","23":"shipping-taxable","24":"purchasable","25":"product-type-variable"},"aioseo_notices":[],"_links":{"self":[{"href":"https:\/\/kapayou.ch\/index.php?rest_route=\/wp\/v2\/product\/15703","targetHints":{"allow":["GET"]}}],"collection":[{"href":"https:\/\/kapayou.ch\/index.php?rest_route=\/wp\/v2\/product"}],"about":[{"href":"https:\/\/kapayou.ch\/index.php?rest_route=\/wp\/v2\/types\/product"}],"replies":[{"embeddable":true,"href":"https:\/\/kapayou.ch\/index.php?rest_route=%2Fwp%2Fv2%2Fcomments&post=15703"}],"version-history":[{"count":1,"href":"https:\/\/kapayou.ch\/index.php?rest_route=\/wp\/v2\/product\/15703\/revisions"}],"predecessor-version":[{"id":18392,"href":"https:\/\/kapayou.ch\/index.php?rest_route=\/wp\/v2\/product\/15703\/revisions\/18392"}],"wp:featuredmedia":[{"embeddable":true,"href":"https:\/\/kapayou.ch\/index.php?rest_route=\/wp\/v2\/media\/2691"}],"wp:attachment":[{"href":"https:\/\/kapayou.ch\/index.php?rest_route=%2Fwp%2Fv2%2Fmedia&parent=15703"}],"wp:term":[{"taxonomy":"product_brand","embeddable":true,"href":"https:\/\/kapayou.ch\/index.php?rest_route=%2Fwp%2Fv2%2Fproduct_brand&post=15703"},{"taxonomy":"product_cat","embeddable":true,"href":"https:\/\/kapayou.ch\/index.php?rest_route=%2Fwp%2Fv2%2Fproduct_cat&post=15703"},{"taxonomy":"product_tag","embeddable":true,"href":"https:\/\/kapayou.ch\/index.php?rest_route=%2Fwp%2Fv2%2Fproduct_tag&post=15703"}],"curies":[{"name":"wp","href":"https:\/\/api.w.org\/{rel}","templated":true}]}}